{"id":14,"date":"2023-06-14T11:58:21","date_gmt":"2023-06-14T09:58:21","guid":{"rendered":"http:\/\/d.r4.wbsprt.com\/hronvodackymaraton.sk\/?page_id=14"},"modified":"2023-06-14T15:00:13","modified_gmt":"2023-06-14T13:00:13","slug":"elementor-14","status":"publish","type":"page","link":"https:\/\/d.r4.wbsprt.com\/hronvodackymaraton.sk\/elementor-14\/","title":{"rendered":"Pr\u00edbeh Mari\u00e1na Havl\u00ed\u010dka"},"content":{"rendered":"<p>Kr\u00e1sne a majest\u00e1tne slovensk\u00e9 hory \u010dasto vedia uk\u00e1za\u0165 svoju odvr\u00e1ten\u00fa tv\u00e1r. S touto tv\u00e1rou sa sp\u00e1ja aj tragick\u00fd osud kajak\u00e1ra, reprezentanta \u010cSSR vo vodnom slalome, Mari\u00e1na Havl\u00ed\u010dka. K\u00fdm v lete 1972 bojoval mlad\u00fd \u0161portovec o medaily na olympi\u00e1de v Mn\u00edchove, o nieko\u013eko mesiacov nesk\u00f4r bojoval o \u017eivot na hrebeni N\u00edzkych Tatier. Svoj boj prehral a jeho meno sa tak zap\u00edsalo do dlh\u00e9ho zoznamu obet\u00ed h\u00f4r. Mari\u00e1na Havl\u00ed\u010dka okrem kajak\u00e1rskeho memori\u00e1lu dlho pripom\u00ednal dreven\u00fd kr\u00ed\u017e na hrebeni pred vrchom Pra\u0161iv\u00e1.<\/p>\n<p><img loading=\"lazy\" decoding=\"async\" class=\"alignnone size-medium wp-image-163\" src=\"http:\/\/d.r4.wbsprt.com\/hronvodackymaraton.sk\/wp-content\/uploads\/2023\/06\/mh_1-194x300.jpg\" alt=\"\" width=\"194\" height=\"300\" srcset=\"http:\/\/d.r4.wbsprt.com\/hronvodackymaraton.sk\/wp-content\/uploads\/2023\/06\/mh_1-194x300.jpg 194w, http:\/\/d.r4.wbsprt.com\/hronvodackymaraton.sk\/wp-content\/uploads\/2023\/06\/mh_1-662x1024.jpg 662w, http:\/\/d.r4.wbsprt.com\/hronvodackymaraton.sk\/wp-content\/uploads\/2023\/06\/mh_1-768x1188.jpg 768w, http:\/\/d.r4.wbsprt.com\/hronvodackymaraton.sk\/wp-content\/uploads\/2023\/06\/mh_1.jpg 836w\" sizes=\"auto, (max-width: 194px) 100vw, 194px\" \/>\u00a0 \u00a0 \u00a0 \u00a0 <img loading=\"lazy\" decoding=\"async\" class=\"alignnone size-medium wp-image-162\" src=\"http:\/\/d.r4.wbsprt.com\/hronvodackymaraton.sk\/wp-content\/uploads\/2023\/06\/mh_2-300x194.jpg\" alt=\"\" width=\"300\" height=\"194\" srcset=\"http:\/\/d.r4.wbsprt.com\/hronvodackymaraton.sk\/wp-content\/uploads\/2023\/06\/mh_2-300x194.jpg 300w, http:\/\/d.r4.wbsprt.com\/hronvodackymaraton.sk\/wp-content\/uploads\/2023\/06\/mh_2-1024x661.jpg 1024w, http:\/\/d.r4.wbsprt.com\/hronvodackymaraton.sk\/wp-content\/uploads\/2023\/06\/mh_2-768x496.jpg 768w, http:\/\/d.r4.wbsprt.com\/hronvodackymaraton.sk\/wp-content\/uploads\/2023\/06\/mh_2.jpg 1218w\" sizes=\"auto, (max-width: 300px) 100vw, 300px\" \/><\/p>\n<p><img loading=\"lazy\" decoding=\"async\" class=\"alignnone size-medium wp-image-161\" src=\"http:\/\/d.r4.wbsprt.com\/hronvodackymaraton.sk\/wp-content\/uploads\/2023\/06\/mh_3-300x210.jpg\" alt=\"\" width=\"300\" height=\"210\" srcset=\"http:\/\/d.r4.wbsprt.com\/hronvodackymaraton.sk\/wp-content\/uploads\/2023\/06\/mh_3-300x210.jpg 300w, http:\/\/d.r4.wbsprt.com\/hronvodackymaraton.sk\/wp-content\/uploads\/2023\/06\/mh_3-1024x717.jpg 1024w, http:\/\/d.r4.wbsprt.com\/hronvodackymaraton.sk\/wp-content\/uploads\/2023\/06\/mh_3-768x537.jpg 768w, http:\/\/d.r4.wbsprt.com\/hronvodackymaraton.sk\/wp-content\/uploads\/2023\/06\/mh_3.jpg 1236w\" sizes=\"auto, (max-width: 300px) 100vw, 300px\" \/><\/p>\n<p><img loading=\"lazy\" decoding=\"async\" class=\"alignnone size-medium wp-image-150\" src=\"http:\/\/d.r4.wbsprt.com\/hronvodackymaraton.sk\/wp-content\/uploads\/2023\/06\/QeS0.20200919_112108_jpg-300x169.jpg\" alt=\"\" width=\"300\" height=\"169\" srcset=\"http:\/\/d.r4.wbsprt.com\/hronvodackymaraton.sk\/wp-content\/uploads\/2023\/06\/QeS0.20200919_112108_jpg-300x169.jpg 300w, http:\/\/d.r4.wbsprt.com\/hronvodackymaraton.sk\/wp-content\/uploads\/2023\/06\/QeS0.20200919_112108_jpg.jpg 700w\" sizes=\"auto, (max-width: 300px) 100vw, 300px\" \/><\/p>\n<p>&nbsp;<\/p>\n<p>Pam\u00e4tnica olympionika, ktor\u00fa zostavil Vojto Poto\u010dn\u00fd a graficky upravil Martin Vesel (obaja kajak\u00e1ri v KDV Sl\u00e1via UK Bratislava), je na stiahnutie <a href=\"http:\/\/klubdunajskychvodakov.sk\/pamatnica-mariana-havlicka.pdf\" target=\"_blank\" rel=\"noopener\"><strong>TU<\/strong><\/a>.<\/p>\n","protected":false},"excerpt":{"rendered":"<p>Kr\u00e1sne a majest\u00e1tne slovensk\u00e9 hory \u010dasto vedia uk\u00e1za\u0165 svoju odvr\u00e1ten\u00fa tv\u00e1r. S touto tv\u00e1rou sa sp\u00e1ja aj tragick\u00fd osud kajak\u00e1ra, reprezentanta \u010cSSR vo vodnom&#8230;<\/p>\n","protected":false},"author":1,"featured_media":0,"parent":0,"menu_order":0,"comment_status":"closed","ping_status":"closed","template":"","meta":{"_eb_attr":"","_mi_skip_tracking":false,"footnotes":""},"class_list":["post-14","page","type-page","status-publish","hentry"],"yoast_head":"<!-- This site is optimized with the Yoast SEO plugin v21.0 - https:\/\/yoast.com\/wordpress\/plugins\/seo\/ -->\n<title>Pr\u00edbeh Mari\u00e1na Havl\u00ed\u010dka - hronmaraton.sk<\/title>\n<meta name=\"robots\" content=\"index, follow, max-snippet:-1, max-image-preview:large, max-video-preview:-1\" \/>\n<link rel=\"canonical\" href=\"https:\/\/hronvodackymaraton.sk\/elementor-14\/\" \/>\n<meta property=\"og:locale\" content=\"sk_SK\" \/>\n<meta property=\"og:type\" content=\"article\" \/>\n<meta property=\"og:title\" content=\"Pr\u00edbeh Mari\u00e1na Havl\u00ed\u010dka - hronmaraton.sk\" \/>\n<meta property=\"og:description\" content=\"Kr\u00e1sne a majest\u00e1tne slovensk\u00e9 hory \u010dasto vedia uk\u00e1za\u0165 svoju odvr\u00e1ten\u00fa tv\u00e1r. S touto tv\u00e1rou sa sp\u00e1ja aj tragick\u00fd osud kajak\u00e1ra, reprezentanta \u010cSSR vo vodnom...\" \/>\n<meta property=\"og:url\" content=\"https:\/\/hronvodackymaraton.sk\/elementor-14\/\" \/>\n<meta property=\"og:site_name\" content=\"hronmaraton.sk\" \/>\n<meta property=\"article:modified_time\" content=\"2023-06-14T13:00:13+00:00\" \/>\n<meta property=\"og:image\" content=\"http:\/\/d.r4.wbsprt.com\/hronvodackymaraton.sk\/wp-content\/uploads\/2023\/06\/mh_1-194x300.jpg\" \/>\n<meta name=\"twitter:card\" content=\"summary_large_image\" \/>\n<meta name=\"twitter:label1\" content=\"Predpokladan\u00fd \u010das \u010d\u00edtania\" \/>\n\t<meta name=\"twitter:data1\" content=\"2 min\u00faty\" \/>\n<script type=\"application\/ld+json\" class=\"yoast-schema-graph\">{\"@context\":\"https:\/\/schema.org\",\"@graph\":[{\"@type\":\"WebPage\",\"@id\":\"https:\/\/hronvodackymaraton.sk\/elementor-14\/\",\"url\":\"https:\/\/hronvodackymaraton.sk\/elementor-14\/\",\"name\":\"Pr\u00edbeh Mari\u00e1na Havl\u00ed\u010dka - hronmaraton.sk\",\"isPartOf\":{\"@id\":\"https:\/\/hronvodackymaraton.sk\/#website\"},\"datePublished\":\"2023-06-14T09:58:21+00:00\",\"dateModified\":\"2023-06-14T13:00:13+00:00\",\"breadcrumb\":{\"@id\":\"https:\/\/hronvodackymaraton.sk\/elementor-14\/#breadcrumb\"},\"inLanguage\":\"sk-SK\",\"potentialAction\":[{\"@type\":\"ReadAction\",\"target\":[\"https:\/\/hronvodackymaraton.sk\/elementor-14\/\"]}]},{\"@type\":\"BreadcrumbList\",\"@id\":\"https:\/\/hronvodackymaraton.sk\/elementor-14\/#breadcrumb\",\"itemListElement\":[{\"@type\":\"ListItem\",\"position\":1,\"name\":\"Home\",\"item\":\"https:\/\/hronvodackymaraton.sk\/\"},{\"@type\":\"ListItem\",\"position\":2,\"name\":\"Pr\u00edbeh Mari\u00e1na Havl\u00ed\u010dka\"}]},{\"@type\":\"WebSite\",\"@id\":\"https:\/\/hronvodackymaraton.sk\/#website\",\"url\":\"https:\/\/hronvodackymaraton.sk\/\",\"name\":\"hronmaraton.sk\",\"description\":\"O cenu olympionika Mari\u00e1na Havl\u00ed\u010dka\",\"potentialAction\":[{\"@type\":\"SearchAction\",\"target\":{\"@type\":\"EntryPoint\",\"urlTemplate\":\"https:\/\/hronvodackymaraton.sk\/?s={search_term_string}\"},\"query-input\":\"required name=search_term_string\"}],\"inLanguage\":\"sk-SK\"}]}<\/script>\n<!-- \/ Yoast SEO plugin. -->","yoast_head_json":{"title":"Pr\u00edbeh Mari\u00e1na Havl\u00ed\u010dka - hronmaraton.sk","robots":{"index":"index","follow":"follow","max-snippet":"max-snippet:-1","max-image-preview":"max-image-preview:large","max-video-preview":"max-video-preview:-1"},"canonical":"https:\/\/hronvodackymaraton.sk\/elementor-14\/","og_locale":"sk_SK","og_type":"article","og_title":"Pr\u00edbeh Mari\u00e1na Havl\u00ed\u010dka - hronmaraton.sk","og_description":"Kr\u00e1sne a majest\u00e1tne slovensk\u00e9 hory \u010dasto vedia uk\u00e1za\u0165 svoju odvr\u00e1ten\u00fa tv\u00e1r. S touto tv\u00e1rou sa sp\u00e1ja aj tragick\u00fd osud kajak\u00e1ra, reprezentanta \u010cSSR vo vodnom...","og_url":"https:\/\/hronvodackymaraton.sk\/elementor-14\/","og_site_name":"hronmaraton.sk","article_modified_time":"2023-06-14T13:00:13+00:00","og_image":[{"url":"http:\/\/d.r4.wbsprt.com\/hronvodackymaraton.sk\/wp-content\/uploads\/2023\/06\/mh_1-194x300.jpg"}],"twitter_card":"summary_large_image","twitter_misc":{"Predpokladan\u00fd \u010das \u010d\u00edtania":"2 min\u00faty"},"schema":{"@context":"https:\/\/schema.org","@graph":[{"@type":"WebPage","@id":"https:\/\/hronvodackymaraton.sk\/elementor-14\/","url":"https:\/\/hronvodackymaraton.sk\/elementor-14\/","name":"Pr\u00edbeh Mari\u00e1na Havl\u00ed\u010dka - hronmaraton.sk","isPartOf":{"@id":"https:\/\/hronvodackymaraton.sk\/#website"},"datePublished":"2023-06-14T09:58:21+00:00","dateModified":"2023-06-14T13:00:13+00:00","breadcrumb":{"@id":"https:\/\/hronvodackymaraton.sk\/elementor-14\/#breadcrumb"},"inLanguage":"sk-SK","potentialAction":[{"@type":"ReadAction","target":["https:\/\/hronvodackymaraton.sk\/elementor-14\/"]}]},{"@type":"BreadcrumbList","@id":"https:\/\/hronvodackymaraton.sk\/elementor-14\/#breadcrumb","itemListElement":[{"@type":"ListItem","position":1,"name":"Home","item":"https:\/\/hronvodackymaraton.sk\/"},{"@type":"ListItem","position":2,"name":"Pr\u00edbeh Mari\u00e1na Havl\u00ed\u010dka"}]},{"@type":"WebSite","@id":"https:\/\/hronvodackymaraton.sk\/#website","url":"https:\/\/hronvodackymaraton.sk\/","name":"hronmaraton.sk","description":"O cenu olympionika Mari\u00e1na Havl\u00ed\u010dka","potentialAction":[{"@type":"SearchAction","target":{"@type":"EntryPoint","urlTemplate":"https:\/\/hronvodackymaraton.sk\/?s={search_term_string}"},"query-input":"required name=search_term_string"}],"inLanguage":"sk-SK"}]}},"_links":{"self":[{"href":"https:\/\/d.r4.wbsprt.com\/hronvodackymaraton.sk\/wp-json\/wp\/v2\/pages\/14","targetHints":{"allow":["GET"]}}],"collection":[{"href":"https:\/\/d.r4.wbsprt.com\/hronvodackymaraton.sk\/wp-json\/wp\/v2\/pages"}],"about":[{"href":"https:\/\/d.r4.wbsprt.com\/hronvodackymaraton.sk\/wp-json\/wp\/v2\/types\/page"}],"author":[{"embeddable":true,"href":"https:\/\/d.r4.wbsprt.com\/hronvodackymaraton.sk\/wp-json\/wp\/v2\/users\/1"}],"replies":[{"embeddable":true,"href":"https:\/\/d.r4.wbsprt.com\/hronvodackymaraton.sk\/wp-json\/wp\/v2\/comments?post=14"}],"version-history":[{"count":6,"href":"https:\/\/d.r4.wbsprt.com\/hronvodackymaraton.sk\/wp-json\/wp\/v2\/pages\/14\/revisions"}],"predecessor-version":[{"id":165,"href":"https:\/\/d.r4.wbsprt.com\/hronvodackymaraton.sk\/wp-json\/wp\/v2\/pages\/14\/revisions\/165"}],"wp:attachment":[{"href":"https:\/\/d.r4.wbsprt.com\/hronvodackymaraton.sk\/wp-json\/wp\/v2\/media?parent=14"}],"curies":[{"name":"wp","href":"https:\/\/api.w.org\/{rel}","templated":true}]}}