{"id":177,"date":"2023-06-15T08:55:29","date_gmt":"2023-06-15T06:55:29","guid":{"rendered":"https:\/\/d.r4.wbsprt.com\/hronvodackymaraton.sk\/?page_id=177"},"modified":"2023-06-16T14:20:09","modified_gmt":"2023-06-16T12:20:09","slug":"galeria","status":"publish","type":"page","link":"https:\/\/d.r4.wbsprt.com\/hronvodackymaraton.sk\/galeria\/","title":{"rendered":"Mari\u00e1n Havl\u00ed\u010dek"},"content":{"rendered":"<figure class=\"gallery-item\"><a href=\"http:\/\/d.r4.wbsprt.com\/hronvodackymaraton.sk\/wp-content\/uploads\/2023\/06\/mh_1.jpg\" data-elementor-open-lightbox=\"yes\" data-elementor-lightbox-slideshow=\"e757541\" data-elementor-lightbox-title=\"mh_1\" data-e-action-hash=\"#elementor-action%3Aaction%3Dlightbox%26settings%3DeyJpZCI6MTYzLCJ1cmwiOiJodHRwOlwvXC9kLnI0Lndic3BydC5jb21cL2hyb252b2RhY2t5bWFyYXRvbi5za1wvd3AtY29udGVudFwvdXBsb2Fkc1wvMjAyM1wvMDZcL21oXzEuanBnIiwic2xpZGVzaG93IjoiZTc1NzU0MSJ9\"><img loading=\"lazy\" decoding=\"async\" src=\"http:\/\/d.r4.wbsprt.com\/hronvodackymaraton.sk\/wp-content\/uploads\/2023\/06\/mh_1-150x150.jpg\" alt=\"\" width=\"150\" height=\"150\" aria-describedby=\"gallery-3-163\" \/><\/a><figcaption id=\"gallery-3-163\" class=\"wp-caption-text gallery-caption\">Mari\u00e1n Havl\u00ed\u010dek<\/figcaption><\/figure>\n<figure class=\"gallery-item\"><a href=\"http:\/\/d.r4.wbsprt.com\/hronvodackymaraton.sk\/wp-content\/uploads\/2023\/06\/mh_3.jpg\" data-elementor-open-lightbox=\"yes\" data-elementor-lightbox-slideshow=\"e757541\" data-elementor-lightbox-title=\"mh_3\" data-e-action-hash=\"#elementor-action%3Aaction%3Dlightbox%26settings%3DeyJpZCI6MTYxLCJ1cmwiOiJodHRwOlwvXC9kLnI0Lndic3BydC5jb21cL2hyb252b2RhY2t5bWFyYXRvbi5za1wvd3AtY29udGVudFwvdXBsb2Fkc1wvMjAyM1wvMDZcL21oXzMuanBnIiwic2xpZGVzaG93IjoiZTc1NzU0MSJ9\"><img loading=\"lazy\" decoding=\"async\" src=\"http:\/\/d.r4.wbsprt.com\/hronvodackymaraton.sk\/wp-content\/uploads\/2023\/06\/mh_3-150x150.jpg\" alt=\"\" width=\"150\" height=\"150\" aria-describedby=\"gallery-3-161\" \/><\/a><figcaption id=\"gallery-3-161\" class=\"wp-caption-text gallery-caption\">Mari\u00e1n Havl\u00ed\u010dek<\/figcaption><\/figure>\n<figure class=\"gallery-item\"><a href=\"http:\/\/d.r4.wbsprt.com\/hronvodackymaraton.sk\/wp-content\/uploads\/2023\/06\/mh_2-1.jpg\" data-elementor-open-lightbox=\"yes\" data-elementor-lightbox-slideshow=\"e757541\" data-elementor-lightbox-title=\"mh_2\" data-e-action-hash=\"#elementor-action%3Aaction%3Dlightbox%26settings%3DeyJpZCI6MjIwLCJ1cmwiOiJodHRwOlwvXC9kLnI0Lndic3BydC5jb21cL2hyb252b2RhY2t5bWFyYXRvbi5za1wvd3AtY29udGVudFwvdXBsb2Fkc1wvMjAyM1wvMDZcL21oXzItMS5qcGciLCJzbGlkZXNob3ciOiJlNzU3NTQxIn0%3D\"><img loading=\"lazy\" decoding=\"async\" src=\"http:\/\/d.r4.wbsprt.com\/hronvodackymaraton.sk\/wp-content\/uploads\/2023\/06\/mh_2-1-150x150.jpg\" alt=\"\" width=\"150\" height=\"150\" \/><\/a><\/figure>\n<figure class=\"gallery-item\"><a href=\"http:\/\/d.r4.wbsprt.com\/hronvodackymaraton.sk\/wp-content\/uploads\/2023\/06\/QeS0.20200919_112108_jpg.jpg\" data-elementor-open-lightbox=\"yes\" data-elementor-lightbox-slideshow=\"e757541\" data-elementor-lightbox-title=\"QeS0.20200919_112108_jpg\" data-e-action-hash=\"#elementor-action%3Aaction%3Dlightbox%26settings%3DeyJpZCI6MTUwLCJ1cmwiOiJodHRwOlwvXC9kLnI0Lndic3BydC5jb21cL2hyb252b2RhY2t5bWFyYXRvbi5za1wvd3AtY29udGVudFwvdXBsb2Fkc1wvMjAyM1wvMDZcL1FlUzAuMjAyMDA5MTlfMTEyMTA4X2pwZy5qcGciLCJzbGlkZXNob3ciOiJlNzU3NTQxIn0%3D\"><img loading=\"lazy\" decoding=\"async\" src=\"http:\/\/d.r4.wbsprt.com\/hronvodackymaraton.sk\/wp-content\/uploads\/2023\/06\/QeS0.20200919_112108_jpg-150x150.jpg\" alt=\"\" width=\"150\" height=\"150\" aria-describedby=\"gallery-3-150\" \/><\/a><figcaption id=\"gallery-3-150\" class=\"wp-caption-text gallery-caption\">Mari\u00e1n Havl\u00ed\u010dek<\/figcaption><\/figure>\n","protected":false},"excerpt":{"rendered":"<p>Mari\u00e1n Havl\u00ed\u010dek Mari\u00e1n Havl\u00ed\u010dek Mari\u00e1n Havl\u00ed\u010dek<\/p>\n","protected":false},"author":1,"featured_media":0,"parent":0,"menu_order":0,"comment_status":"closed","ping_status":"closed","template":"","meta":{"_eb_attr":"","_mi_skip_tracking":false,"footnotes":""},"class_list":["post-177","page","type-page","status-publish","hentry"],"yoast_head":"<!-- This site is optimized with the Yoast SEO plugin v21.0 - https:\/\/yoast.com\/wordpress\/plugins\/seo\/ -->\n<title>Mari\u00e1n Havl\u00ed\u010dek - hronmaraton.sk<\/title>\n<meta name=\"robots\" content=\"index, follow, max-snippet:-1, max-image-preview:large, max-video-preview:-1\" \/>\n<link rel=\"canonical\" href=\"https:\/\/hronvodackymaraton.sk\/galeria\/\" \/>\n<meta property=\"og:locale\" content=\"sk_SK\" \/>\n<meta property=\"og:type\" content=\"article\" \/>\n<meta property=\"og:title\" content=\"Mari\u00e1n Havl\u00ed\u010dek - hronmaraton.sk\" \/>\n<meta property=\"og:description\" content=\"Mari\u00e1n Havl\u00ed\u010dek Mari\u00e1n Havl\u00ed\u010dek Mari\u00e1n Havl\u00ed\u010dek\" \/>\n<meta property=\"og:url\" content=\"https:\/\/hronvodackymaraton.sk\/galeria\/\" \/>\n<meta property=\"og:site_name\" content=\"hronmaraton.sk\" \/>\n<meta property=\"article:modified_time\" content=\"2023-06-16T12:20:09+00:00\" \/>\n<meta property=\"og:image\" content=\"http:\/\/d.r4.wbsprt.com\/hronvodackymaraton.sk\/wp-content\/uploads\/2023\/06\/mh_1-150x150.jpg\" \/>\n<meta name=\"twitter:card\" content=\"summary_large_image\" \/>\n<meta name=\"twitter:label1\" content=\"Predpokladan\u00fd \u010das \u010d\u00edtania\" \/>\n\t<meta name=\"twitter:data1\" content=\"1 min\u00fata\" \/>\n<script type=\"application\/ld+json\" class=\"yoast-schema-graph\">{\"@context\":\"https:\/\/schema.org\",\"@graph\":[{\"@type\":\"WebPage\",\"@id\":\"https:\/\/hronvodackymaraton.sk\/galeria\/\",\"url\":\"https:\/\/hronvodackymaraton.sk\/galeria\/\",\"name\":\"Mari\u00e1n Havl\u00ed\u010dek - hronmaraton.sk\",\"isPartOf\":{\"@id\":\"https:\/\/hronvodackymaraton.sk\/#website\"},\"datePublished\":\"2023-06-15T06:55:29+00:00\",\"dateModified\":\"2023-06-16T12:20:09+00:00\",\"breadcrumb\":{\"@id\":\"https:\/\/hronvodackymaraton.sk\/galeria\/#breadcrumb\"},\"inLanguage\":\"sk-SK\",\"potentialAction\":[{\"@type\":\"ReadAction\",\"target\":[\"https:\/\/hronvodackymaraton.sk\/galeria\/\"]}]},{\"@type\":\"BreadcrumbList\",\"@id\":\"https:\/\/hronvodackymaraton.sk\/galeria\/#breadcrumb\",\"itemListElement\":[{\"@type\":\"ListItem\",\"position\":1,\"name\":\"Home\",\"item\":\"https:\/\/hronvodackymaraton.sk\/\"},{\"@type\":\"ListItem\",\"position\":2,\"name\":\"Mari\u00e1n Havl\u00ed\u010dek\"}]},{\"@type\":\"WebSite\",\"@id\":\"https:\/\/hronvodackymaraton.sk\/#website\",\"url\":\"https:\/\/hronvodackymaraton.sk\/\",\"name\":\"hronmaraton.sk\",\"description\":\"O cenu olympionika Mari\u00e1na Havl\u00ed\u010dka\",\"potentialAction\":[{\"@type\":\"SearchAction\",\"target\":{\"@type\":\"EntryPoint\",\"urlTemplate\":\"https:\/\/hronvodackymaraton.sk\/?s={search_term_string}\"},\"query-input\":\"required name=search_term_string\"}],\"inLanguage\":\"sk-SK\"}]}<\/script>\n<!-- \/ Yoast SEO plugin. -->","yoast_head_json":{"title":"Mari\u00e1n Havl\u00ed\u010dek - hronmaraton.sk","robots":{"index":"index","follow":"follow","max-snippet":"max-snippet:-1","max-image-preview":"max-image-preview:large","max-video-preview":"max-video-preview:-1"},"canonical":"https:\/\/hronvodackymaraton.sk\/galeria\/","og_locale":"sk_SK","og_type":"article","og_title":"Mari\u00e1n Havl\u00ed\u010dek - hronmaraton.sk","og_description":"Mari\u00e1n Havl\u00ed\u010dek Mari\u00e1n Havl\u00ed\u010dek Mari\u00e1n Havl\u00ed\u010dek","og_url":"https:\/\/hronvodackymaraton.sk\/galeria\/","og_site_name":"hronmaraton.sk","article_modified_time":"2023-06-16T12:20:09+00:00","og_image":[{"url":"http:\/\/d.r4.wbsprt.com\/hronvodackymaraton.sk\/wp-content\/uploads\/2023\/06\/mh_1-150x150.jpg"}],"twitter_card":"summary_large_image","twitter_misc":{"Predpokladan\u00fd \u010das \u010d\u00edtania":"1 min\u00fata"},"schema":{"@context":"https:\/\/schema.org","@graph":[{"@type":"WebPage","@id":"https:\/\/hronvodackymaraton.sk\/galeria\/","url":"https:\/\/hronvodackymaraton.sk\/galeria\/","name":"Mari\u00e1n Havl\u00ed\u010dek - hronmaraton.sk","isPartOf":{"@id":"https:\/\/hronvodackymaraton.sk\/#website"},"datePublished":"2023-06-15T06:55:29+00:00","dateModified":"2023-06-16T12:20:09+00:00","breadcrumb":{"@id":"https:\/\/hronvodackymaraton.sk\/galeria\/#breadcrumb"},"inLanguage":"sk-SK","potentialAction":[{"@type":"ReadAction","target":["https:\/\/hronvodackymaraton.sk\/galeria\/"]}]},{"@type":"BreadcrumbList","@id":"https:\/\/hronvodackymaraton.sk\/galeria\/#breadcrumb","itemListElement":[{"@type":"ListItem","position":1,"name":"Home","item":"https:\/\/hronvodackymaraton.sk\/"},{"@type":"ListItem","position":2,"name":"Mari\u00e1n Havl\u00ed\u010dek"}]},{"@type":"WebSite","@id":"https:\/\/hronvodackymaraton.sk\/#website","url":"https:\/\/hronvodackymaraton.sk\/","name":"hronmaraton.sk","description":"O cenu olympionika Mari\u00e1na Havl\u00ed\u010dka","potentialAction":[{"@type":"SearchAction","target":{"@type":"EntryPoint","urlTemplate":"https:\/\/hronvodackymaraton.sk\/?s={search_term_string}"},"query-input":"required name=search_term_string"}],"inLanguage":"sk-SK"}]}},"_links":{"self":[{"href":"https:\/\/d.r4.wbsprt.com\/hronvodackymaraton.sk\/wp-json\/wp\/v2\/pages\/177","targetHints":{"allow":["GET"]}}],"collection":[{"href":"https:\/\/d.r4.wbsprt.com\/hronvodackymaraton.sk\/wp-json\/wp\/v2\/pages"}],"about":[{"href":"https:\/\/d.r4.wbsprt.com\/hronvodackymaraton.sk\/wp-json\/wp\/v2\/types\/page"}],"author":[{"embeddable":true,"href":"https:\/\/d.r4.wbsprt.com\/hronvodackymaraton.sk\/wp-json\/wp\/v2\/users\/1"}],"replies":[{"embeddable":true,"href":"https:\/\/d.r4.wbsprt.com\/hronvodackymaraton.sk\/wp-json\/wp\/v2\/comments?post=177"}],"version-history":[{"count":6,"href":"https:\/\/d.r4.wbsprt.com\/hronvodackymaraton.sk\/wp-json\/wp\/v2\/pages\/177\/revisions"}],"predecessor-version":[{"id":286,"href":"https:\/\/d.r4.wbsprt.com\/hronvodackymaraton.sk\/wp-json\/wp\/v2\/pages\/177\/revisions\/286"}],"wp:attachment":[{"href":"https:\/\/d.r4.wbsprt.com\/hronvodackymaraton.sk\/wp-json\/wp\/v2\/media?parent=177"}],"curies":[{"name":"wp","href":"https:\/\/api.w.org\/{rel}","templated":true}]}}