{"id":258,"date":"2023-06-16T14:06:30","date_gmt":"2023-06-16T12:06:30","guid":{"rendered":"https:\/\/d.r4.wbsprt.com\/hronvodackymaraton.sk\/?page_id=258"},"modified":"2023-06-18T06:02:41","modified_gmt":"2023-06-18T04:02:41","slug":"galeria-2","status":"publish","type":"page","link":"https:\/\/d.r4.wbsprt.com\/hronvodackymaraton.sk\/galeria-2\/","title":{"rendered":"HVM 2023"},"content":{"rendered":"<figure class='gallery-item'>\n\t\t\t\t<a data-elementor-open-lightbox=\"yes\" data-elementor-lightbox-slideshow=\"635a6ce\" data-elementor-lightbox-title=\"medaila\" data-e-action-hash=\"#elementor-action%3Aaction%3Dlightbox%26settings%3DeyJpZCI6MzEsInVybCI6Imh0dHA6XC9cL2QucjQud2JzcHJ0LmNvbVwvaHJvbnZvZGFja3ltYXJhdG9uLnNrXC93cC1jb250ZW50XC91cGxvYWRzXC8yMDIzXC8wNVwvbWVkYWlsYS0xLmpwZyIsInNsaWRlc2hvdyI6IjYzNWE2Y2UifQ%3D%3D\" href='http:\/\/d.r4.wbsprt.com\/hronvodackymaraton.sk\/wp-content\/uploads\/2023\/05\/medaila-1.jpg'><img width=\"150\" height=\"150\" src=\"http:\/\/d.r4.wbsprt.com\/hronvodackymaraton.sk\/wp-content\/uploads\/2023\/05\/medaila-1-150x150.jpg\" alt=\"\" decoding=\"async\" loading=\"lazy\" \/><\/a><br \/>\n\t\t\t<\/figure>\n<figure class='gallery-item'>\n\t\t\t\t<a data-elementor-open-lightbox=\"yes\" data-elementor-lightbox-slideshow=\"635a6ce\" data-elementor-lightbox-title=\"P1030051\" data-e-action-hash=\"#elementor-action%3Aaction%3Dlightbox%26settings%3DeyJpZCI6MzA0LCJ1cmwiOiJodHRwOlwvXC9kLnI0Lndic3BydC5jb21cL2hyb252b2RhY2t5bWFyYXRvbi5za1wvd3AtY29udGVudFwvdXBsb2Fkc1wvMjAyM1wvMDZcL1AxMDMwMDUxLmpwZyIsInNsaWRlc2hvdyI6IjYzNWE2Y2UifQ%3D%3D\" href='http:\/\/d.r4.wbsprt.com\/hronvodackymaraton.sk\/wp-content\/uploads\/2023\/06\/P1030051.jpg'><img width=\"150\" height=\"150\" src=\"http:\/\/d.r4.wbsprt.com\/hronvodackymaraton.sk\/wp-content\/uploads\/2023\/06\/P1030051-150x150.jpg\" alt=\"\" decoding=\"async\" loading=\"lazy\" \/><\/a><br \/>\n\t\t\t<\/figure>\n<figure class='gallery-item'>\n\t\t\t\t<a data-elementor-open-lightbox=\"yes\" data-elementor-lightbox-slideshow=\"635a6ce\" data-elementor-lightbox-title=\"P1030055\" data-e-action-hash=\"#elementor-action%3Aaction%3Dlightbox%26settings%3DeyJpZCI6MzA1LCJ1cmwiOiJodHRwOlwvXC9kLnI0Lndic3BydC5jb21cL2hyb252b2RhY2t5bWFyYXRvbi5za1wvd3AtY29udGVudFwvdXBsb2Fkc1wvMjAyM1wvMDZcL1AxMDMwMDU1LmpwZyIsInNsaWRlc2hvdyI6IjYzNWE2Y2UifQ%3D%3D\" href='http:\/\/d.r4.wbsprt.com\/hronvodackymaraton.sk\/wp-content\/uploads\/2023\/06\/P1030055.jpg'><img width=\"150\" height=\"150\" src=\"http:\/\/d.r4.wbsprt.com\/hronvodackymaraton.sk\/wp-content\/uploads\/2023\/06\/P1030055-150x150.jpg\" alt=\"\" decoding=\"async\" loading=\"lazy\" \/><\/a><br \/>\n\t\t\t<\/figure>\n<figure class='gallery-item'>\n\t\t\t\t<a data-elementor-open-lightbox=\"yes\" data-elementor-lightbox-slideshow=\"635a6ce\" data-elementor-lightbox-title=\"P1030057\" data-e-action-hash=\"#elementor-action%3Aaction%3Dlightbox%26settings%3DeyJpZCI6MzA2LCJ1cmwiOiJodHRwOlwvXC9kLnI0Lndic3BydC5jb21cL2hyb252b2RhY2t5bWFyYXRvbi5za1wvd3AtY29udGVudFwvdXBsb2Fkc1wvMjAyM1wvMDZcL1AxMDMwMDU3LmpwZyIsInNsaWRlc2hvdyI6IjYzNWE2Y2UifQ%3D%3D\" href='http:\/\/d.r4.wbsprt.com\/hronvodackymaraton.sk\/wp-content\/uploads\/2023\/06\/P1030057.jpg'><img width=\"150\" height=\"150\" src=\"http:\/\/d.r4.wbsprt.com\/hronvodackymaraton.sk\/wp-content\/uploads\/2023\/06\/P1030057-150x150.jpg\" alt=\"\" decoding=\"async\" loading=\"lazy\" \/><\/a><br \/>\n\t\t\t<\/figure>\n<figure class='gallery-item'>\n\t\t\t\t<a data-elementor-open-lightbox=\"yes\" data-elementor-lightbox-slideshow=\"635a6ce\" data-elementor-lightbox-title=\"P1030062\" data-e-action-hash=\"#elementor-action%3Aaction%3Dlightbox%26settings%3DeyJpZCI6MzA3LCJ1cmwiOiJodHRwOlwvXC9kLnI0Lndic3BydC5jb21cL2hyb252b2RhY2t5bWFyYXRvbi5za1wvd3AtY29udGVudFwvdXBsb2Fkc1wvMjAyM1wvMDZcL1AxMDMwMDYyLmpwZyIsInNsaWRlc2hvdyI6IjYzNWE2Y2UifQ%3D%3D\" href='http:\/\/d.r4.wbsprt.com\/hronvodackymaraton.sk\/wp-content\/uploads\/2023\/06\/P1030062.jpg'><img width=\"150\" height=\"150\" src=\"http:\/\/d.r4.wbsprt.com\/hronvodackymaraton.sk\/wp-content\/uploads\/2023\/06\/P1030062-150x150.jpg\" alt=\"\" decoding=\"async\" loading=\"lazy\" \/><\/a><br \/>\n\t\t\t<\/figure>\n<figure class='gallery-item'>\n\t\t\t\t<a data-elementor-open-lightbox=\"yes\" data-elementor-lightbox-slideshow=\"635a6ce\" data-elementor-lightbox-title=\"P1030063\" data-e-action-hash=\"#elementor-action%3Aaction%3Dlightbox%26settings%3DeyJpZCI6MzA4LCJ1cmwiOiJodHRwOlwvXC9kLnI0Lndic3BydC5jb21cL2hyb252b2RhY2t5bWFyYXRvbi5za1wvd3AtY29udGVudFwvdXBsb2Fkc1wvMjAyM1wvMDZcL1AxMDMwMDYzLmpwZyIsInNsaWRlc2hvdyI6IjYzNWE2Y2UifQ%3D%3D\" href='http:\/\/d.r4.wbsprt.com\/hronvodackymaraton.sk\/wp-content\/uploads\/2023\/06\/P1030063.jpg'><img width=\"150\" height=\"150\" src=\"http:\/\/d.r4.wbsprt.com\/hronvodackymaraton.sk\/wp-content\/uploads\/2023\/06\/P1030063-150x150.jpg\" alt=\"\" decoding=\"async\" loading=\"lazy\" \/><\/a><br \/>\n\t\t\t<\/figure>\n<figure class='gallery-item'>\n\t\t\t\t<a data-elementor-open-lightbox=\"yes\" data-elementor-lightbox-slideshow=\"635a6ce\" data-elementor-lightbox-title=\"P1030065\" data-e-action-hash=\"#elementor-action%3Aaction%3Dlightbox%26settings%3DeyJpZCI6MzA5LCJ1cmwiOiJodHRwOlwvXC9kLnI0Lndic3BydC5jb21cL2hyb252b2RhY2t5bWFyYXRvbi5za1wvd3AtY29udGVudFwvdXBsb2Fkc1wvMjAyM1wvMDZcL1AxMDMwMDY1LmpwZyIsInNsaWRlc2hvdyI6IjYzNWE2Y2UifQ%3D%3D\" href='http:\/\/d.r4.wbsprt.com\/hronvodackymaraton.sk\/wp-content\/uploads\/2023\/06\/P1030065.jpg'><img width=\"150\" height=\"150\" src=\"http:\/\/d.r4.wbsprt.com\/hronvodackymaraton.sk\/wp-content\/uploads\/2023\/06\/P1030065-150x150.jpg\" alt=\"\" decoding=\"async\" loading=\"lazy\" \/><\/a><br \/>\n\t\t\t<\/figure>\n<figure class='gallery-item'>\n\t\t\t\t<a data-elementor-open-lightbox=\"yes\" data-elementor-lightbox-slideshow=\"635a6ce\" data-elementor-lightbox-title=\"P1030067\" data-e-action-hash=\"#elementor-action%3Aaction%3Dlightbox%26settings%3DeyJpZCI6MzEwLCJ1cmwiOiJodHRwOlwvXC9kLnI0Lndic3BydC5jb21cL2hyb252b2RhY2t5bWFyYXRvbi5za1wvd3AtY29udGVudFwvdXBsb2Fkc1wvMjAyM1wvMDZcL1AxMDMwMDY3LmpwZyIsInNsaWRlc2hvdyI6IjYzNWE2Y2UifQ%3D%3D\" href='http:\/\/d.r4.wbsprt.com\/hronvodackymaraton.sk\/wp-content\/uploads\/2023\/06\/P1030067.jpg'><img width=\"150\" height=\"150\" src=\"http:\/\/d.r4.wbsprt.com\/hronvodackymaraton.sk\/wp-content\/uploads\/2023\/06\/P1030067-150x150.jpg\" alt=\"\" decoding=\"async\" loading=\"lazy\" \/><\/a><br \/>\n\t\t\t<\/figure>\n<figure class='gallery-item'>\n\t\t\t\t<a data-elementor-open-lightbox=\"yes\" data-elementor-lightbox-slideshow=\"635a6ce\" data-elementor-lightbox-title=\"P1030069\" data-e-action-hash=\"#elementor-action%3Aaction%3Dlightbox%26settings%3DeyJpZCI6MzExLCJ1cmwiOiJodHRwOlwvXC9kLnI0Lndic3BydC5jb21cL2hyb252b2RhY2t5bWFyYXRvbi5za1wvd3AtY29udGVudFwvdXBsb2Fkc1wvMjAyM1wvMDZcL1AxMDMwMDY5LmpwZyIsInNsaWRlc2hvdyI6IjYzNWE2Y2UifQ%3D%3D\" href='http:\/\/d.r4.wbsprt.com\/hronvodackymaraton.sk\/wp-content\/uploads\/2023\/06\/P1030069.jpg'><img width=\"150\" height=\"150\" src=\"http:\/\/d.r4.wbsprt.com\/hronvodackymaraton.sk\/wp-content\/uploads\/2023\/06\/P1030069-150x150.jpg\" alt=\"\" decoding=\"async\" loading=\"lazy\" \/><\/a><br \/>\n\t\t\t<\/figure>\n<figure class='gallery-item'>\n\t\t\t\t<a data-elementor-open-lightbox=\"yes\" data-elementor-lightbox-slideshow=\"635a6ce\" data-elementor-lightbox-title=\"P1030073\" data-e-action-hash=\"#elementor-action%3Aaction%3Dlightbox%26settings%3DeyJpZCI6MzEyLCJ1cmwiOiJodHRwOlwvXC9kLnI0Lndic3BydC5jb21cL2hyb252b2RhY2t5bWFyYXRvbi5za1wvd3AtY29udGVudFwvdXBsb2Fkc1wvMjAyM1wvMDZcL1AxMDMwMDczLmpwZyIsInNsaWRlc2hvdyI6IjYzNWE2Y2UifQ%3D%3D\" href='http:\/\/d.r4.wbsprt.com\/hronvodackymaraton.sk\/wp-content\/uploads\/2023\/06\/P1030073.jpg'><img width=\"150\" height=\"150\" src=\"http:\/\/d.r4.wbsprt.com\/hronvodackymaraton.sk\/wp-content\/uploads\/2023\/06\/P1030073-150x150.jpg\" alt=\"\" decoding=\"async\" loading=\"lazy\" \/><\/a><br \/>\n\t\t\t<\/figure>\n<figure class='gallery-item'>\n\t\t\t\t<a data-elementor-open-lightbox=\"yes\" data-elementor-lightbox-slideshow=\"635a6ce\" data-elementor-lightbox-title=\"P1030077\" data-e-action-hash=\"#elementor-action%3Aaction%3Dlightbox%26settings%3DeyJpZCI6MzEzLCJ1cmwiOiJodHRwOlwvXC9kLnI0Lndic3BydC5jb21cL2hyb252b2RhY2t5bWFyYXRvbi5za1wvd3AtY29udGVudFwvdXBsb2Fkc1wvMjAyM1wvMDZcL1AxMDMwMDc3LmpwZyIsInNsaWRlc2hvdyI6IjYzNWE2Y2UifQ%3D%3D\" href='http:\/\/d.r4.wbsprt.com\/hronvodackymaraton.sk\/wp-content\/uploads\/2023\/06\/P1030077.jpg'><img width=\"150\" height=\"150\" src=\"http:\/\/d.r4.wbsprt.com\/hronvodackymaraton.sk\/wp-content\/uploads\/2023\/06\/P1030077-150x150.jpg\" alt=\"\" decoding=\"async\" loading=\"lazy\" \/><\/a><br \/>\n\t\t\t<\/figure>\n<figure class='gallery-item'>\n\t\t\t\t<a data-elementor-open-lightbox=\"yes\" data-elementor-lightbox-slideshow=\"635a6ce\" data-elementor-lightbox-title=\"P1030079\" data-e-action-hash=\"#elementor-action%3Aaction%3Dlightbox%26settings%3DeyJpZCI6MzE0LCJ1cmwiOiJodHRwOlwvXC9kLnI0Lndic3BydC5jb21cL2hyb252b2RhY2t5bWFyYXRvbi5za1wvd3AtY29udGVudFwvdXBsb2Fkc1wvMjAyM1wvMDZcL1AxMDMwMDc5LmpwZyIsInNsaWRlc2hvdyI6IjYzNWE2Y2UifQ%3D%3D\" href='http:\/\/d.r4.wbsprt.com\/hronvodackymaraton.sk\/wp-content\/uploads\/2023\/06\/P1030079.jpg'><img width=\"150\" height=\"150\" src=\"http:\/\/d.r4.wbsprt.com\/hronvodackymaraton.sk\/wp-content\/uploads\/2023\/06\/P1030079-150x150.jpg\" alt=\"\" decoding=\"async\" loading=\"lazy\" \/><\/a><br \/>\n\t\t\t<\/figure>\n","protected":false},"excerpt":{"rendered":"","protected":false},"author":1,"featured_media":0,"parent":0,"menu_order":0,"comment_status":"closed","ping_status":"closed","template":"","meta":{"_eb_attr":"","_mi_skip_tracking":false,"footnotes":""},"class_list":["post-258","page","type-page","status-publish","hentry"],"yoast_head":"<!-- This site is optimized with the Yoast SEO plugin v21.0 - https:\/\/yoast.com\/wordpress\/plugins\/seo\/ -->\n<title>HVM 2023 - hronmaraton.sk<\/title>\n<meta name=\"robots\" content=\"index, follow, max-snippet:-1, max-image-preview:large, max-video-preview:-1\" \/>\n<link rel=\"canonical\" href=\"https:\/\/hronvodackymaraton.sk\/galeria-2\/\" \/>\n<meta property=\"og:locale\" content=\"sk_SK\" \/>\n<meta property=\"og:type\" content=\"article\" \/>\n<meta property=\"og:title\" content=\"HVM 2023 - hronmaraton.sk\" \/>\n<meta property=\"og:url\" content=\"https:\/\/hronvodackymaraton.sk\/galeria-2\/\" \/>\n<meta property=\"og:site_name\" content=\"hronmaraton.sk\" \/>\n<meta property=\"article:modified_time\" content=\"2023-06-18T04:02:41+00:00\" \/>\n<meta property=\"og:image\" content=\"http:\/\/d.r4.wbsprt.com\/hronvodackymaraton.sk\/wp-content\/uploads\/2023\/05\/medaila-1-150x150.jpg\" \/>\n<meta name=\"twitter:card\" content=\"summary_large_image\" \/>\n<meta name=\"twitter:label1\" content=\"Predpokladan\u00fd \u010das \u010d\u00edtania\" \/>\n\t<meta name=\"twitter:data1\" content=\"1 min\u00fata\" \/>\n<script type=\"application\/ld+json\" class=\"yoast-schema-graph\">{\"@context\":\"https:\/\/schema.org\",\"@graph\":[{\"@type\":\"WebPage\",\"@id\":\"https:\/\/hronvodackymaraton.sk\/galeria-2\/\",\"url\":\"https:\/\/hronvodackymaraton.sk\/galeria-2\/\",\"name\":\"HVM 2023 - hronmaraton.sk\",\"isPartOf\":{\"@id\":\"https:\/\/hronvodackymaraton.sk\/#website\"},\"datePublished\":\"2023-06-16T12:06:30+00:00\",\"dateModified\":\"2023-06-18T04:02:41+00:00\",\"breadcrumb\":{\"@id\":\"https:\/\/hronvodackymaraton.sk\/galeria-2\/#breadcrumb\"},\"inLanguage\":\"sk-SK\",\"potentialAction\":[{\"@type\":\"ReadAction\",\"target\":[\"https:\/\/hronvodackymaraton.sk\/galeria-2\/\"]}]},{\"@type\":\"BreadcrumbList\",\"@id\":\"https:\/\/hronvodackymaraton.sk\/galeria-2\/#breadcrumb\",\"itemListElement\":[{\"@type\":\"ListItem\",\"position\":1,\"name\":\"Home\",\"item\":\"https:\/\/hronvodackymaraton.sk\/\"},{\"@type\":\"ListItem\",\"position\":2,\"name\":\"HVM 2023\"}]},{\"@type\":\"WebSite\",\"@id\":\"https:\/\/hronvodackymaraton.sk\/#website\",\"url\":\"https:\/\/hronvodackymaraton.sk\/\",\"name\":\"hronmaraton.sk\",\"description\":\"O cenu olympionika Mari\u00e1na Havl\u00ed\u010dka\",\"potentialAction\":[{\"@type\":\"SearchAction\",\"target\":{\"@type\":\"EntryPoint\",\"urlTemplate\":\"https:\/\/hronvodackymaraton.sk\/?s={search_term_string}\"},\"query-input\":\"required name=search_term_string\"}],\"inLanguage\":\"sk-SK\"}]}<\/script>\n<!-- \/ Yoast SEO plugin. -->","yoast_head_json":{"title":"HVM 2023 - hronmaraton.sk","robots":{"index":"index","follow":"follow","max-snippet":"max-snippet:-1","max-image-preview":"max-image-preview:large","max-video-preview":"max-video-preview:-1"},"canonical":"https:\/\/hronvodackymaraton.sk\/galeria-2\/","og_locale":"sk_SK","og_type":"article","og_title":"HVM 2023 - hronmaraton.sk","og_url":"https:\/\/hronvodackymaraton.sk\/galeria-2\/","og_site_name":"hronmaraton.sk","article_modified_time":"2023-06-18T04:02:41+00:00","og_image":[{"url":"http:\/\/d.r4.wbsprt.com\/hronvodackymaraton.sk\/wp-content\/uploads\/2023\/05\/medaila-1-150x150.jpg"}],"twitter_card":"summary_large_image","twitter_misc":{"Predpokladan\u00fd \u010das \u010d\u00edtania":"1 min\u00fata"},"schema":{"@context":"https:\/\/schema.org","@graph":[{"@type":"WebPage","@id":"https:\/\/hronvodackymaraton.sk\/galeria-2\/","url":"https:\/\/hronvodackymaraton.sk\/galeria-2\/","name":"HVM 2023 - hronmaraton.sk","isPartOf":{"@id":"https:\/\/hronvodackymaraton.sk\/#website"},"datePublished":"2023-06-16T12:06:30+00:00","dateModified":"2023-06-18T04:02:41+00:00","breadcrumb":{"@id":"https:\/\/hronvodackymaraton.sk\/galeria-2\/#breadcrumb"},"inLanguage":"sk-SK","potentialAction":[{"@type":"ReadAction","target":["https:\/\/hronvodackymaraton.sk\/galeria-2\/"]}]},{"@type":"BreadcrumbList","@id":"https:\/\/hronvodackymaraton.sk\/galeria-2\/#breadcrumb","itemListElement":[{"@type":"ListItem","position":1,"name":"Home","item":"https:\/\/hronvodackymaraton.sk\/"},{"@type":"ListItem","position":2,"name":"HVM 2023"}]},{"@type":"WebSite","@id":"https:\/\/hronvodackymaraton.sk\/#website","url":"https:\/\/hronvodackymaraton.sk\/","name":"hronmaraton.sk","description":"O cenu olympionika Mari\u00e1na Havl\u00ed\u010dka","potentialAction":[{"@type":"SearchAction","target":{"@type":"EntryPoint","urlTemplate":"https:\/\/hronvodackymaraton.sk\/?s={search_term_string}"},"query-input":"required name=search_term_string"}],"inLanguage":"sk-SK"}]}},"_links":{"self":[{"href":"https:\/\/d.r4.wbsprt.com\/hronvodackymaraton.sk\/wp-json\/wp\/v2\/pages\/258","targetHints":{"allow":["GET"]}}],"collection":[{"href":"https:\/\/d.r4.wbsprt.com\/hronvodackymaraton.sk\/wp-json\/wp\/v2\/pages"}],"about":[{"href":"https:\/\/d.r4.wbsprt.com\/hronvodackymaraton.sk\/wp-json\/wp\/v2\/types\/page"}],"author":[{"embeddable":true,"href":"https:\/\/d.r4.wbsprt.com\/hronvodackymaraton.sk\/wp-json\/wp\/v2\/users\/1"}],"replies":[{"embeddable":true,"href":"https:\/\/d.r4.wbsprt.com\/hronvodackymaraton.sk\/wp-json\/wp\/v2\/comments?post=258"}],"version-history":[{"count":6,"href":"https:\/\/d.r4.wbsprt.com\/hronvodackymaraton.sk\/wp-json\/wp\/v2\/pages\/258\/revisions"}],"predecessor-version":[{"id":317,"href":"https:\/\/d.r4.wbsprt.com\/hronvodackymaraton.sk\/wp-json\/wp\/v2\/pages\/258\/revisions\/317"}],"wp:attachment":[{"href":"https:\/\/d.r4.wbsprt.com\/hronvodackymaraton.sk\/wp-json\/wp\/v2\/media?parent=258"}],"curies":[{"name":"wp","href":"https:\/\/api.w.org\/{rel}","templated":true}]}}