{"id":266,"date":"2023-06-16T14:10:37","date_gmt":"2023-06-16T12:10:37","guid":{"rendered":"https:\/\/d.r4.wbsprt.com\/hronvodackymaraton.sk\/?page_id=266"},"modified":"2023-06-27T19:44:28","modified_gmt":"2023-06-27T17:44:28","slug":"galerie","status":"publish","type":"page","link":"https:\/\/d.r4.wbsprt.com\/hronvodackymaraton.sk\/galerie\/","title":{"rendered":"Gal\u00e9rie"},"content":{"rendered":"<ul>\n<li><a href=\"https:\/\/d.r4.wbsprt.com\/hronvodackymaraton.sk\/?page_id=177\">Mari\u00e1n Havl\u00ed\u010dek<\/a><\/li>\n<li><a href=\"https:\/\/d.r4.wbsprt.com\/hronvodackymaraton.sk\/?page_id=270\">Historick\u00e9 foto<\/a>\n<ul>\n<li><a href=\"https:\/\/d.r4.wbsprt.com\/hronvodackymaraton.sk\/?page_id=396\" target=\"_blank\" rel=\"noopener\">Arch\u00edv K. Gachalla<\/a><\/li>\n<\/ul>\n<\/li>\n<li><a href=\"https:\/\/d.r4.wbsprt.com\/hronvodackymaraton.sk\/?page_id=278\">R\u00f4zne<\/a><\/li>\n<li><a href=\"https:\/\/d.r4.wbsprt.com\/hronvodackymaraton.sk\/?page_id=258\">HVM 2023<\/a>\n<ul>\n<li><a href=\"https:\/\/d.r4.wbsprt.com\/hronvodackymaraton.sk\/?page_id=330\" target=\"_blank\" rel=\"noopener\">Foto Milan Vollmann<\/a><\/li>\n<li><a href=\"https:\/\/d.r4.wbsprt.com\/hronvodackymaraton.sk\/?page_id=355\" target=\"_blank\" rel=\"noopener\">Foto Anna Mathiasov\u00e1<\/a><\/li>\n<\/ul>\n<\/li>\n<\/ul>\n","protected":false},"excerpt":{"rendered":"<p>Mari\u00e1n Havl\u00ed\u010dek Historick\u00e9 foto Arch\u00edv K. Gachalla R\u00f4zne HVM 2023 Foto Milan Vollmann Foto Anna Mathiasov\u00e1<\/p>\n","protected":false},"author":1,"featured_media":0,"parent":0,"menu_order":0,"comment_status":"closed","ping_status":"closed","template":"","meta":{"_eb_attr":"","_mi_skip_tracking":false,"footnotes":""},"class_list":["post-266","page","type-page","status-publish","hentry"],"yoast_head":"<!-- This site is optimized with the Yoast SEO plugin v21.0 - https:\/\/yoast.com\/wordpress\/plugins\/seo\/ -->\n<title>Gal\u00e9rie - hronmaraton.sk<\/title>\n<meta name=\"robots\" content=\"index, follow, max-snippet:-1, max-image-preview:large, max-video-preview:-1\" \/>\n<link rel=\"canonical\" href=\"https:\/\/hronvodackymaraton.sk\/galerie\/\" \/>\n<meta property=\"og:locale\" content=\"sk_SK\" \/>\n<meta property=\"og:type\" content=\"article\" \/>\n<meta property=\"og:title\" content=\"Gal\u00e9rie - hronmaraton.sk\" \/>\n<meta property=\"og:description\" content=\"Mari\u00e1n Havl\u00ed\u010dek Historick\u00e9 foto Arch\u00edv K. Gachalla R\u00f4zne HVM 2023 Foto Milan Vollmann Foto Anna Mathiasov\u00e1\" \/>\n<meta property=\"og:url\" content=\"https:\/\/hronvodackymaraton.sk\/galerie\/\" \/>\n<meta property=\"og:site_name\" content=\"hronmaraton.sk\" \/>\n<meta property=\"article:modified_time\" content=\"2023-06-27T17:44:28+00:00\" \/>\n<meta name=\"twitter:card\" content=\"summary_large_image\" \/>\n<meta name=\"twitter:label1\" content=\"Predpokladan\u00fd \u010das \u010d\u00edtania\" \/>\n\t<meta name=\"twitter:data1\" content=\"1 min\u00fata\" \/>\n<script type=\"application\/ld+json\" class=\"yoast-schema-graph\">{\"@context\":\"https:\/\/schema.org\",\"@graph\":[{\"@type\":\"WebPage\",\"@id\":\"https:\/\/hronvodackymaraton.sk\/galerie\/\",\"url\":\"https:\/\/hronvodackymaraton.sk\/galerie\/\",\"name\":\"Gal\u00e9rie - hronmaraton.sk\",\"isPartOf\":{\"@id\":\"https:\/\/hronvodackymaraton.sk\/#website\"},\"datePublished\":\"2023-06-16T12:10:37+00:00\",\"dateModified\":\"2023-06-27T17:44:28+00:00\",\"breadcrumb\":{\"@id\":\"https:\/\/hronvodackymaraton.sk\/galerie\/#breadcrumb\"},\"inLanguage\":\"sk-SK\",\"potentialAction\":[{\"@type\":\"ReadAction\",\"target\":[\"https:\/\/hronvodackymaraton.sk\/galerie\/\"]}]},{\"@type\":\"BreadcrumbList\",\"@id\":\"https:\/\/hronvodackymaraton.sk\/galerie\/#breadcrumb\",\"itemListElement\":[{\"@type\":\"ListItem\",\"position\":1,\"name\":\"Home\",\"item\":\"https:\/\/hronvodackymaraton.sk\/\"},{\"@type\":\"ListItem\",\"position\":2,\"name\":\"Gal\u00e9rie\"}]},{\"@type\":\"WebSite\",\"@id\":\"https:\/\/hronvodackymaraton.sk\/#website\",\"url\":\"https:\/\/hronvodackymaraton.sk\/\",\"name\":\"hronmaraton.sk\",\"description\":\"O cenu olympionika Mari\u00e1na Havl\u00ed\u010dka\",\"potentialAction\":[{\"@type\":\"SearchAction\",\"target\":{\"@type\":\"EntryPoint\",\"urlTemplate\":\"https:\/\/hronvodackymaraton.sk\/?s={search_term_string}\"},\"query-input\":\"required name=search_term_string\"}],\"inLanguage\":\"sk-SK\"}]}<\/script>\n<!-- \/ Yoast SEO plugin. -->","yoast_head_json":{"title":"Gal\u00e9rie - hronmaraton.sk","robots":{"index":"index","follow":"follow","max-snippet":"max-snippet:-1","max-image-preview":"max-image-preview:large","max-video-preview":"max-video-preview:-1"},"canonical":"https:\/\/hronvodackymaraton.sk\/galerie\/","og_locale":"sk_SK","og_type":"article","og_title":"Gal\u00e9rie - hronmaraton.sk","og_description":"Mari\u00e1n Havl\u00ed\u010dek Historick\u00e9 foto Arch\u00edv K. Gachalla R\u00f4zne HVM 2023 Foto Milan Vollmann Foto Anna Mathiasov\u00e1","og_url":"https:\/\/hronvodackymaraton.sk\/galerie\/","og_site_name":"hronmaraton.sk","article_modified_time":"2023-06-27T17:44:28+00:00","twitter_card":"summary_large_image","twitter_misc":{"Predpokladan\u00fd \u010das \u010d\u00edtania":"1 min\u00fata"},"schema":{"@context":"https:\/\/schema.org","@graph":[{"@type":"WebPage","@id":"https:\/\/hronvodackymaraton.sk\/galerie\/","url":"https:\/\/hronvodackymaraton.sk\/galerie\/","name":"Gal\u00e9rie - hronmaraton.sk","isPartOf":{"@id":"https:\/\/hronvodackymaraton.sk\/#website"},"datePublished":"2023-06-16T12:10:37+00:00","dateModified":"2023-06-27T17:44:28+00:00","breadcrumb":{"@id":"https:\/\/hronvodackymaraton.sk\/galerie\/#breadcrumb"},"inLanguage":"sk-SK","potentialAction":[{"@type":"ReadAction","target":["https:\/\/hronvodackymaraton.sk\/galerie\/"]}]},{"@type":"BreadcrumbList","@id":"https:\/\/hronvodackymaraton.sk\/galerie\/#breadcrumb","itemListElement":[{"@type":"ListItem","position":1,"name":"Home","item":"https:\/\/hronvodackymaraton.sk\/"},{"@type":"ListItem","position":2,"name":"Gal\u00e9rie"}]},{"@type":"WebSite","@id":"https:\/\/hronvodackymaraton.sk\/#website","url":"https:\/\/hronvodackymaraton.sk\/","name":"hronmaraton.sk","description":"O cenu olympionika Mari\u00e1na Havl\u00ed\u010dka","potentialAction":[{"@type":"SearchAction","target":{"@type":"EntryPoint","urlTemplate":"https:\/\/hronvodackymaraton.sk\/?s={search_term_string}"},"query-input":"required name=search_term_string"}],"inLanguage":"sk-SK"}]}},"_links":{"self":[{"href":"https:\/\/d.r4.wbsprt.com\/hronvodackymaraton.sk\/wp-json\/wp\/v2\/pages\/266","targetHints":{"allow":["GET"]}}],"collection":[{"href":"https:\/\/d.r4.wbsprt.com\/hronvodackymaraton.sk\/wp-json\/wp\/v2\/pages"}],"about":[{"href":"https:\/\/d.r4.wbsprt.com\/hronvodackymaraton.sk\/wp-json\/wp\/v2\/types\/page"}],"author":[{"embeddable":true,"href":"https:\/\/d.r4.wbsprt.com\/hronvodackymaraton.sk\/wp-json\/wp\/v2\/users\/1"}],"replies":[{"embeddable":true,"href":"https:\/\/d.r4.wbsprt.com\/hronvodackymaraton.sk\/wp-json\/wp\/v2\/comments?post=266"}],"version-history":[{"count":7,"href":"https:\/\/d.r4.wbsprt.com\/hronvodackymaraton.sk\/wp-json\/wp\/v2\/pages\/266\/revisions"}],"predecessor-version":[{"id":418,"href":"https:\/\/d.r4.wbsprt.com\/hronvodackymaraton.sk\/wp-json\/wp\/v2\/pages\/266\/revisions\/418"}],"wp:attachment":[{"href":"https:\/\/d.r4.wbsprt.com\/hronvodackymaraton.sk\/wp-json\/wp\/v2\/media?parent=266"}],"curies":[{"name":"wp","href":"https:\/\/api.w.org\/{rel}","templated":true}]}}