{"id":270,"date":"2023-06-16T14:13:19","date_gmt":"2023-06-16T12:13:19","guid":{"rendered":"https:\/\/d.r4.wbsprt.com\/hronvodackymaraton.sk\/?page_id=270"},"modified":"2023-06-16T14:19:49","modified_gmt":"2023-06-16T12:19:49","slug":"galeria-historicke-foto","status":"publish","type":"page","link":"https:\/\/d.r4.wbsprt.com\/hronvodackymaraton.sk\/galeria-historicke-foto\/","title":{"rendered":"Historick\u00e9 foto"},"content":{"rendered":"<style>\/*! elementor - v3.13.2 - 11-05-2023 *\/<br \/>\n.elementor-image-gallery .gallery-item{display:inline-block;text-align:center;vertical-align:top;width:100%;max-width:100%;margin:0 auto}.elementor-image-gallery .gallery-item img{margin:0 auto}.elementor-image-gallery .gallery-item .gallery-caption{margin:0}.elementor-image-gallery figure img{display:block}.elementor-image-gallery figure figcaption{width:100%}.gallery-spacing-custom .elementor-image-gallery .gallery-icon{padding:0}@media (min-width:768px){.elementor-image-gallery .gallery-columns-2 .gallery-item{max-width:50%}.elementor-image-gallery .gallery-columns-3 .gallery-item{max-width:33.33%}.elementor-image-gallery .gallery-columns-4 .gallery-item{max-width:25%}.elementor-image-gallery .gallery-columns-5 .gallery-item{max-width:20%}.elementor-image-gallery .gallery-columns-6 .gallery-item{max-width:16.666%}.elementor-image-gallery .gallery-columns-7 .gallery-item{max-width:14.28%}.elementor-image-gallery .gallery-columns-8 .gallery-item{max-width:12.5%}.elementor-image-gallery .gallery-columns-9 .gallery-item{max-width:11.11%}.elementor-image-gallery .gallery-columns-10 .gallery-item{max-width:10%}}@media (min-width:480px) and (max-width:767px){.elementor-image-gallery .gallery.gallery-columns-2 .gallery-item,.elementor-image-gallery .gallery.gallery-columns-3 .gallery-item,.elementor-image-gallery .gallery.gallery-columns-4 .gallery-item,.elementor-image-gallery .gallery.gallery-columns-5 .gallery-item,.elementor-image-gallery .gallery.gallery-columns-6 .gallery-item,.elementor-image-gallery .gallery.gallery-columns-7 .gallery-item,.elementor-image-gallery .gallery.gallery-columns-8 .gallery-item,.elementor-image-gallery .gallery.gallery-columns-9 .gallery-item,.elementor-image-gallery .gallery.gallery-columns-10 .gallery-item{max-width:50%}}@media (max-width:479px){.elementor-image-gallery .gallery.gallery-columns-2 .gallery-item,.elementor-image-gallery .gallery.gallery-columns-3 .gallery-item,.elementor-image-gallery .gallery.gallery-columns-4 .gallery-item,.elementor-image-gallery .gallery.gallery-columns-5 .gallery-item,.elementor-image-gallery .gallery.gallery-columns-6 .gallery-item,.elementor-image-gallery .gallery.gallery-columns-7 .gallery-item,.elementor-image-gallery .gallery.gallery-columns-8 .gallery-item,.elementor-image-gallery .gallery.gallery-columns-9 .gallery-item,.elementor-image-gallery .gallery.gallery-columns-10 .gallery-item{max-width:100%}}<\/style>\n<figure class=\"gallery-item\"><a href=\"http:\/\/d.r4.wbsprt.com\/hronvodackymaraton.sk\/wp-content\/uploads\/2023\/06\/mh_2.jpg\" data-elementor-open-lightbox=\"yes\" data-elementor-lightbox-slideshow=\"150eeb8\" data-elementor-lightbox-title=\"mh_2\" data-e-action-hash=\"#elementor-action%3Aaction%3Dlightbox%26settings%3DeyJpZCI6MTYyLCJ1cmwiOiJodHRwOlwvXC9kLnI0Lndic3BydC5jb21cL2hyb252b2RhY2t5bWFyYXRvbi5za1wvd3AtY29udGVudFwvdXBsb2Fkc1wvMjAyM1wvMDZcL21oXzIuanBnIiwic2xpZGVzaG93IjoiMTUwZWViOCJ9\"><img loading=\"lazy\" decoding=\"async\" src=\"http:\/\/d.r4.wbsprt.com\/hronvodackymaraton.sk\/wp-content\/uploads\/2023\/06\/mh_2-150x150.jpg\" alt=\"\" width=\"150\" height=\"150\" aria-describedby=\"gallery-1-162\" \/><\/a><figcaption id=\"gallery-1-162\" class=\"wp-caption-text gallery-caption\">Mari\u00e1n Havl\u00ed\u010dek<\/figcaption><\/figure>\n","protected":false},"excerpt":{"rendered":"<p>Mari\u00e1n Havl\u00ed\u010dek<\/p>\n","protected":false},"author":1,"featured_media":0,"parent":0,"menu_order":0,"comment_status":"closed","ping_status":"closed","template":"","meta":{"_eb_attr":"","_mi_skip_tracking":false,"footnotes":""},"class_list":["post-270","page","type-page","status-publish","hentry"],"yoast_head":"<!-- This site is optimized with the Yoast SEO plugin v21.0 - https:\/\/yoast.com\/wordpress\/plugins\/seo\/ -->\n<title>Historick\u00e9 foto - hronmaraton.sk<\/title>\n<meta name=\"robots\" content=\"index, follow, max-snippet:-1, max-image-preview:large, max-video-preview:-1\" \/>\n<link rel=\"canonical\" href=\"https:\/\/hronvodackymaraton.sk\/galeria-historicke-foto\/\" \/>\n<meta property=\"og:locale\" content=\"sk_SK\" \/>\n<meta property=\"og:type\" content=\"article\" \/>\n<meta property=\"og:title\" content=\"Historick\u00e9 foto - hronmaraton.sk\" \/>\n<meta property=\"og:description\" content=\"Mari\u00e1n Havl\u00ed\u010dek\" \/>\n<meta property=\"og:url\" content=\"https:\/\/hronvodackymaraton.sk\/galeria-historicke-foto\/\" \/>\n<meta property=\"og:site_name\" content=\"hronmaraton.sk\" \/>\n<meta property=\"article:modified_time\" content=\"2023-06-16T12:19:49+00:00\" \/>\n<meta property=\"og:image\" content=\"http:\/\/d.r4.wbsprt.com\/hronvodackymaraton.sk\/wp-content\/uploads\/2023\/06\/mh_2-150x150.jpg\" \/>\n<meta name=\"twitter:card\" content=\"summary_large_image\" \/>\n<meta name=\"twitter:label1\" content=\"Predpokladan\u00fd \u010das \u010d\u00edtania\" \/>\n\t<meta name=\"twitter:data1\" content=\"1 min\u00fata\" \/>\n<script type=\"application\/ld+json\" class=\"yoast-schema-graph\">{\"@context\":\"https:\/\/schema.org\",\"@graph\":[{\"@type\":\"WebPage\",\"@id\":\"https:\/\/hronvodackymaraton.sk\/galeria-historicke-foto\/\",\"url\":\"https:\/\/hronvodackymaraton.sk\/galeria-historicke-foto\/\",\"name\":\"Historick\u00e9 foto - hronmaraton.sk\",\"isPartOf\":{\"@id\":\"https:\/\/hronvodackymaraton.sk\/#website\"},\"datePublished\":\"2023-06-16T12:13:19+00:00\",\"dateModified\":\"2023-06-16T12:19:49+00:00\",\"breadcrumb\":{\"@id\":\"https:\/\/hronvodackymaraton.sk\/galeria-historicke-foto\/#breadcrumb\"},\"inLanguage\":\"sk-SK\",\"potentialAction\":[{\"@type\":\"ReadAction\",\"target\":[\"https:\/\/hronvodackymaraton.sk\/galeria-historicke-foto\/\"]}]},{\"@type\":\"BreadcrumbList\",\"@id\":\"https:\/\/hronvodackymaraton.sk\/galeria-historicke-foto\/#breadcrumb\",\"itemListElement\":[{\"@type\":\"ListItem\",\"position\":1,\"name\":\"Home\",\"item\":\"https:\/\/hronvodackymaraton.sk\/\"},{\"@type\":\"ListItem\",\"position\":2,\"name\":\"Historick\u00e9 foto\"}]},{\"@type\":\"WebSite\",\"@id\":\"https:\/\/hronvodackymaraton.sk\/#website\",\"url\":\"https:\/\/hronvodackymaraton.sk\/\",\"name\":\"hronmaraton.sk\",\"description\":\"O cenu olympionika Mari\u00e1na Havl\u00ed\u010dka\",\"potentialAction\":[{\"@type\":\"SearchAction\",\"target\":{\"@type\":\"EntryPoint\",\"urlTemplate\":\"https:\/\/hronvodackymaraton.sk\/?s={search_term_string}\"},\"query-input\":\"required name=search_term_string\"}],\"inLanguage\":\"sk-SK\"}]}<\/script>\n<!-- \/ Yoast SEO plugin. -->","yoast_head_json":{"title":"Historick\u00e9 foto - hronmaraton.sk","robots":{"index":"index","follow":"follow","max-snippet":"max-snippet:-1","max-image-preview":"max-image-preview:large","max-video-preview":"max-video-preview:-1"},"canonical":"https:\/\/hronvodackymaraton.sk\/galeria-historicke-foto\/","og_locale":"sk_SK","og_type":"article","og_title":"Historick\u00e9 foto - hronmaraton.sk","og_description":"Mari\u00e1n Havl\u00ed\u010dek","og_url":"https:\/\/hronvodackymaraton.sk\/galeria-historicke-foto\/","og_site_name":"hronmaraton.sk","article_modified_time":"2023-06-16T12:19:49+00:00","og_image":[{"url":"http:\/\/d.r4.wbsprt.com\/hronvodackymaraton.sk\/wp-content\/uploads\/2023\/06\/mh_2-150x150.jpg"}],"twitter_card":"summary_large_image","twitter_misc":{"Predpokladan\u00fd \u010das \u010d\u00edtania":"1 min\u00fata"},"schema":{"@context":"https:\/\/schema.org","@graph":[{"@type":"WebPage","@id":"https:\/\/hronvodackymaraton.sk\/galeria-historicke-foto\/","url":"https:\/\/hronvodackymaraton.sk\/galeria-historicke-foto\/","name":"Historick\u00e9 foto - hronmaraton.sk","isPartOf":{"@id":"https:\/\/hronvodackymaraton.sk\/#website"},"datePublished":"2023-06-16T12:13:19+00:00","dateModified":"2023-06-16T12:19:49+00:00","breadcrumb":{"@id":"https:\/\/hronvodackymaraton.sk\/galeria-historicke-foto\/#breadcrumb"},"inLanguage":"sk-SK","potentialAction":[{"@type":"ReadAction","target":["https:\/\/hronvodackymaraton.sk\/galeria-historicke-foto\/"]}]},{"@type":"BreadcrumbList","@id":"https:\/\/hronvodackymaraton.sk\/galeria-historicke-foto\/#breadcrumb","itemListElement":[{"@type":"ListItem","position":1,"name":"Home","item":"https:\/\/hronvodackymaraton.sk\/"},{"@type":"ListItem","position":2,"name":"Historick\u00e9 foto"}]},{"@type":"WebSite","@id":"https:\/\/hronvodackymaraton.sk\/#website","url":"https:\/\/hronvodackymaraton.sk\/","name":"hronmaraton.sk","description":"O cenu olympionika Mari\u00e1na Havl\u00ed\u010dka","potentialAction":[{"@type":"SearchAction","target":{"@type":"EntryPoint","urlTemplate":"https:\/\/hronvodackymaraton.sk\/?s={search_term_string}"},"query-input":"required name=search_term_string"}],"inLanguage":"sk-SK"}]}},"_links":{"self":[{"href":"https:\/\/d.r4.wbsprt.com\/hronvodackymaraton.sk\/wp-json\/wp\/v2\/pages\/270","targetHints":{"allow":["GET"]}}],"collection":[{"href":"https:\/\/d.r4.wbsprt.com\/hronvodackymaraton.sk\/wp-json\/wp\/v2\/pages"}],"about":[{"href":"https:\/\/d.r4.wbsprt.com\/hronvodackymaraton.sk\/wp-json\/wp\/v2\/types\/page"}],"author":[{"embeddable":true,"href":"https:\/\/d.r4.wbsprt.com\/hronvodackymaraton.sk\/wp-json\/wp\/v2\/users\/1"}],"replies":[{"embeddable":true,"href":"https:\/\/d.r4.wbsprt.com\/hronvodackymaraton.sk\/wp-json\/wp\/v2\/comments?post=270"}],"version-history":[{"count":4,"href":"https:\/\/d.r4.wbsprt.com\/hronvodackymaraton.sk\/wp-json\/wp\/v2\/pages\/270\/revisions"}],"predecessor-version":[{"id":285,"href":"https:\/\/d.r4.wbsprt.com\/hronvodackymaraton.sk\/wp-json\/wp\/v2\/pages\/270\/revisions\/285"}],"wp:attachment":[{"href":"https:\/\/d.r4.wbsprt.com\/hronvodackymaraton.sk\/wp-json\/wp\/v2\/media?parent=270"}],"curies":[{"name":"wp","href":"https:\/\/api.w.org\/{rel}","templated":true}]}}