{"id":278,"date":"2023-06-16T14:16:35","date_gmt":"2023-06-16T12:16:35","guid":{"rendered":"https:\/\/d.r4.wbsprt.com\/hronvodackymaraton.sk\/?page_id=278"},"modified":"2023-06-16T14:20:31","modified_gmt":"2023-06-16T12:20:31","slug":"galeria-rozne","status":"publish","type":"page","link":"https:\/\/d.r4.wbsprt.com\/hronvodackymaraton.sk\/galeria-rozne\/","title":{"rendered":"R\u00f4zne"},"content":{"rendered":"<style>\/*! elementor - v3.13.2 - 11-05-2023 *\/<br \/>\n.elementor-image-gallery .gallery-item{display:inline-block;text-align:center;vertical-align:top;width:100%;max-width:100%;margin:0 auto}.elementor-image-gallery .gallery-item img{margin:0 auto}.elementor-image-gallery .gallery-item .gallery-caption{margin:0}.elementor-image-gallery figure img{display:block}.elementor-image-gallery figure figcaption{width:100%}.gallery-spacing-custom .elementor-image-gallery .gallery-icon{padding:0}@media (min-width:768px){.elementor-image-gallery .gallery-columns-2 .gallery-item{max-width:50%}.elementor-image-gallery .gallery-columns-3 .gallery-item{max-width:33.33%}.elementor-image-gallery .gallery-columns-4 .gallery-item{max-width:25%}.elementor-image-gallery .gallery-columns-5 .gallery-item{max-width:20%}.elementor-image-gallery .gallery-columns-6 .gallery-item{max-width:16.666%}.elementor-image-gallery .gallery-columns-7 .gallery-item{max-width:14.28%}.elementor-image-gallery .gallery-columns-8 .gallery-item{max-width:12.5%}.elementor-image-gallery .gallery-columns-9 .gallery-item{max-width:11.11%}.elementor-image-gallery .gallery-columns-10 .gallery-item{max-width:10%}}@media (min-width:480px) and (max-width:767px){.elementor-image-gallery .gallery.gallery-columns-2 .gallery-item,.elementor-image-gallery .gallery.gallery-columns-3 .gallery-item,.elementor-image-gallery .gallery.gallery-columns-4 .gallery-item,.elementor-image-gallery .gallery.gallery-columns-5 .gallery-item,.elementor-image-gallery .gallery.gallery-columns-6 .gallery-item,.elementor-image-gallery .gallery.gallery-columns-7 .gallery-item,.elementor-image-gallery .gallery.gallery-columns-8 .gallery-item,.elementor-image-gallery .gallery.gallery-columns-9 .gallery-item,.elementor-image-gallery .gallery.gallery-columns-10 .gallery-item{max-width:50%}}@media (max-width:479px){.elementor-image-gallery .gallery.gallery-columns-2 .gallery-item,.elementor-image-gallery .gallery.gallery-columns-3 .gallery-item,.elementor-image-gallery .gallery.gallery-columns-4 .gallery-item,.elementor-image-gallery .gallery.gallery-columns-5 .gallery-item,.elementor-image-gallery .gallery.gallery-columns-6 .gallery-item,.elementor-image-gallery .gallery.gallery-columns-7 .gallery-item,.elementor-image-gallery .gallery.gallery-columns-8 .gallery-item,.elementor-image-gallery .gallery.gallery-columns-9 .gallery-item,.elementor-image-gallery .gallery.gallery-columns-10 .gallery-item{max-width:100%}}<\/style>\n<figure class=\"gallery-item\"><a href=\"http:\/\/d.r4.wbsprt.com\/hronvodackymaraton.sk\/wp-content\/uploads\/2023\/06\/IMG-20230515-MM_2_orez.jpg\" data-elementor-open-lightbox=\"yes\" data-elementor-lightbox-slideshow=\"db8f231\" data-elementor-lightbox-title=\"IMG-20230515-MM_2_orez\" data-e-action-hash=\"#elementor-action%3Aaction%3Dlightbox%26settings%3DeyJpZCI6MjM2LCJ1cmwiOiJodHRwOlwvXC9kLnI0Lndic3BydC5jb21cL2hyb252b2RhY2t5bWFyYXRvbi5za1wvd3AtY29udGVudFwvdXBsb2Fkc1wvMjAyM1wvMDZcL0lNRy0yMDIzMDUxNS1NTV8yX29yZXouanBnIiwic2xpZGVzaG93IjoiZGI4ZjIzMSJ9\"><img loading=\"lazy\" decoding=\"async\" src=\"http:\/\/d.r4.wbsprt.com\/hronvodackymaraton.sk\/wp-content\/uploads\/2023\/06\/IMG-20230515-MM_2_orez-150x150.jpg\" alt=\"\" width=\"150\" height=\"150\" \/><\/a><\/figure>\n<figure class=\"gallery-item\"><a href=\"http:\/\/d.r4.wbsprt.com\/hronvodackymaraton.sk\/wp-content\/uploads\/2023\/05\/MM_1_400.jpg\" data-elementor-open-lightbox=\"yes\" data-elementor-lightbox-slideshow=\"db8f231\" data-elementor-lightbox-title=\"MM_1_400\" data-e-action-hash=\"#elementor-action%3Aaction%3Dlightbox%26settings%3DeyJpZCI6NzYsInVybCI6Imh0dHA6XC9cL2QucjQud2JzcHJ0LmNvbVwvaHJvbnZvZGFja3ltYXJhdG9uLnNrXC93cC1jb250ZW50XC91cGxvYWRzXC8yMDIzXC8wNVwvTU1fMV80MDAuanBnIiwic2xpZGVzaG93IjoiZGI4ZjIzMSJ9\"><img loading=\"lazy\" decoding=\"async\" src=\"http:\/\/d.r4.wbsprt.com\/hronvodackymaraton.sk\/wp-content\/uploads\/2023\/05\/MM_1_400-150x150.jpg\" alt=\"\" width=\"150\" height=\"150\" \/><\/a><\/figure>\n<figure class=\"gallery-item\"><a href=\"http:\/\/d.r4.wbsprt.com\/hronvodackymaraton.sk\/wp-content\/uploads\/2023\/05\/IMG-20230521-WA0003.jpg\" data-elementor-open-lightbox=\"yes\" data-elementor-lightbox-slideshow=\"db8f231\" data-elementor-lightbox-title=\"IMG-20230521-WA0003\" data-e-action-hash=\"#elementor-action%3Aaction%3Dlightbox%26settings%3DeyJpZCI6NTIsInVybCI6Imh0dHA6XC9cL2QucjQud2JzcHJ0LmNvbVwvaHJvbnZvZGFja3ltYXJhdG9uLnNrXC93cC1jb250ZW50XC91cGxvYWRzXC8yMDIzXC8wNVwvSU1HLTIwMjMwNTIxLVdBMDAwMy5qcGciLCJzbGlkZXNob3ciOiJkYjhmMjMxIn0%3D\"><img loading=\"lazy\" decoding=\"async\" src=\"http:\/\/d.r4.wbsprt.com\/hronvodackymaraton.sk\/wp-content\/uploads\/2023\/05\/IMG-20230521-WA0003-150x150.jpg\" alt=\"\" width=\"150\" height=\"150\" aria-describedby=\"gallery-1-52\" \/><\/a><figcaption id=\"gallery-1-52\" class=\"wp-caption-text gallery-caption\">Miro Matu\u0161\u00edk<\/figcaption><\/figure>\n<figure class=\"gallery-item\"><a href=\"http:\/\/d.r4.wbsprt.com\/hronvodackymaraton.sk\/wp-content\/uploads\/2023\/05\/P41804432.jpg\" data-elementor-open-lightbox=\"yes\" data-elementor-lightbox-slideshow=\"db8f231\" data-elementor-lightbox-title=\"OLYMPUS DIGITAL CAMERA\" data-e-action-hash=\"#elementor-action%3Aaction%3Dlightbox%26settings%3DeyJpZCI6MjQsInVybCI6Imh0dHA6XC9cL2QucjQud2JzcHJ0LmNvbVwvaHJvbnZvZGFja3ltYXJhdG9uLnNrXC93cC1jb250ZW50XC91cGxvYWRzXC8yMDIzXC8wNVwvUDQxODA0NDMyLmpwZyIsInNsaWRlc2hvdyI6ImRiOGYyMzEifQ%3D%3D\"><img loading=\"lazy\" decoding=\"async\" src=\"http:\/\/d.r4.wbsprt.com\/hronvodackymaraton.sk\/wp-content\/uploads\/2023\/05\/P41804432-150x150.jpg\" alt=\"\" width=\"150\" height=\"150\" aria-describedby=\"gallery-1-24\" \/><\/a><figcaption id=\"gallery-1-24\" class=\"wp-caption-text gallery-caption\">Splav \u2013 Ilustra\u010dn\u00e9 foto<\/figcaption><\/figure>\n<figure class=\"gallery-item\"><a href=\"http:\/\/d.r4.wbsprt.com\/hronvodackymaraton.sk\/wp-content\/uploads\/2023\/05\/P41602702.jpg\" data-elementor-open-lightbox=\"yes\" data-elementor-lightbox-slideshow=\"db8f231\" data-elementor-lightbox-title=\"OLYMPUS DIGITAL CAMERA\" data-e-action-hash=\"#elementor-action%3Aaction%3Dlightbox%26settings%3DeyJpZCI6MjMsInVybCI6Imh0dHA6XC9cL2QucjQud2JzcHJ0LmNvbVwvaHJvbnZvZGFja3ltYXJhdG9uLnNrXC93cC1jb250ZW50XC91cGxvYWRzXC8yMDIzXC8wNVwvUDQxNjAyNzAyLmpwZyIsInNsaWRlc2hvdyI6ImRiOGYyMzEifQ%3D%3D\"><img loading=\"lazy\" decoding=\"async\" src=\"http:\/\/d.r4.wbsprt.com\/hronvodackymaraton.sk\/wp-content\/uploads\/2023\/05\/P41602702-150x150.jpg\" alt=\"\" width=\"150\" height=\"150\" aria-describedby=\"gallery-1-23\" \/><\/a><figcaption id=\"gallery-1-23\" class=\"wp-caption-text gallery-caption\">OLYMPUS DIGITAL CAMERA<\/figcaption><\/figure>\n<figure class=\"gallery-item\"><a href=\"http:\/\/d.r4.wbsprt.com\/hronvodackymaraton.sk\/wp-content\/uploads\/2023\/05\/P41602562.jpg\" data-elementor-open-lightbox=\"yes\" data-elementor-lightbox-slideshow=\"db8f231\" data-elementor-lightbox-title=\"OLYMPUS DIGITAL CAMERA\" data-e-action-hash=\"#elementor-action%3Aaction%3Dlightbox%26settings%3DeyJpZCI6MjIsInVybCI6Imh0dHA6XC9cL2QucjQud2JzcHJ0LmNvbVwvaHJvbnZvZGFja3ltYXJhdG9uLnNrXC93cC1jb250ZW50XC91cGxvYWRzXC8yMDIzXC8wNVwvUDQxNjAyNTYyLmpwZyIsInNsaWRlc2hvdyI6ImRiOGYyMzEifQ%3D%3D\"><img loading=\"lazy\" decoding=\"async\" src=\"http:\/\/d.r4.wbsprt.com\/hronvodackymaraton.sk\/wp-content\/uploads\/2023\/05\/P41602562-150x150.jpg\" alt=\"\" width=\"150\" height=\"150\" aria-describedby=\"gallery-1-22\" \/><\/a><figcaption id=\"gallery-1-22\" class=\"wp-caption-text gallery-caption\">OLYMPUS DIGITAL CAMERA<\/figcaption><\/figure>\n<figure class=\"gallery-item\"><a href=\"http:\/\/d.r4.wbsprt.com\/hronvodackymaraton.sk\/wp-content\/uploads\/2023\/05\/P10006792.jpg\" data-elementor-open-lightbox=\"yes\" data-elementor-lightbox-slideshow=\"db8f231\" data-elementor-lightbox-title=\"P10006792\" data-e-action-hash=\"#elementor-action%3Aaction%3Dlightbox%26settings%3DeyJpZCI6MjAsInVybCI6Imh0dHA6XC9cL2QucjQud2JzcHJ0LmNvbVwvaHJvbnZvZGFja3ltYXJhdG9uLnNrXC93cC1jb250ZW50XC91cGxvYWRzXC8yMDIzXC8wNVwvUDEwMDA2NzkyLmpwZyIsInNsaWRlc2hvdyI6ImRiOGYyMzEifQ%3D%3D\"><img loading=\"lazy\" decoding=\"async\" src=\"http:\/\/d.r4.wbsprt.com\/hronvodackymaraton.sk\/wp-content\/uploads\/2023\/05\/P10006792-150x150.jpg\" alt=\"\" width=\"150\" height=\"150\" aria-describedby=\"gallery-1-20\" \/><\/a><figcaption id=\"gallery-1-20\" class=\"wp-caption-text gallery-caption\">Splav \u2013 Ilustra\u010dn\u00e9 foto<\/figcaption><\/figure>\n<figure class=\"gallery-item\"><a href=\"http:\/\/d.r4.wbsprt.com\/hronvodackymaraton.sk\/wp-content\/uploads\/2023\/05\/P10006892.jpg\" data-elementor-open-lightbox=\"yes\" data-elementor-lightbox-slideshow=\"db8f231\" data-elementor-lightbox-title=\"P10006892\" data-e-action-hash=\"#elementor-action%3Aaction%3Dlightbox%26settings%3DeyJpZCI6MjEsInVybCI6Imh0dHA6XC9cL2QucjQud2JzcHJ0LmNvbVwvaHJvbnZvZGFja3ltYXJhdG9uLnNrXC93cC1jb250ZW50XC91cGxvYWRzXC8yMDIzXC8wNVwvUDEwMDA2ODkyLmpwZyIsInNsaWRlc2hvdyI6ImRiOGYyMzEifQ%3D%3D\"><img loading=\"lazy\" decoding=\"async\" src=\"http:\/\/d.r4.wbsprt.com\/hronvodackymaraton.sk\/wp-content\/uploads\/2023\/05\/P10006892-150x150.jpg\" alt=\"\" width=\"150\" height=\"150\" \/><\/a><\/figure>\n<figure class=\"gallery-item\"><a href=\"http:\/\/d.r4.wbsprt.com\/hronvodackymaraton.sk\/wp-content\/uploads\/2023\/05\/P41804462.jpg\" data-elementor-open-lightbox=\"yes\" data-elementor-lightbox-slideshow=\"db8f231\" data-elementor-lightbox-title=\"OLYMPUS DIGITAL CAMERA\" data-e-action-hash=\"#elementor-action%3Aaction%3Dlightbox%26settings%3DeyJpZCI6MTksInVybCI6Imh0dHA6XC9cL2QucjQud2JzcHJ0LmNvbVwvaHJvbnZvZGFja3ltYXJhdG9uLnNrXC93cC1jb250ZW50XC91cGxvYWRzXC8yMDIzXC8wNVwvUDQxODA0NDYyLmpwZyIsInNsaWRlc2hvdyI6ImRiOGYyMzEifQ%3D%3D\"><img loading=\"lazy\" decoding=\"async\" src=\"http:\/\/d.r4.wbsprt.com\/hronvodackymaraton.sk\/wp-content\/uploads\/2023\/05\/P41804462-150x150.jpg\" alt=\"\" width=\"150\" height=\"150\" aria-describedby=\"gallery-1-19\" \/><\/a><figcaption id=\"gallery-1-19\" class=\"wp-caption-text gallery-caption\">OLYMPUS DIGITAL CAMERA<\/figcaption><\/figure>\n<figure class=\"gallery-item\"><a href=\"http:\/\/d.r4.wbsprt.com\/hronvodackymaraton.sk\/wp-content\/uploads\/2023\/05\/P41804622.jpg\" data-elementor-open-lightbox=\"yes\" data-elementor-lightbox-slideshow=\"db8f231\" data-elementor-lightbox-title=\"OLYMPUS DIGITAL CAMERA\" data-e-action-hash=\"#elementor-action%3Aaction%3Dlightbox%26settings%3DeyJpZCI6MTgsInVybCI6Imh0dHA6XC9cL2QucjQud2JzcHJ0LmNvbVwvaHJvbnZvZGFja3ltYXJhdG9uLnNrXC93cC1jb250ZW50XC91cGxvYWRzXC8yMDIzXC8wNVwvUDQxODA0NjIyLmpwZyIsInNsaWRlc2hvdyI6ImRiOGYyMzEifQ%3D%3D\"><img loading=\"lazy\" decoding=\"async\" src=\"http:\/\/d.r4.wbsprt.com\/hronvodackymaraton.sk\/wp-content\/uploads\/2023\/05\/P41804622-150x150.jpg\" alt=\"\" width=\"150\" height=\"150\" aria-describedby=\"gallery-1-18\" \/><\/a><figcaption id=\"gallery-1-18\" class=\"wp-caption-text gallery-caption\">OLYMPUS DIGITAL CAMERA<\/figcaption><\/figure>\n","protected":false},"excerpt":{"rendered":"<p>Miro Matu\u0161\u00edk Splav \u2013 Ilustra\u010dn\u00e9 foto OLYMPUS DIGITAL CAMERA OLYMPUS DIGITAL CAMERA Splav \u2013 Ilustra\u010dn\u00e9 foto OLYMPUS DIGITAL CAMERA OLYMPUS DIGITAL CAMERA<\/p>\n","protected":false},"author":1,"featured_media":0,"parent":0,"menu_order":0,"comment_status":"closed","ping_status":"closed","template":"","meta":{"_eb_attr":"","_mi_skip_tracking":false,"footnotes":""},"class_list":["post-278","page","type-page","status-publish","hentry"],"yoast_head":"<!-- This site is optimized with the Yoast SEO plugin v21.0 - https:\/\/yoast.com\/wordpress\/plugins\/seo\/ -->\n<title>R\u00f4zne - hronmaraton.sk<\/title>\n<meta name=\"robots\" content=\"index, follow, max-snippet:-1, max-image-preview:large, max-video-preview:-1\" \/>\n<link rel=\"canonical\" href=\"https:\/\/hronvodackymaraton.sk\/galeria-rozne\/\" \/>\n<meta property=\"og:locale\" content=\"sk_SK\" \/>\n<meta property=\"og:type\" content=\"article\" \/>\n<meta property=\"og:title\" content=\"R\u00f4zne - hronmaraton.sk\" \/>\n<meta property=\"og:description\" content=\"Miro Matu\u0161\u00edk Splav \u2013 Ilustra\u010dn\u00e9 foto OLYMPUS DIGITAL CAMERA OLYMPUS DIGITAL CAMERA Splav \u2013 Ilustra\u010dn\u00e9 foto OLYMPUS DIGITAL CAMERA OLYMPUS DIGITAL CAMERA\" \/>\n<meta property=\"og:url\" content=\"https:\/\/hronvodackymaraton.sk\/galeria-rozne\/\" \/>\n<meta property=\"og:site_name\" content=\"hronmaraton.sk\" \/>\n<meta property=\"article:modified_time\" content=\"2023-06-16T12:20:31+00:00\" \/>\n<meta property=\"og:image\" content=\"http:\/\/d.r4.wbsprt.com\/hronvodackymaraton.sk\/wp-content\/uploads\/2023\/06\/IMG-20230515-MM_2_orez-150x150.jpg\" \/>\n<meta name=\"twitter:card\" content=\"summary_large_image\" \/>\n<meta name=\"twitter:label1\" content=\"Predpokladan\u00fd \u010das \u010d\u00edtania\" \/>\n\t<meta name=\"twitter:data1\" content=\"3 min\u00faty\" \/>\n<script type=\"application\/ld+json\" class=\"yoast-schema-graph\">{\"@context\":\"https:\/\/schema.org\",\"@graph\":[{\"@type\":\"WebPage\",\"@id\":\"https:\/\/hronvodackymaraton.sk\/galeria-rozne\/\",\"url\":\"https:\/\/hronvodackymaraton.sk\/galeria-rozne\/\",\"name\":\"R\u00f4zne - hronmaraton.sk\",\"isPartOf\":{\"@id\":\"https:\/\/hronvodackymaraton.sk\/#website\"},\"datePublished\":\"2023-06-16T12:16:35+00:00\",\"dateModified\":\"2023-06-16T12:20:31+00:00\",\"breadcrumb\":{\"@id\":\"https:\/\/hronvodackymaraton.sk\/galeria-rozne\/#breadcrumb\"},\"inLanguage\":\"sk-SK\",\"potentialAction\":[{\"@type\":\"ReadAction\",\"target\":[\"https:\/\/hronvodackymaraton.sk\/galeria-rozne\/\"]}]},{\"@type\":\"BreadcrumbList\",\"@id\":\"https:\/\/hronvodackymaraton.sk\/galeria-rozne\/#breadcrumb\",\"itemListElement\":[{\"@type\":\"ListItem\",\"position\":1,\"name\":\"Home\",\"item\":\"https:\/\/hronvodackymaraton.sk\/\"},{\"@type\":\"ListItem\",\"position\":2,\"name\":\"R\u00f4zne\"}]},{\"@type\":\"WebSite\",\"@id\":\"https:\/\/hronvodackymaraton.sk\/#website\",\"url\":\"https:\/\/hronvodackymaraton.sk\/\",\"name\":\"hronmaraton.sk\",\"description\":\"O cenu olympionika Mari\u00e1na Havl\u00ed\u010dka\",\"potentialAction\":[{\"@type\":\"SearchAction\",\"target\":{\"@type\":\"EntryPoint\",\"urlTemplate\":\"https:\/\/hronvodackymaraton.sk\/?s={search_term_string}\"},\"query-input\":\"required name=search_term_string\"}],\"inLanguage\":\"sk-SK\"}]}<\/script>\n<!-- \/ Yoast SEO plugin. -->","yoast_head_json":{"title":"R\u00f4zne - hronmaraton.sk","robots":{"index":"index","follow":"follow","max-snippet":"max-snippet:-1","max-image-preview":"max-image-preview:large","max-video-preview":"max-video-preview:-1"},"canonical":"https:\/\/hronvodackymaraton.sk\/galeria-rozne\/","og_locale":"sk_SK","og_type":"article","og_title":"R\u00f4zne - hronmaraton.sk","og_description":"Miro Matu\u0161\u00edk Splav \u2013 Ilustra\u010dn\u00e9 foto OLYMPUS DIGITAL CAMERA OLYMPUS DIGITAL CAMERA Splav \u2013 Ilustra\u010dn\u00e9 foto OLYMPUS DIGITAL CAMERA OLYMPUS DIGITAL CAMERA","og_url":"https:\/\/hronvodackymaraton.sk\/galeria-rozne\/","og_site_name":"hronmaraton.sk","article_modified_time":"2023-06-16T12:20:31+00:00","og_image":[{"url":"http:\/\/d.r4.wbsprt.com\/hronvodackymaraton.sk\/wp-content\/uploads\/2023\/06\/IMG-20230515-MM_2_orez-150x150.jpg"}],"twitter_card":"summary_large_image","twitter_misc":{"Predpokladan\u00fd \u010das \u010d\u00edtania":"3 min\u00faty"},"schema":{"@context":"https:\/\/schema.org","@graph":[{"@type":"WebPage","@id":"https:\/\/hronvodackymaraton.sk\/galeria-rozne\/","url":"https:\/\/hronvodackymaraton.sk\/galeria-rozne\/","name":"R\u00f4zne - hronmaraton.sk","isPartOf":{"@id":"https:\/\/hronvodackymaraton.sk\/#website"},"datePublished":"2023-06-16T12:16:35+00:00","dateModified":"2023-06-16T12:20:31+00:00","breadcrumb":{"@id":"https:\/\/hronvodackymaraton.sk\/galeria-rozne\/#breadcrumb"},"inLanguage":"sk-SK","potentialAction":[{"@type":"ReadAction","target":["https:\/\/hronvodackymaraton.sk\/galeria-rozne\/"]}]},{"@type":"BreadcrumbList","@id":"https:\/\/hronvodackymaraton.sk\/galeria-rozne\/#breadcrumb","itemListElement":[{"@type":"ListItem","position":1,"name":"Home","item":"https:\/\/hronvodackymaraton.sk\/"},{"@type":"ListItem","position":2,"name":"R\u00f4zne"}]},{"@type":"WebSite","@id":"https:\/\/hronvodackymaraton.sk\/#website","url":"https:\/\/hronvodackymaraton.sk\/","name":"hronmaraton.sk","description":"O cenu olympionika Mari\u00e1na Havl\u00ed\u010dka","potentialAction":[{"@type":"SearchAction","target":{"@type":"EntryPoint","urlTemplate":"https:\/\/hronvodackymaraton.sk\/?s={search_term_string}"},"query-input":"required name=search_term_string"}],"inLanguage":"sk-SK"}]}},"_links":{"self":[{"href":"https:\/\/d.r4.wbsprt.com\/hronvodackymaraton.sk\/wp-json\/wp\/v2\/pages\/278","targetHints":{"allow":["GET"]}}],"collection":[{"href":"https:\/\/d.r4.wbsprt.com\/hronvodackymaraton.sk\/wp-json\/wp\/v2\/pages"}],"about":[{"href":"https:\/\/d.r4.wbsprt.com\/hronvodackymaraton.sk\/wp-json\/wp\/v2\/types\/page"}],"author":[{"embeddable":true,"href":"https:\/\/d.r4.wbsprt.com\/hronvodackymaraton.sk\/wp-json\/wp\/v2\/users\/1"}],"replies":[{"embeddable":true,"href":"https:\/\/d.r4.wbsprt.com\/hronvodackymaraton.sk\/wp-json\/wp\/v2\/comments?post=278"}],"version-history":[{"count":4,"href":"https:\/\/d.r4.wbsprt.com\/hronvodackymaraton.sk\/wp-json\/wp\/v2\/pages\/278\/revisions"}],"predecessor-version":[{"id":287,"href":"https:\/\/d.r4.wbsprt.com\/hronvodackymaraton.sk\/wp-json\/wp\/v2\/pages\/278\/revisions\/287"}],"wp:attachment":[{"href":"https:\/\/d.r4.wbsprt.com\/hronvodackymaraton.sk\/wp-json\/wp\/v2\/media?parent=278"}],"curies":[{"name":"wp","href":"https:\/\/api.w.org\/{rel}","templated":true}]}}