{"id":396,"date":"2023-06-27T19:27:40","date_gmt":"2023-06-27T17:27:40","guid":{"rendered":"https:\/\/d.r4.wbsprt.com\/hronvodackymaraton.sk\/?page_id=396"},"modified":"2023-06-27T19:29:00","modified_gmt":"2023-06-27T17:29:00","slug":"archiv-k-gachalla","status":"publish","type":"page","link":"https:\/\/d.r4.wbsprt.com\/hronvodackymaraton.sk\/archiv-k-gachalla\/","title":{"rendered":"Arch\u00edv K. Gachalla"},"content":{"rendered":"<style>\/*! elementor - v3.13.2 - 11-05-2023 *\/\n.elementor-image-gallery .gallery-item{display:inline-block;text-align:center;vertical-align:top;width:100%;max-width:100%;margin:0 auto}.elementor-image-gallery .gallery-item img{margin:0 auto}.elementor-image-gallery .gallery-item .gallery-caption{margin:0}.elementor-image-gallery figure img{display:block}.elementor-image-gallery figure figcaption{width:100%}.gallery-spacing-custom .elementor-image-gallery .gallery-icon{padding:0}@media (min-width:768px){.elementor-image-gallery .gallery-columns-2 .gallery-item{max-width:50%}.elementor-image-gallery .gallery-columns-3 .gallery-item{max-width:33.33%}.elementor-image-gallery .gallery-columns-4 .gallery-item{max-width:25%}.elementor-image-gallery .gallery-columns-5 .gallery-item{max-width:20%}.elementor-image-gallery .gallery-columns-6 .gallery-item{max-width:16.666%}.elementor-image-gallery .gallery-columns-7 .gallery-item{max-width:14.28%}.elementor-image-gallery .gallery-columns-8 .gallery-item{max-width:12.5%}.elementor-image-gallery .gallery-columns-9 .gallery-item{max-width:11.11%}.elementor-image-gallery .gallery-columns-10 .gallery-item{max-width:10%}}@media (min-width:480px) and (max-width:767px){.elementor-image-gallery .gallery.gallery-columns-2 .gallery-item,.elementor-image-gallery .gallery.gallery-columns-3 .gallery-item,.elementor-image-gallery .gallery.gallery-columns-4 .gallery-item,.elementor-image-gallery .gallery.gallery-columns-5 .gallery-item,.elementor-image-gallery .gallery.gallery-columns-6 .gallery-item,.elementor-image-gallery .gallery.gallery-columns-7 .gallery-item,.elementor-image-gallery .gallery.gallery-columns-8 .gallery-item,.elementor-image-gallery .gallery.gallery-columns-9 .gallery-item,.elementor-image-gallery .gallery.gallery-columns-10 .gallery-item{max-width:50%}}@media (max-width:479px){.elementor-image-gallery .gallery.gallery-columns-2 .gallery-item,.elementor-image-gallery .gallery.gallery-columns-3 .gallery-item,.elementor-image-gallery .gallery.gallery-columns-4 .gallery-item,.elementor-image-gallery .gallery.gallery-columns-5 .gallery-item,.elementor-image-gallery .gallery.gallery-columns-6 .gallery-item,.elementor-image-gallery .gallery.gallery-columns-7 .gallery-item,.elementor-image-gallery .gallery.gallery-columns-8 .gallery-item,.elementor-image-gallery .gallery.gallery-columns-9 .gallery-item,.elementor-image-gallery .gallery.gallery-columns-10 .gallery-item{max-width:100%}}<\/style>\n<figure class='gallery-item'>\n\t\t\t\t<a data-elementor-open-lightbox=\"yes\" data-elementor-lightbox-slideshow=\"53a524d\" data-elementor-lightbox-title=\"K_Gachall_1a\" data-e-action-hash=\"#elementor-action%3Aaction%3Dlightbox%26settings%3DeyJpZCI6Mzk3LCJ1cmwiOiJodHRwOlwvXC9kLnI0Lndic3BydC5jb21cL2hyb252b2RhY2t5bWFyYXRvbi5za1wvd3AtY29udGVudFwvdXBsb2Fkc1wvMjAyM1wvMDZcL0tfR2FjaGFsbF8xYS5qcGciLCJzbGlkZXNob3ciOiI1M2E1MjRkIn0%3D\" href='http:\/\/d.r4.wbsprt.com\/hronvodackymaraton.sk\/wp-content\/uploads\/2023\/06\/K_Gachall_1a.jpg'><img width=\"150\" height=\"150\" src=\"http:\/\/d.r4.wbsprt.com\/hronvodackymaraton.sk\/wp-content\/uploads\/2023\/06\/K_Gachall_1a-150x150.jpg\" alt=\"\" decoding=\"async\" loading=\"lazy\" aria-describedby=\"gallery-1-397\" \/><\/a><figcaption class='wp-caption-text gallery-caption' id='gallery-1-397'>\n\t\t\t\tArch\u00edv K. Gachalla<br \/>\n\t\t\t\t<\/figcaption><\/figure>\n<figure class='gallery-item'>\n\t\t\t\t<a data-elementor-open-lightbox=\"yes\" data-elementor-lightbox-slideshow=\"53a524d\" data-elementor-lightbox-title=\"K_Gachall_3a\" data-e-action-hash=\"#elementor-action%3Aaction%3Dlightbox%26settings%3DeyJpZCI6Mzk4LCJ1cmwiOiJodHRwOlwvXC9kLnI0Lndic3BydC5jb21cL2hyb252b2RhY2t5bWFyYXRvbi5za1wvd3AtY29udGVudFwvdXBsb2Fkc1wvMjAyM1wvMDZcL0tfR2FjaGFsbF8zYS5qcGciLCJzbGlkZXNob3ciOiI1M2E1MjRkIn0%3D\" href='http:\/\/d.r4.wbsprt.com\/hronvodackymaraton.sk\/wp-content\/uploads\/2023\/06\/K_Gachall_3a.jpg'><img width=\"150\" height=\"150\" src=\"http:\/\/d.r4.wbsprt.com\/hronvodackymaraton.sk\/wp-content\/uploads\/2023\/06\/K_Gachall_3a-150x150.jpg\" alt=\"\" decoding=\"async\" loading=\"lazy\" aria-describedby=\"gallery-1-398\" \/><\/a><figcaption class='wp-caption-text gallery-caption' id='gallery-1-398'>\n\t\t\t\tArch\u00edv K. Gachalla<br \/>\n\t\t\t\t<\/figcaption><\/figure>\n<figure class='gallery-item'>\n\t\t\t\t<a data-elementor-open-lightbox=\"yes\" data-elementor-lightbox-slideshow=\"53a524d\" data-elementor-lightbox-title=\"K_Gachall_6a\" data-e-action-hash=\"#elementor-action%3Aaction%3Dlightbox%26settings%3DeyJpZCI6NDAwLCJ1cmwiOiJodHRwOlwvXC9kLnI0Lndic3BydC5jb21cL2hyb252b2RhY2t5bWFyYXRvbi5za1wvd3AtY29udGVudFwvdXBsb2Fkc1wvMjAyM1wvMDZcL0tfR2FjaGFsbF82YS5qcGciLCJzbGlkZXNob3ciOiI1M2E1MjRkIn0%3D\" href='http:\/\/d.r4.wbsprt.com\/hronvodackymaraton.sk\/wp-content\/uploads\/2023\/06\/K_Gachall_6a.jpg'><img width=\"150\" height=\"150\" src=\"http:\/\/d.r4.wbsprt.com\/hronvodackymaraton.sk\/wp-content\/uploads\/2023\/06\/K_Gachall_6a-150x150.jpg\" alt=\"\" decoding=\"async\" loading=\"lazy\" aria-describedby=\"gallery-1-400\" \/><\/a><figcaption class='wp-caption-text gallery-caption' id='gallery-1-400'>\n\t\t\t\tArch\u00edv K. Gachalla<br \/>\n\t\t\t\t<\/figcaption><\/figure>\n<figure class='gallery-item'>\n\t\t\t\t<a data-elementor-open-lightbox=\"yes\" data-elementor-lightbox-slideshow=\"53a524d\" data-elementor-lightbox-title=\"K_Gachall_7a\" data-e-action-hash=\"#elementor-action%3Aaction%3Dlightbox%26settings%3DeyJpZCI6NDAxLCJ1cmwiOiJodHRwOlwvXC9kLnI0Lndic3BydC5jb21cL2hyb252b2RhY2t5bWFyYXRvbi5za1wvd3AtY29udGVudFwvdXBsb2Fkc1wvMjAyM1wvMDZcL0tfR2FjaGFsbF83YS5qcGciLCJzbGlkZXNob3ciOiI1M2E1MjRkIn0%3D\" href='http:\/\/d.r4.wbsprt.com\/hronvodackymaraton.sk\/wp-content\/uploads\/2023\/06\/K_Gachall_7a.jpg'><img width=\"150\" height=\"150\" src=\"http:\/\/d.r4.wbsprt.com\/hronvodackymaraton.sk\/wp-content\/uploads\/2023\/06\/K_Gachall_7a-150x150.jpg\" alt=\"\" decoding=\"async\" loading=\"lazy\" aria-describedby=\"gallery-1-401\" \/><\/a><figcaption class='wp-caption-text gallery-caption' id='gallery-1-401'>\n\t\t\t\tArch\u00edv K. Gachalla<br \/>\n\t\t\t\t<\/figcaption><\/figure>\n<figure class='gallery-item'>\n\t\t\t\t<a data-elementor-open-lightbox=\"yes\" data-elementor-lightbox-slideshow=\"53a524d\" data-elementor-lightbox-title=\"K_Gachall_8a\" data-e-action-hash=\"#elementor-action%3Aaction%3Dlightbox%26settings%3DeyJpZCI6NDAyLCJ1cmwiOiJodHRwOlwvXC9kLnI0Lndic3BydC5jb21cL2hyb252b2RhY2t5bWFyYXRvbi5za1wvd3AtY29udGVudFwvdXBsb2Fkc1wvMjAyM1wvMDZcL0tfR2FjaGFsbF84YS5qcGciLCJzbGlkZXNob3ciOiI1M2E1MjRkIn0%3D\" href='http:\/\/d.r4.wbsprt.com\/hronvodackymaraton.sk\/wp-content\/uploads\/2023\/06\/K_Gachall_8a.jpg'><img width=\"150\" height=\"150\" src=\"http:\/\/d.r4.wbsprt.com\/hronvodackymaraton.sk\/wp-content\/uploads\/2023\/06\/K_Gachall_8a-150x150.jpg\" alt=\"\" decoding=\"async\" loading=\"lazy\" aria-describedby=\"gallery-1-402\" \/><\/a><figcaption class='wp-caption-text gallery-caption' id='gallery-1-402'>\n\t\t\t\tArch\u00edv K. Gachalla<br \/>\n\t\t\t\t<\/figcaption><\/figure>\n<figure class='gallery-item'>\n\t\t\t\t<a data-elementor-open-lightbox=\"yes\" data-elementor-lightbox-slideshow=\"53a524d\" data-elementor-lightbox-title=\"K_Gachall_12a\" data-e-action-hash=\"#elementor-action%3Aaction%3Dlightbox%26settings%3DeyJpZCI6NDA0LCJ1cmwiOiJodHRwOlwvXC9kLnI0Lndic3BydC5jb21cL2hyb252b2RhY2t5bWFyYXRvbi5za1wvd3AtY29udGVudFwvdXBsb2Fkc1wvMjAyM1wvMDZcL0tfR2FjaGFsbF8xMmEuanBnIiwic2xpZGVzaG93IjoiNTNhNTI0ZCJ9\" href='http:\/\/d.r4.wbsprt.com\/hronvodackymaraton.sk\/wp-content\/uploads\/2023\/06\/K_Gachall_12a.jpg'><img width=\"150\" height=\"150\" src=\"http:\/\/d.r4.wbsprt.com\/hronvodackymaraton.sk\/wp-content\/uploads\/2023\/06\/K_Gachall_12a-150x150.jpg\" alt=\"\" decoding=\"async\" loading=\"lazy\" aria-describedby=\"gallery-1-404\" \/><\/a><figcaption class='wp-caption-text gallery-caption' id='gallery-1-404'>\n\t\t\t\tArch\u00edv K. Gachalla<br \/>\n\t\t\t\t<\/figcaption><\/figure>\n<figure class='gallery-item'>\n\t\t\t\t<a data-elementor-open-lightbox=\"yes\" data-elementor-lightbox-slideshow=\"53a524d\" data-elementor-lightbox-title=\"K_Gachall_13a\" data-e-action-hash=\"#elementor-action%3Aaction%3Dlightbox%26settings%3DeyJpZCI6NDA1LCJ1cmwiOiJodHRwOlwvXC9kLnI0Lndic3BydC5jb21cL2hyb252b2RhY2t5bWFyYXRvbi5za1wvd3AtY29udGVudFwvdXBsb2Fkc1wvMjAyM1wvMDZcL0tfR2FjaGFsbF8xM2EuanBnIiwic2xpZGVzaG93IjoiNTNhNTI0ZCJ9\" href='http:\/\/d.r4.wbsprt.com\/hronvodackymaraton.sk\/wp-content\/uploads\/2023\/06\/K_Gachall_13a.jpg'><img width=\"150\" height=\"150\" src=\"http:\/\/d.r4.wbsprt.com\/hronvodackymaraton.sk\/wp-content\/uploads\/2023\/06\/K_Gachall_13a-150x150.jpg\" alt=\"\" decoding=\"async\" loading=\"lazy\" aria-describedby=\"gallery-1-405\" \/><\/a><figcaption class='wp-caption-text gallery-caption' id='gallery-1-405'>\n\t\t\t\tArch\u00edv K. Gachalla<br \/>\n\t\t\t\t<\/figcaption><\/figure>\n<figure class='gallery-item'>\n\t\t\t\t<a data-elementor-open-lightbox=\"yes\" data-elementor-lightbox-slideshow=\"53a524d\" data-elementor-lightbox-title=\"K_Gachall_14a\" data-e-action-hash=\"#elementor-action%3Aaction%3Dlightbox%26settings%3DeyJpZCI6NDA2LCJ1cmwiOiJodHRwOlwvXC9kLnI0Lndic3BydC5jb21cL2hyb252b2RhY2t5bWFyYXRvbi5za1wvd3AtY29udGVudFwvdXBsb2Fkc1wvMjAyM1wvMDZcL0tfR2FjaGFsbF8xNGEuanBnIiwic2xpZGVzaG93IjoiNTNhNTI0ZCJ9\" href='http:\/\/d.r4.wbsprt.com\/hronvodackymaraton.sk\/wp-content\/uploads\/2023\/06\/K_Gachall_14a.jpg'><img width=\"150\" height=\"150\" src=\"http:\/\/d.r4.wbsprt.com\/hronvodackymaraton.sk\/wp-content\/uploads\/2023\/06\/K_Gachall_14a-150x150.jpg\" alt=\"\" decoding=\"async\" loading=\"lazy\" aria-describedby=\"gallery-1-406\" \/><\/a><figcaption class='wp-caption-text gallery-caption' id='gallery-1-406'>\n\t\t\t\tArch\u00edv K. Gachalla<br \/>\n\t\t\t\t<\/figcaption><\/figure>\n<figure class='gallery-item'>\n\t\t\t\t<a data-elementor-open-lightbox=\"yes\" data-elementor-lightbox-slideshow=\"53a524d\" data-elementor-lightbox-title=\"K_Gachall_15a\" data-e-action-hash=\"#elementor-action%3Aaction%3Dlightbox%26settings%3DeyJpZCI6NDA3LCJ1cmwiOiJodHRwOlwvXC9kLnI0Lndic3BydC5jb21cL2hyb252b2RhY2t5bWFyYXRvbi5za1wvd3AtY29udGVudFwvdXBsb2Fkc1wvMjAyM1wvMDZcL0tfR2FjaGFsbF8xNWEuanBnIiwic2xpZGVzaG93IjoiNTNhNTI0ZCJ9\" href='http:\/\/d.r4.wbsprt.com\/hronvodackymaraton.sk\/wp-content\/uploads\/2023\/06\/K_Gachall_15a.jpg'><img width=\"150\" height=\"150\" src=\"http:\/\/d.r4.wbsprt.com\/hronvodackymaraton.sk\/wp-content\/uploads\/2023\/06\/K_Gachall_15a-150x150.jpg\" alt=\"\" decoding=\"async\" loading=\"lazy\" aria-describedby=\"gallery-1-407\" \/><\/a><figcaption class='wp-caption-text gallery-caption' id='gallery-1-407'>\n\t\t\t\tArch\u00edv K. Gachalla<br \/>\n\t\t\t\t<\/figcaption><\/figure>\n<figure class='gallery-item'>\n\t\t\t\t<a data-elementor-open-lightbox=\"yes\" data-elementor-lightbox-slideshow=\"53a524d\" data-elementor-lightbox-title=\"K_Gachall_17a\" data-e-action-hash=\"#elementor-action%3Aaction%3Dlightbox%26settings%3DeyJpZCI6NDA4LCJ1cmwiOiJodHRwOlwvXC9kLnI0Lndic3BydC5jb21cL2hyb252b2RhY2t5bWFyYXRvbi5za1wvd3AtY29udGVudFwvdXBsb2Fkc1wvMjAyM1wvMDZcL0tfR2FjaGFsbF8xN2EuanBnIiwic2xpZGVzaG93IjoiNTNhNTI0ZCJ9\" href='http:\/\/d.r4.wbsprt.com\/hronvodackymaraton.sk\/wp-content\/uploads\/2023\/06\/K_Gachall_17a.jpg'><img width=\"150\" height=\"150\" src=\"http:\/\/d.r4.wbsprt.com\/hronvodackymaraton.sk\/wp-content\/uploads\/2023\/06\/K_Gachall_17a-150x150.jpg\" alt=\"\" decoding=\"async\" loading=\"lazy\" aria-describedby=\"gallery-1-408\" \/><\/a><figcaption class='wp-caption-text gallery-caption' id='gallery-1-408'>\n\t\t\t\tArch\u00edv K. Gachalla<br \/>\n\t\t\t\t<\/figcaption><\/figure>\n","protected":false},"excerpt":{"rendered":"<p>Arch\u00edv K. Gachalla Arch\u00edv K. Gachalla Arch\u00edv K. Gachalla Arch\u00edv K. Gachalla Arch\u00edv K. Gachalla Arch\u00edv K. Gachalla Arch\u00edv K. Gachalla Arch\u00edv K. Gachalla&#8230;<\/p>\n","protected":false},"author":3,"featured_media":0,"parent":0,"menu_order":0,"comment_status":"closed","ping_status":"closed","template":"","meta":{"_eb_attr":"","_mi_skip_tracking":false,"footnotes":""},"class_list":["post-396","page","type-page","status-publish","hentry"],"yoast_head":"<!-- This site is optimized with the Yoast SEO plugin v21.0 - https:\/\/yoast.com\/wordpress\/plugins\/seo\/ -->\n<title>Arch\u00edv K. Gachalla - hronmaraton.sk<\/title>\n<meta name=\"robots\" content=\"index, follow, max-snippet:-1, max-image-preview:large, max-video-preview:-1\" \/>\n<link rel=\"canonical\" href=\"https:\/\/hronvodackymaraton.sk\/archiv-k-gachalla\/\" \/>\n<meta property=\"og:locale\" content=\"sk_SK\" \/>\n<meta property=\"og:type\" content=\"article\" \/>\n<meta property=\"og:title\" content=\"Arch\u00edv K. Gachalla - hronmaraton.sk\" \/>\n<meta property=\"og:description\" content=\"Arch\u00edv K. Gachalla Arch\u00edv K. Gachalla Arch\u00edv K. Gachalla Arch\u00edv K. Gachalla Arch\u00edv K. Gachalla Arch\u00edv K. Gachalla Arch\u00edv K. Gachalla Arch\u00edv K. Gachalla...\" \/>\n<meta property=\"og:url\" content=\"https:\/\/hronvodackymaraton.sk\/archiv-k-gachalla\/\" \/>\n<meta property=\"og:site_name\" content=\"hronmaraton.sk\" \/>\n<meta property=\"article:modified_time\" content=\"2023-06-27T17:29:00+00:00\" \/>\n<meta property=\"og:image\" content=\"http:\/\/d.r4.wbsprt.com\/hronvodackymaraton.sk\/wp-content\/uploads\/2023\/06\/K_Gachall_1a-150x150.jpg\" \/>\n<meta name=\"twitter:card\" content=\"summary_large_image\" \/>\n<script type=\"application\/ld+json\" class=\"yoast-schema-graph\">{\"@context\":\"https:\/\/schema.org\",\"@graph\":[{\"@type\":\"WebPage\",\"@id\":\"https:\/\/hronvodackymaraton.sk\/archiv-k-gachalla\/\",\"url\":\"https:\/\/hronvodackymaraton.sk\/archiv-k-gachalla\/\",\"name\":\"Arch\u00edv K. Gachalla - hronmaraton.sk\",\"isPartOf\":{\"@id\":\"https:\/\/hronvodackymaraton.sk\/#website\"},\"datePublished\":\"2023-06-27T17:27:40+00:00\",\"dateModified\":\"2023-06-27T17:29:00+00:00\",\"breadcrumb\":{\"@id\":\"https:\/\/hronvodackymaraton.sk\/archiv-k-gachalla\/#breadcrumb\"},\"inLanguage\":\"sk-SK\",\"potentialAction\":[{\"@type\":\"ReadAction\",\"target\":[\"https:\/\/hronvodackymaraton.sk\/archiv-k-gachalla\/\"]}]},{\"@type\":\"BreadcrumbList\",\"@id\":\"https:\/\/hronvodackymaraton.sk\/archiv-k-gachalla\/#breadcrumb\",\"itemListElement\":[{\"@type\":\"ListItem\",\"position\":1,\"name\":\"Home\",\"item\":\"https:\/\/hronvodackymaraton.sk\/\"},{\"@type\":\"ListItem\",\"position\":2,\"name\":\"Arch\u00edv K. Gachalla\"}]},{\"@type\":\"WebSite\",\"@id\":\"https:\/\/hronvodackymaraton.sk\/#website\",\"url\":\"https:\/\/hronvodackymaraton.sk\/\",\"name\":\"hronmaraton.sk\",\"description\":\"O cenu olympionika Mari\u00e1na Havl\u00ed\u010dka\",\"potentialAction\":[{\"@type\":\"SearchAction\",\"target\":{\"@type\":\"EntryPoint\",\"urlTemplate\":\"https:\/\/hronvodackymaraton.sk\/?s={search_term_string}\"},\"query-input\":\"required name=search_term_string\"}],\"inLanguage\":\"sk-SK\"}]}<\/script>\n<!-- \/ Yoast SEO plugin. -->","yoast_head_json":{"title":"Arch\u00edv K. Gachalla - hronmaraton.sk","robots":{"index":"index","follow":"follow","max-snippet":"max-snippet:-1","max-image-preview":"max-image-preview:large","max-video-preview":"max-video-preview:-1"},"canonical":"https:\/\/hronvodackymaraton.sk\/archiv-k-gachalla\/","og_locale":"sk_SK","og_type":"article","og_title":"Arch\u00edv K. Gachalla - hronmaraton.sk","og_description":"Arch\u00edv K. Gachalla Arch\u00edv K. Gachalla Arch\u00edv K. Gachalla Arch\u00edv K. Gachalla Arch\u00edv K. Gachalla Arch\u00edv K. Gachalla Arch\u00edv K. Gachalla Arch\u00edv K. Gachalla...","og_url":"https:\/\/hronvodackymaraton.sk\/archiv-k-gachalla\/","og_site_name":"hronmaraton.sk","article_modified_time":"2023-06-27T17:29:00+00:00","og_image":[{"url":"http:\/\/d.r4.wbsprt.com\/hronvodackymaraton.sk\/wp-content\/uploads\/2023\/06\/K_Gachall_1a-150x150.jpg"}],"twitter_card":"summary_large_image","schema":{"@context":"https:\/\/schema.org","@graph":[{"@type":"WebPage","@id":"https:\/\/hronvodackymaraton.sk\/archiv-k-gachalla\/","url":"https:\/\/hronvodackymaraton.sk\/archiv-k-gachalla\/","name":"Arch\u00edv K. Gachalla - hronmaraton.sk","isPartOf":{"@id":"https:\/\/hronvodackymaraton.sk\/#website"},"datePublished":"2023-06-27T17:27:40+00:00","dateModified":"2023-06-27T17:29:00+00:00","breadcrumb":{"@id":"https:\/\/hronvodackymaraton.sk\/archiv-k-gachalla\/#breadcrumb"},"inLanguage":"sk-SK","potentialAction":[{"@type":"ReadAction","target":["https:\/\/hronvodackymaraton.sk\/archiv-k-gachalla\/"]}]},{"@type":"BreadcrumbList","@id":"https:\/\/hronvodackymaraton.sk\/archiv-k-gachalla\/#breadcrumb","itemListElement":[{"@type":"ListItem","position":1,"name":"Home","item":"https:\/\/hronvodackymaraton.sk\/"},{"@type":"ListItem","position":2,"name":"Arch\u00edv K. Gachalla"}]},{"@type":"WebSite","@id":"https:\/\/hronvodackymaraton.sk\/#website","url":"https:\/\/hronvodackymaraton.sk\/","name":"hronmaraton.sk","description":"O cenu olympionika Mari\u00e1na Havl\u00ed\u010dka","potentialAction":[{"@type":"SearchAction","target":{"@type":"EntryPoint","urlTemplate":"https:\/\/hronvodackymaraton.sk\/?s={search_term_string}"},"query-input":"required name=search_term_string"}],"inLanguage":"sk-SK"}]}},"_links":{"self":[{"href":"https:\/\/d.r4.wbsprt.com\/hronvodackymaraton.sk\/wp-json\/wp\/v2\/pages\/396","targetHints":{"allow":["GET"]}}],"collection":[{"href":"https:\/\/d.r4.wbsprt.com\/hronvodackymaraton.sk\/wp-json\/wp\/v2\/pages"}],"about":[{"href":"https:\/\/d.r4.wbsprt.com\/hronvodackymaraton.sk\/wp-json\/wp\/v2\/types\/page"}],"author":[{"embeddable":true,"href":"https:\/\/d.r4.wbsprt.com\/hronvodackymaraton.sk\/wp-json\/wp\/v2\/users\/3"}],"replies":[{"embeddable":true,"href":"https:\/\/d.r4.wbsprt.com\/hronvodackymaraton.sk\/wp-json\/wp\/v2\/comments?post=396"}],"version-history":[{"count":4,"href":"https:\/\/d.r4.wbsprt.com\/hronvodackymaraton.sk\/wp-json\/wp\/v2\/pages\/396\/revisions"}],"predecessor-version":[{"id":411,"href":"https:\/\/d.r4.wbsprt.com\/hronvodackymaraton.sk\/wp-json\/wp\/v2\/pages\/396\/revisions\/411"}],"wp:attachment":[{"href":"https:\/\/d.r4.wbsprt.com\/hronvodackymaraton.sk\/wp-json\/wp\/v2\/media?parent=396"}],"curies":[{"name":"wp","href":"https:\/\/api.w.org\/{rel}","templated":true}]}}