{"id":253,"date":"2016-04-11T06:46:28","date_gmt":"2016-04-11T06:46:28","guid":{"rendered":"http:\/\/demo.themegrill.com\/spacious\/my-account\/"},"modified":"2023-06-05T09:48:43","modified_gmt":"2023-06-05T07:48:43","slug":"my-account","status":"publish","type":"page","link":"https:\/\/d.r4.wbsprt.com\/kameryfun.sk\/my-account\/","title":{"rendered":"M\u00f4j \u00fa\u010det"},"content":{"rendered":"<div class=\"woocommerce\"><\/div>\n","protected":false},"excerpt":{"rendered":"","protected":false},"author":1,"featured_media":0,"parent":0,"menu_order":0,"comment_status":"closed","ping_status":"closed","template":"","meta":{"_mi_skip_tracking":false,"_monsterinsights_sitenote_active":false,"_monsterinsights_sitenote_note":"","_monsterinsights_sitenote_category":0},"yoast_head":"<!-- This site is optimized with the Yoast SEO plugin v21.8.1 - https:\/\/yoast.com\/wordpress\/plugins\/seo\/ -->\n<title>M\u00f4j \u00fa\u010det - Kameryfun.sk<\/title>\n<meta name=\"robots\" content=\"index, follow, max-snippet:-1, max-image-preview:large, max-video-preview:-1\" \/>\n<link rel=\"canonical\" href=\"https:\/\/d.r4.wbsprt.com\/kameryfun.sk\/my-account\/\" \/>\n<meta property=\"og:locale\" content=\"sk_SK\" \/>\n<meta property=\"og:type\" content=\"article\" \/>\n<meta property=\"og:title\" content=\"M\u00f4j \u00fa\u010det - Kameryfun.sk\" \/>\n<meta property=\"og:url\" content=\"https:\/\/d.r4.wbsprt.com\/kameryfun.sk\/my-account\/\" \/>\n<meta property=\"og:site_name\" content=\"Kameryfun.sk\" \/>\n<meta property=\"article:modified_time\" content=\"2023-06-05T07:48:43+00:00\" \/>\n<meta name=\"twitter:card\" content=\"summary_large_image\" \/>\n<meta name=\"twitter:label1\" content=\"Predpokladan\u00fd \u010das \u010d\u00edtania\" \/>\n\t<meta name=\"twitter:data1\" content=\"1 min\u00fata\" \/>\n<script type=\"application\/ld+json\" class=\"yoast-schema-graph\">{\"@context\":\"https:\/\/schema.org\",\"@graph\":[{\"@type\":\"WebPage\",\"@id\":\"https:\/\/d.r4.wbsprt.com\/kameryfun.sk\/my-account\/\",\"url\":\"https:\/\/d.r4.wbsprt.com\/kameryfun.sk\/my-account\/\",\"name\":\"M\u00f4j \u00fa\u010det - Kameryfun.sk\",\"isPartOf\":{\"@id\":\"https:\/\/kameryfun.sk\/#website\"},\"datePublished\":\"2016-04-11T06:46:28+00:00\",\"dateModified\":\"2023-06-05T07:48:43+00:00\",\"breadcrumb\":{\"@id\":\"https:\/\/d.r4.wbsprt.com\/kameryfun.sk\/my-account\/#breadcrumb\"},\"inLanguage\":\"sk-SK\",\"potentialAction\":[{\"@type\":\"ReadAction\",\"target\":[\"https:\/\/d.r4.wbsprt.com\/kameryfun.sk\/my-account\/\"]}]},{\"@type\":\"BreadcrumbList\",\"@id\":\"https:\/\/d.r4.wbsprt.com\/kameryfun.sk\/my-account\/#breadcrumb\",\"itemListElement\":[{\"@type\":\"ListItem\",\"position\":1,\"name\":\"Home\",\"item\":\"https:\/\/kameryfun.sk\/\"},{\"@type\":\"ListItem\",\"position\":2,\"name\":\"M\u00f4j \u00fa\u010det\"}]},{\"@type\":\"WebSite\",\"@id\":\"https:\/\/kameryfun.sk\/#website\",\"url\":\"https:\/\/kameryfun.sk\/\",\"name\":\"Kameryfun.sk\",\"description\":\"\",\"publisher\":{\"@id\":\"https:\/\/kameryfun.sk\/#organization\"},\"potentialAction\":[{\"@type\":\"SearchAction\",\"target\":{\"@type\":\"EntryPoint\",\"urlTemplate\":\"https:\/\/kameryfun.sk\/?s={search_term_string}\"},\"query-input\":\"required name=search_term_string\"}],\"inLanguage\":\"sk-SK\"},{\"@type\":\"Organization\",\"@id\":\"https:\/\/kameryfun.sk\/#organization\",\"name\":\"Kameryfun.sk\",\"url\":\"https:\/\/kameryfun.sk\/\",\"logo\":{\"@type\":\"ImageObject\",\"inLanguage\":\"sk-SK\",\"@id\":\"https:\/\/kameryfun.sk\/#\/schema\/logo\/image\/\",\"url\":\"https:\/\/d.r4.wbsprt.com\/kameryfun.sk\/wp-content\/uploads\/2023\/07\/LOGO_FUN-e1689697383988.png\",\"contentUrl\":\"https:\/\/d.r4.wbsprt.com\/kameryfun.sk\/wp-content\/uploads\/2023\/07\/LOGO_FUN-e1689697383988.png\",\"width\":64,\"height\":64,\"caption\":\"Kameryfun.sk\"},\"image\":{\"@id\":\"https:\/\/kameryfun.sk\/#\/schema\/logo\/image\/\"}}]}<\/script>\n<!-- \/ Yoast SEO plugin. -->","yoast_head_json":{"title":"M\u00f4j \u00fa\u010det - Kameryfun.sk","robots":{"index":"index","follow":"follow","max-snippet":"max-snippet:-1","max-image-preview":"max-image-preview:large","max-video-preview":"max-video-preview:-1"},"canonical":"https:\/\/d.r4.wbsprt.com\/kameryfun.sk\/my-account\/","og_locale":"sk_SK","og_type":"article","og_title":"M\u00f4j \u00fa\u010det - Kameryfun.sk","og_url":"https:\/\/d.r4.wbsprt.com\/kameryfun.sk\/my-account\/","og_site_name":"Kameryfun.sk","article_modified_time":"2023-06-05T07:48:43+00:00","twitter_card":"summary_large_image","twitter_misc":{"Predpokladan\u00fd \u010das \u010d\u00edtania":"1 min\u00fata"},"schema":{"@context":"https:\/\/schema.org","@graph":[{"@type":"WebPage","@id":"https:\/\/d.r4.wbsprt.com\/kameryfun.sk\/my-account\/","url":"https:\/\/d.r4.wbsprt.com\/kameryfun.sk\/my-account\/","name":"M\u00f4j \u00fa\u010det - Kameryfun.sk","isPartOf":{"@id":"https:\/\/kameryfun.sk\/#website"},"datePublished":"2016-04-11T06:46:28+00:00","dateModified":"2023-06-05T07:48:43+00:00","breadcrumb":{"@id":"https:\/\/d.r4.wbsprt.com\/kameryfun.sk\/my-account\/#breadcrumb"},"inLanguage":"sk-SK","potentialAction":[{"@type":"ReadAction","target":["https:\/\/d.r4.wbsprt.com\/kameryfun.sk\/my-account\/"]}]},{"@type":"BreadcrumbList","@id":"https:\/\/d.r4.wbsprt.com\/kameryfun.sk\/my-account\/#breadcrumb","itemListElement":[{"@type":"ListItem","position":1,"name":"Home","item":"https:\/\/kameryfun.sk\/"},{"@type":"ListItem","position":2,"name":"M\u00f4j \u00fa\u010det"}]},{"@type":"WebSite","@id":"https:\/\/kameryfun.sk\/#website","url":"https:\/\/kameryfun.sk\/","name":"Kameryfun.sk","description":"","publisher":{"@id":"https:\/\/kameryfun.sk\/#organization"},"potentialAction":[{"@type":"SearchAction","target":{"@type":"EntryPoint","urlTemplate":"https:\/\/kameryfun.sk\/?s={search_term_string}"},"query-input":"required name=search_term_string"}],"inLanguage":"sk-SK"},{"@type":"Organization","@id":"https:\/\/kameryfun.sk\/#organization","name":"Kameryfun.sk","url":"https:\/\/kameryfun.sk\/","logo":{"@type":"ImageObject","inLanguage":"sk-SK","@id":"https:\/\/kameryfun.sk\/#\/schema\/logo\/image\/","url":"https:\/\/d.r4.wbsprt.com\/kameryfun.sk\/wp-content\/uploads\/2023\/07\/LOGO_FUN-e1689697383988.png","contentUrl":"https:\/\/d.r4.wbsprt.com\/kameryfun.sk\/wp-content\/uploads\/2023\/07\/LOGO_FUN-e1689697383988.png","width":64,"height":64,"caption":"Kameryfun.sk"},"image":{"@id":"https:\/\/kameryfun.sk\/#\/schema\/logo\/image\/"}}]}},"_links":{"self":[{"href":"https:\/\/d.r4.wbsprt.com\/kameryfun.sk\/wp-json\/wp\/v2\/pages\/253"}],"collection":[{"href":"https:\/\/d.r4.wbsprt.com\/kameryfun.sk\/wp-json\/wp\/v2\/pages"}],"about":[{"href":"https:\/\/d.r4.wbsprt.com\/kameryfun.sk\/wp-json\/wp\/v2\/types\/page"}],"author":[{"embeddable":true,"href":"https:\/\/d.r4.wbsprt.com\/kameryfun.sk\/wp-json\/wp\/v2\/users\/1"}],"replies":[{"embeddable":true,"href":"https:\/\/d.r4.wbsprt.com\/kameryfun.sk\/wp-json\/wp\/v2\/comments?post=253"}],"version-history":[{"count":2,"href":"https:\/\/d.r4.wbsprt.com\/kameryfun.sk\/wp-json\/wp\/v2\/pages\/253\/revisions"}],"predecessor-version":[{"id":638,"href":"https:\/\/d.r4.wbsprt.com\/kameryfun.sk\/wp-json\/wp\/v2\/pages\/253\/revisions\/638"}],"wp:attachment":[{"href":"https:\/\/d.r4.wbsprt.com\/kameryfun.sk\/wp-json\/wp\/v2\/media?parent=253"}],"curies":[{"name":"wp","href":"https:\/\/api.w.org\/{rel}","templated":true}]}}