{"id":31,"date":"2014-03-18T11:31:06","date_gmt":"2014-03-18T11:31:06","guid":{"rendered":"http:\/\/demo.themegrill.com\/spacious\/?page_id=31"},"modified":"2023-07-12T16:54:00","modified_gmt":"2023-07-12T14:54:00","slug":"contact-us","status":"publish","type":"page","link":"https:\/\/d.r4.wbsprt.com\/kameryfun.sk\/contact-us\/","title":{"rendered":"Kontaktujte n\u00e1s"},"content":{"rendered":"<div class=\"everest-forms\"><\/div>\n\n<div class=\"everest-forms\"><div class=\"evf-container default\" id=\"evf-590\"><form id=\"evf-form-590\" class=\"everest-form\" data-formid=\"590\" data-ajax_submission=\"0\" data-keyboard_friendly_form=\"0\" method=\"post\" enctype=\"multipart\/form-data\" action=\"\/wp-json\/wp\/v2\/pages\/31\"><div class=\"evf-field-container\"><input type=\"hidden\" id=\"_wpnonce590\" name=\"_wpnonce590\" value=\"c74045740d\" \/><input type=\"hidden\" name=\"_wp_http_referer\" value=\"\/wp-json\/wp\/v2\/pages\/31\" \/><div class=\"evf-frontend-row\" data-row=\"row_1\" conditional_rules=\"[]\"><div class=\"evf-frontend-grid evf-grid-1\" data-grid=\"grid_1\"><div id=\"evf-590-field_ys0GeZISRs-1-container\" class=\"evf-field evf-field-first-name form-row validate-required\" data-required-field-message=\"This field is required.\" data-field-id=\"ys0GeZISRs-1\"><label class=\"evf-field-label\" for=\"evf-590-field_ys0GeZISRs-1\"><span class=\"evf-label\">Meno<\/span> <abbr class=\"required\" title=\"Required\">*<\/abbr><\/label><input type=\"text\" id=\"evf-590-field_ys0GeZISRs-1\" class=\"input-text\" name=\"everest_forms[form_fields][ys0GeZISRs-1]\" required><\/div><div id=\"evf-590-field_LbH5NxasXM-2-container\" class=\"evf-field evf-field-email form-row validate-required validate-email\" data-required-field-message=\"Please enter a valid email address.\" data-field-id=\"LbH5NxasXM-2\"><label class=\"evf-field-label\" for=\"evf-590-field_LbH5NxasXM-2\"><span class=\"evf-label\">Email<\/span> <abbr class=\"required\" title=\"Required\">*<\/abbr><\/label><input type=\"email\" id=\"evf-590-field_LbH5NxasXM-2\" class=\"input-text\" name=\"everest_forms[form_fields][LbH5NxasXM-2]\" required ><\/div><div id=\"evf-590-field_66FR384cge-3-container\" class=\"evf-field evf-field-text form-row\" data-field-id=\"66FR384cge-3\"><label class=\"evf-field-label\" for=\"evf-590-field_66FR384cge-3\"><span class=\"evf-label\">Predmet<\/span> <\/label><input type=\"text\" id=\"evf-590-field_66FR384cge-3\" class=\"input-text\" name=\"everest_forms[form_fields][66FR384cge-3]\" ><\/div><div id=\"evf-590-field_yhGx3FOwr2-4-container\" class=\"evf-field evf-field-textarea form-row\" data-field-id=\"yhGx3FOwr2-4\"><label class=\"evf-field-label\" for=\"evf-590-field_yhGx3FOwr2-4\"><span class=\"evf-label\">Spr\u00e1va<\/span> <\/label><textarea id=\"evf-590-field_yhGx3FOwr2-4\" class=\"input-text\" name=\"everest_forms[form_fields][yhGx3FOwr2-4]\"  ><\/textarea><\/div><\/div><\/div><\/div><div class=\"evf-honeypot-container evf-field-hp\"><label for=\"evf-590-field-hp\" class=\"evf-field-label\">Message<\/label><input type=\"text\" name=\"everest_forms[hp]\" id=\"evf-590-field-hp\" class=\"input-text\"><\/div><div class=\"evf-submit-container \" ><input type=\"hidden\" name=\"everest_forms[id]\" value=\"590\"><input type=\"hidden\" name=\"everest_forms[author]\" value=\"1\"><button type='submit' name='everest_forms[submit]' class='everest-forms-submit-button button evf-submit ' id='evf-submit-590' value='evf-submit' data-process-text=\"Spracuv\u00e1vam\u2026\" conditional_rules='&quot;&quot;' conditional_id='evf-submit-590'  id=\"evf-submit-590\" aria-live=\"assertive\">Odosla\u0165<\/button><\/div><\/form><\/div><!-- .evf-container --><\/div>\n","protected":false},"excerpt":{"rendered":"","protected":false},"author":1,"featured_media":0,"parent":0,"menu_order":0,"comment_status":"open","ping_status":"open","template":"page-templates\/contact.php","meta":{"_mi_skip_tracking":false,"_monsterinsights_sitenote_active":false,"_monsterinsights_sitenote_note":"","_monsterinsights_sitenote_category":0},"yoast_head":"<!-- This site is optimized with the Yoast SEO plugin v21.8.1 - https:\/\/yoast.com\/wordpress\/plugins\/seo\/ -->\n<title>Kontaktujte n\u00e1s - Kameryfun.sk<\/title>\n<meta name=\"robots\" content=\"index, follow, max-snippet:-1, max-image-preview:large, max-video-preview:-1\" \/>\n<link rel=\"canonical\" href=\"https:\/\/kameryfun.sk\/contact-us\/\" \/>\n<meta property=\"og:locale\" content=\"sk_SK\" \/>\n<meta property=\"og:type\" content=\"article\" \/>\n<meta property=\"og:title\" content=\"Kontaktujte n\u00e1s - Kameryfun.sk\" \/>\n<meta property=\"og:url\" content=\"https:\/\/kameryfun.sk\/contact-us\/\" \/>\n<meta property=\"og:site_name\" content=\"Kameryfun.sk\" \/>\n<meta property=\"article:modified_time\" content=\"2023-07-12T14:54:00+00:00\" \/>\n<meta name=\"twitter:card\" content=\"summary_large_image\" \/>\n<meta name=\"twitter:label1\" content=\"Predpokladan\u00fd \u010das \u010d\u00edtania\" \/>\n\t<meta name=\"twitter:data1\" content=\"1 min\u00fata\" \/>\n<script type=\"application\/ld+json\" class=\"yoast-schema-graph\">{\"@context\":\"https:\/\/schema.org\",\"@graph\":[{\"@type\":\"WebPage\",\"@id\":\"https:\/\/kameryfun.sk\/contact-us\/\",\"url\":\"https:\/\/kameryfun.sk\/contact-us\/\",\"name\":\"Kontaktujte n\u00e1s - Kameryfun.sk\",\"isPartOf\":{\"@id\":\"https:\/\/kameryfun.sk\/#website\"},\"datePublished\":\"2014-03-18T11:31:06+00:00\",\"dateModified\":\"2023-07-12T14:54:00+00:00\",\"breadcrumb\":{\"@id\":\"https:\/\/kameryfun.sk\/contact-us\/#breadcrumb\"},\"inLanguage\":\"sk-SK\",\"potentialAction\":[{\"@type\":\"ReadAction\",\"target\":[\"https:\/\/kameryfun.sk\/contact-us\/\"]}]},{\"@type\":\"BreadcrumbList\",\"@id\":\"https:\/\/kameryfun.sk\/contact-us\/#breadcrumb\",\"itemListElement\":[{\"@type\":\"ListItem\",\"position\":1,\"name\":\"Home\",\"item\":\"https:\/\/kameryfun.sk\/\"},{\"@type\":\"ListItem\",\"position\":2,\"name\":\"Kontaktujte n\u00e1s\"}]},{\"@type\":\"WebSite\",\"@id\":\"https:\/\/kameryfun.sk\/#website\",\"url\":\"https:\/\/kameryfun.sk\/\",\"name\":\"Kameryfun.sk\",\"description\":\"\",\"publisher\":{\"@id\":\"https:\/\/kameryfun.sk\/#organization\"},\"potentialAction\":[{\"@type\":\"SearchAction\",\"target\":{\"@type\":\"EntryPoint\",\"urlTemplate\":\"https:\/\/kameryfun.sk\/?s={search_term_string}\"},\"query-input\":\"required name=search_term_string\"}],\"inLanguage\":\"sk-SK\"},{\"@type\":\"Organization\",\"@id\":\"https:\/\/kameryfun.sk\/#organization\",\"name\":\"Kameryfun.sk\",\"url\":\"https:\/\/kameryfun.sk\/\",\"logo\":{\"@type\":\"ImageObject\",\"inLanguage\":\"sk-SK\",\"@id\":\"https:\/\/kameryfun.sk\/#\/schema\/logo\/image\/\",\"url\":\"https:\/\/d.r4.wbsprt.com\/kameryfun.sk\/wp-content\/uploads\/2023\/07\/LOGO_FUN-e1689697383988.png\",\"contentUrl\":\"https:\/\/d.r4.wbsprt.com\/kameryfun.sk\/wp-content\/uploads\/2023\/07\/LOGO_FUN-e1689697383988.png\",\"width\":64,\"height\":64,\"caption\":\"Kameryfun.sk\"},\"image\":{\"@id\":\"https:\/\/kameryfun.sk\/#\/schema\/logo\/image\/\"}}]}<\/script>\n<!-- \/ Yoast SEO plugin. -->","yoast_head_json":{"title":"Kontaktujte n\u00e1s - Kameryfun.sk","robots":{"index":"index","follow":"follow","max-snippet":"max-snippet:-1","max-image-preview":"max-image-preview:large","max-video-preview":"max-video-preview:-1"},"canonical":"https:\/\/kameryfun.sk\/contact-us\/","og_locale":"sk_SK","og_type":"article","og_title":"Kontaktujte n\u00e1s - Kameryfun.sk","og_url":"https:\/\/kameryfun.sk\/contact-us\/","og_site_name":"Kameryfun.sk","article_modified_time":"2023-07-12T14:54:00+00:00","twitter_card":"summary_large_image","twitter_misc":{"Predpokladan\u00fd \u010das \u010d\u00edtania":"1 min\u00fata"},"schema":{"@context":"https:\/\/schema.org","@graph":[{"@type":"WebPage","@id":"https:\/\/kameryfun.sk\/contact-us\/","url":"https:\/\/kameryfun.sk\/contact-us\/","name":"Kontaktujte n\u00e1s - Kameryfun.sk","isPartOf":{"@id":"https:\/\/kameryfun.sk\/#website"},"datePublished":"2014-03-18T11:31:06+00:00","dateModified":"2023-07-12T14:54:00+00:00","breadcrumb":{"@id":"https:\/\/kameryfun.sk\/contact-us\/#breadcrumb"},"inLanguage":"sk-SK","potentialAction":[{"@type":"ReadAction","target":["https:\/\/kameryfun.sk\/contact-us\/"]}]},{"@type":"BreadcrumbList","@id":"https:\/\/kameryfun.sk\/contact-us\/#breadcrumb","itemListElement":[{"@type":"ListItem","position":1,"name":"Home","item":"https:\/\/kameryfun.sk\/"},{"@type":"ListItem","position":2,"name":"Kontaktujte n\u00e1s"}]},{"@type":"WebSite","@id":"https:\/\/kameryfun.sk\/#website","url":"https:\/\/kameryfun.sk\/","name":"Kameryfun.sk","description":"","publisher":{"@id":"https:\/\/kameryfun.sk\/#organization"},"potentialAction":[{"@type":"SearchAction","target":{"@type":"EntryPoint","urlTemplate":"https:\/\/kameryfun.sk\/?s={search_term_string}"},"query-input":"required name=search_term_string"}],"inLanguage":"sk-SK"},{"@type":"Organization","@id":"https:\/\/kameryfun.sk\/#organization","name":"Kameryfun.sk","url":"https:\/\/kameryfun.sk\/","logo":{"@type":"ImageObject","inLanguage":"sk-SK","@id":"https:\/\/kameryfun.sk\/#\/schema\/logo\/image\/","url":"https:\/\/d.r4.wbsprt.com\/kameryfun.sk\/wp-content\/uploads\/2023\/07\/LOGO_FUN-e1689697383988.png","contentUrl":"https:\/\/d.r4.wbsprt.com\/kameryfun.sk\/wp-content\/uploads\/2023\/07\/LOGO_FUN-e1689697383988.png","width":64,"height":64,"caption":"Kameryfun.sk"},"image":{"@id":"https:\/\/kameryfun.sk\/#\/schema\/logo\/image\/"}}]}},"_links":{"self":[{"href":"https:\/\/d.r4.wbsprt.com\/kameryfun.sk\/wp-json\/wp\/v2\/pages\/31"}],"collection":[{"href":"https:\/\/d.r4.wbsprt.com\/kameryfun.sk\/wp-json\/wp\/v2\/pages"}],"about":[{"href":"https:\/\/d.r4.wbsprt.com\/kameryfun.sk\/wp-json\/wp\/v2\/types\/page"}],"author":[{"embeddable":true,"href":"https:\/\/d.r4.wbsprt.com\/kameryfun.sk\/wp-json\/wp\/v2\/users\/1"}],"replies":[{"embeddable":true,"href":"https:\/\/d.r4.wbsprt.com\/kameryfun.sk\/wp-json\/wp\/v2\/comments?post=31"}],"version-history":[{"count":2,"href":"https:\/\/d.r4.wbsprt.com\/kameryfun.sk\/wp-json\/wp\/v2\/pages\/31\/revisions"}],"predecessor-version":[{"id":764,"href":"https:\/\/d.r4.wbsprt.com\/kameryfun.sk\/wp-json\/wp\/v2\/pages\/31\/revisions\/764"}],"wp:attachment":[{"href":"https:\/\/d.r4.wbsprt.com\/kameryfun.sk\/wp-json\/wp\/v2\/media?parent=31"}],"curies":[{"name":"wp","href":"https:\/\/api.w.org\/{rel}","templated":true}]}}