{"id":768,"date":"2023-07-18T13:16:22","date_gmt":"2023-07-18T11:16:22","guid":{"rendered":"https:\/\/kameryfun.sk\/?page_id=768"},"modified":"2024-07-02T13:42:49","modified_gmt":"2024-07-02T11:42:49","slug":"akcie-mimoriadna-ponuk","status":"publish","type":"page","link":"https:\/\/d.r4.wbsprt.com\/kameryfun.sk\/akcie-mimoriadna-ponuk\/","title":{"rendered":"Mimoriadna ponuka"},"content":{"rendered":"\n<h1 class=\"wp-block-heading\">Mimoriadna ponuka<\/h1>\n\n\n\n<h4 class=\"wp-block-heading\">V pr\u00edpade z\u00e1ujmu n\u00e1s kontaktujete na tel. \u010d. <a href=\"tel:+421944235411\"> +421944235411<\/a><\/h4>\n\n\n\n<div class=\"wp-block-media-text has-media-on-the-right is-stacked-on-mobile is-vertically-aligned-center has-white-background-color has-background\"><div class=\"wp-block-media-text__content\">\n<div class=\"wp-block-group is-layout-flow\" style=\"padding-top:2em;padding-right:2em;padding-bottom:2em;padding-left:2em\"><div class=\"wp-block-group__inner-container\">\n<h1 class=\"wp-block-heading\" style=\"font-size:36px\"><strong>Teraz za 199 \u20ac,- (p\u00f4vodn\u00e1 cena 300  \u20ac,-)<\/strong><\/h1>\n\n\n\n<h4 class=\"wp-block-heading\">Teraz len za <em><strong>199,-<\/strong><\/em><br>1 ks kamera v be\u017enej cene za <em>290,- \u20ac<\/em>.<\/h4>\n\n\n\n<h4 class=\"wp-block-heading\">Nepou\u017eit\u00e1 kamera.<br>Kamera bola rozbalen\u00e1 a prezentovan\u00e1 v showroome.<\/h4>\n<\/div><\/div>\n<\/div><figure class=\"wp-block-media-text__media\"><img decoding=\"async\" loading=\"lazy\" width=\"1024\" height=\"685\" src=\"http:\/\/kameryfun.sk\/wp-content\/uploads\/2023\/07\/DSC08553-1024x685.jpg\" alt=\"\" class=\"wp-image-758 size-full\" srcset=\"http:\/\/d.r4.wbsprt.com\/kameryfun.sk\/wp-content\/uploads\/2023\/07\/DSC08553-1024x685.jpg 1024w, http:\/\/d.r4.wbsprt.com\/kameryfun.sk\/wp-content\/uploads\/2023\/07\/DSC08553-300x201.jpg 300w, http:\/\/d.r4.wbsprt.com\/kameryfun.sk\/wp-content\/uploads\/2023\/07\/DSC08553-768x514.jpg 768w, http:\/\/d.r4.wbsprt.com\/kameryfun.sk\/wp-content\/uploads\/2023\/07\/DSC08553-1536x1028.jpg 1536w, http:\/\/d.r4.wbsprt.com\/kameryfun.sk\/wp-content\/uploads\/2023\/07\/DSC08553-2048x1371.jpg 2048w, http:\/\/d.r4.wbsprt.com\/kameryfun.sk\/wp-content\/uploads\/2023\/07\/DSC08553-600x402.jpg 600w\" sizes=\"(max-width: 1024px) 100vw, 1024px\" \/><\/figure><\/div>\n\n\n\n<div class=\"wp-block-media-text alignwide has-media-on-the-right is-stacked-on-mobile is-vertically-aligned-center has-white-background-color has-background\" style=\"grid-template-columns:auto 49%\"><div class=\"wp-block-media-text__content\">\n<div class=\"wp-block-group is-layout-flow\" style=\"padding-top:2em;padding-right:2em;padding-bottom:2em;padding-left:2em\"><div class=\"wp-block-group__inner-container\">\n<p style=\"font-size:36px;line-height:1.2\"><strong>Popis produktu<\/strong><\/p>\n\n\n\n<h6 class=\"wp-block-heading has-extra-small-font-size\"><strong><em><strong>Kamera UNV IP PTZ  C9312LFW<\/strong><\/em><\/strong><br><br>Du\u00e1lna kamera, Oto\u010dn\u00e1: FullHD a\u017e 30 sn\/s, <br>H.265, zoom 4x (106.6-30.6 \u00b0), IR 50m, <br>Alarmov\u00e9 biele svetlo 10m, dWDR, <br>Statick\u00e1: FullHD a\u017e 30 sn\/s, <br>H.265, obj. 2,8 mm (102,4 \u00b0), <br>IR 10m, WDR 120dB, Spolo\u010dn\u00e9: 2x Mic., <br>Repro, PoE 802.3at, Micro SDXC, SIP, IP66<\/h6>\n<\/div><\/div>\n<\/div><figure class=\"wp-block-media-text__media\"><img decoding=\"async\" loading=\"lazy\" width=\"1024\" height=\"862\" src=\"http:\/\/kameryfun.sk\/wp-content\/uploads\/2023\/07\/DSC08551-scaled-1-1024x862.jpg\" alt=\"\" class=\"wp-image-773 size-full\" srcset=\"http:\/\/d.r4.wbsprt.com\/kameryfun.sk\/wp-content\/uploads\/2023\/07\/DSC08551-scaled-1-1024x862.jpg 1024w, http:\/\/d.r4.wbsprt.com\/kameryfun.sk\/wp-content\/uploads\/2023\/07\/DSC08551-scaled-1-300x252.jpg 300w, http:\/\/d.r4.wbsprt.com\/kameryfun.sk\/wp-content\/uploads\/2023\/07\/DSC08551-scaled-1-768x646.jpg 768w, http:\/\/d.r4.wbsprt.com\/kameryfun.sk\/wp-content\/uploads\/2023\/07\/DSC08551-scaled-1-1536x1292.jpg 1536w, http:\/\/d.r4.wbsprt.com\/kameryfun.sk\/wp-content\/uploads\/2023\/07\/DSC08551-scaled-1-600x505.jpg 600w, http:\/\/d.r4.wbsprt.com\/kameryfun.sk\/wp-content\/uploads\/2023\/07\/DSC08551-scaled-1.jpg 2036w\" sizes=\"(max-width: 1024px) 100vw, 1024px\" \/><\/figure><\/div>\n","protected":false},"excerpt":{"rendered":"<p>Mimoriadna ponuka V pr\u00edpade z\u00e1ujmu n\u00e1s kontaktujete na tel. \u010d. +421944235411<\/p>\n","protected":false},"author":1,"featured_media":0,"parent":0,"menu_order":0,"comment_status":"closed","ping_status":"closed","template":"","meta":{"_mi_skip_tracking":false,"_monsterinsights_sitenote_active":false,"_monsterinsights_sitenote_note":"","_monsterinsights_sitenote_category":0},"yoast_head":"<!-- This site is optimized with the Yoast SEO plugin v21.8.1 - https:\/\/yoast.com\/wordpress\/plugins\/seo\/ -->\n<title>Mimoriadna ponuka - Kameryfun.sk<\/title>\n<meta name=\"robots\" content=\"index, follow, max-snippet:-1, max-image-preview:large, max-video-preview:-1\" \/>\n<link rel=\"canonical\" href=\"https:\/\/kameryfun.sk\/akcie-mimoriadna-ponuk\/\" \/>\n<meta property=\"og:locale\" content=\"sk_SK\" \/>\n<meta property=\"og:type\" content=\"article\" \/>\n<meta property=\"og:title\" content=\"Mimoriadna ponuka - Kameryfun.sk\" \/>\n<meta property=\"og:description\" content=\"Mimoriadna ponuka V pr\u00edpade z\u00e1ujmu n\u00e1s kontaktujete na tel. \u010d. +421944235411\" \/>\n<meta property=\"og:url\" content=\"https:\/\/kameryfun.sk\/akcie-mimoriadna-ponuk\/\" \/>\n<meta property=\"og:site_name\" content=\"Kameryfun.sk\" \/>\n<meta property=\"article:modified_time\" content=\"2024-07-02T11:42:49+00:00\" \/>\n<meta property=\"og:image\" content=\"http:\/\/kameryfun.sk\/wp-content\/uploads\/2023\/07\/DSC08553-1024x685.jpg\" \/>\n<meta name=\"twitter:card\" content=\"summary_large_image\" \/>\n<meta name=\"twitter:label1\" content=\"Predpokladan\u00fd \u010das \u010d\u00edtania\" \/>\n\t<meta name=\"twitter:data1\" content=\"1 min\u00fata\" \/>\n<script type=\"application\/ld+json\" class=\"yoast-schema-graph\">{\"@context\":\"https:\/\/schema.org\",\"@graph\":[{\"@type\":[\"WebPage\",\"ItemPage\"],\"@id\":\"https:\/\/kameryfun.sk\/akcie-mimoriadna-ponuk\/\",\"url\":\"https:\/\/kameryfun.sk\/akcie-mimoriadna-ponuk\/\",\"name\":\"Mimoriadna ponuka - Kameryfun.sk\",\"isPartOf\":{\"@id\":\"https:\/\/kameryfun.sk\/#website\"},\"datePublished\":\"2023-07-18T11:16:22+00:00\",\"dateModified\":\"2024-07-02T11:42:49+00:00\",\"breadcrumb\":{\"@id\":\"https:\/\/kameryfun.sk\/akcie-mimoriadna-ponuk\/#breadcrumb\"},\"inLanguage\":\"sk-SK\",\"potentialAction\":[{\"@type\":\"ReadAction\",\"target\":[\"https:\/\/kameryfun.sk\/akcie-mimoriadna-ponuk\/\"]}]},{\"@type\":\"BreadcrumbList\",\"@id\":\"https:\/\/kameryfun.sk\/akcie-mimoriadna-ponuk\/#breadcrumb\",\"itemListElement\":[{\"@type\":\"ListItem\",\"position\":1,\"name\":\"Home\",\"item\":\"https:\/\/kameryfun.sk\/\"},{\"@type\":\"ListItem\",\"position\":2,\"name\":\"Mimoriadna ponuka\"}]},{\"@type\":\"WebSite\",\"@id\":\"https:\/\/kameryfun.sk\/#website\",\"url\":\"https:\/\/kameryfun.sk\/\",\"name\":\"Kameryfun.sk\",\"description\":\"\",\"publisher\":{\"@id\":\"https:\/\/kameryfun.sk\/#organization\"},\"potentialAction\":[{\"@type\":\"SearchAction\",\"target\":{\"@type\":\"EntryPoint\",\"urlTemplate\":\"https:\/\/kameryfun.sk\/?s={search_term_string}\"},\"query-input\":\"required name=search_term_string\"}],\"inLanguage\":\"sk-SK\"},{\"@type\":\"Organization\",\"@id\":\"https:\/\/kameryfun.sk\/#organization\",\"name\":\"Kameryfun.sk\",\"url\":\"https:\/\/kameryfun.sk\/\",\"logo\":{\"@type\":\"ImageObject\",\"inLanguage\":\"sk-SK\",\"@id\":\"https:\/\/kameryfun.sk\/#\/schema\/logo\/image\/\",\"url\":\"https:\/\/d.r4.wbsprt.com\/kameryfun.sk\/wp-content\/uploads\/2023\/07\/LOGO_FUN-e1689697383988.png\",\"contentUrl\":\"https:\/\/d.r4.wbsprt.com\/kameryfun.sk\/wp-content\/uploads\/2023\/07\/LOGO_FUN-e1689697383988.png\",\"width\":64,\"height\":64,\"caption\":\"Kameryfun.sk\"},\"image\":{\"@id\":\"https:\/\/kameryfun.sk\/#\/schema\/logo\/image\/\"}}]}<\/script>\n<!-- \/ Yoast SEO plugin. -->","yoast_head_json":{"title":"Mimoriadna ponuka - Kameryfun.sk","robots":{"index":"index","follow":"follow","max-snippet":"max-snippet:-1","max-image-preview":"max-image-preview:large","max-video-preview":"max-video-preview:-1"},"canonical":"https:\/\/kameryfun.sk\/akcie-mimoriadna-ponuk\/","og_locale":"sk_SK","og_type":"article","og_title":"Mimoriadna ponuka - Kameryfun.sk","og_description":"Mimoriadna ponuka V pr\u00edpade z\u00e1ujmu n\u00e1s kontaktujete na tel. \u010d. +421944235411","og_url":"https:\/\/kameryfun.sk\/akcie-mimoriadna-ponuk\/","og_site_name":"Kameryfun.sk","article_modified_time":"2024-07-02T11:42:49+00:00","og_image":[{"url":"http:\/\/kameryfun.sk\/wp-content\/uploads\/2023\/07\/DSC08553-1024x685.jpg"}],"twitter_card":"summary_large_image","twitter_misc":{"Predpokladan\u00fd \u010das \u010d\u00edtania":"1 min\u00fata"},"schema":{"@context":"https:\/\/schema.org","@graph":[{"@type":["WebPage","ItemPage"],"@id":"https:\/\/kameryfun.sk\/akcie-mimoriadna-ponuk\/","url":"https:\/\/kameryfun.sk\/akcie-mimoriadna-ponuk\/","name":"Mimoriadna ponuka - Kameryfun.sk","isPartOf":{"@id":"https:\/\/kameryfun.sk\/#website"},"datePublished":"2023-07-18T11:16:22+00:00","dateModified":"2024-07-02T11:42:49+00:00","breadcrumb":{"@id":"https:\/\/kameryfun.sk\/akcie-mimoriadna-ponuk\/#breadcrumb"},"inLanguage":"sk-SK","potentialAction":[{"@type":"ReadAction","target":["https:\/\/kameryfun.sk\/akcie-mimoriadna-ponuk\/"]}]},{"@type":"BreadcrumbList","@id":"https:\/\/kameryfun.sk\/akcie-mimoriadna-ponuk\/#breadcrumb","itemListElement":[{"@type":"ListItem","position":1,"name":"Home","item":"https:\/\/kameryfun.sk\/"},{"@type":"ListItem","position":2,"name":"Mimoriadna ponuka"}]},{"@type":"WebSite","@id":"https:\/\/kameryfun.sk\/#website","url":"https:\/\/kameryfun.sk\/","name":"Kameryfun.sk","description":"","publisher":{"@id":"https:\/\/kameryfun.sk\/#organization"},"potentialAction":[{"@type":"SearchAction","target":{"@type":"EntryPoint","urlTemplate":"https:\/\/kameryfun.sk\/?s={search_term_string}"},"query-input":"required name=search_term_string"}],"inLanguage":"sk-SK"},{"@type":"Organization","@id":"https:\/\/kameryfun.sk\/#organization","name":"Kameryfun.sk","url":"https:\/\/kameryfun.sk\/","logo":{"@type":"ImageObject","inLanguage":"sk-SK","@id":"https:\/\/kameryfun.sk\/#\/schema\/logo\/image\/","url":"https:\/\/d.r4.wbsprt.com\/kameryfun.sk\/wp-content\/uploads\/2023\/07\/LOGO_FUN-e1689697383988.png","contentUrl":"https:\/\/d.r4.wbsprt.com\/kameryfun.sk\/wp-content\/uploads\/2023\/07\/LOGO_FUN-e1689697383988.png","width":64,"height":64,"caption":"Kameryfun.sk"},"image":{"@id":"https:\/\/kameryfun.sk\/#\/schema\/logo\/image\/"}}]}},"_links":{"self":[{"href":"https:\/\/d.r4.wbsprt.com\/kameryfun.sk\/wp-json\/wp\/v2\/pages\/768"}],"collection":[{"href":"https:\/\/d.r4.wbsprt.com\/kameryfun.sk\/wp-json\/wp\/v2\/pages"}],"about":[{"href":"https:\/\/d.r4.wbsprt.com\/kameryfun.sk\/wp-json\/wp\/v2\/types\/page"}],"author":[{"embeddable":true,"href":"https:\/\/d.r4.wbsprt.com\/kameryfun.sk\/wp-json\/wp\/v2\/users\/1"}],"replies":[{"embeddable":true,"href":"https:\/\/d.r4.wbsprt.com\/kameryfun.sk\/wp-json\/wp\/v2\/comments?post=768"}],"version-history":[{"count":5,"href":"https:\/\/d.r4.wbsprt.com\/kameryfun.sk\/wp-json\/wp\/v2\/pages\/768\/revisions"}],"predecessor-version":[{"id":893,"href":"https:\/\/d.r4.wbsprt.com\/kameryfun.sk\/wp-json\/wp\/v2\/pages\/768\/revisions\/893"}],"wp:attachment":[{"href":"https:\/\/d.r4.wbsprt.com\/kameryfun.sk\/wp-json\/wp\/v2\/media?parent=768"}],"curies":[{"name":"wp","href":"https:\/\/api.w.org\/{rel}","templated":true}]}}