{"id":2661,"date":"2023-11-19T12:11:50","date_gmt":"2023-11-19T11:11:50","guid":{"rendered":"https:\/\/milujemevlnu.sk\/?post_type=product&#038;p=2661"},"modified":"2026-04-08T11:35:19","modified_gmt":"2026-04-08T09:35:19","slug":"chunky-ciapka","status":"publish","type":"product","link":"https:\/\/d.r4.wbsprt.com\/milujemevlnu.sk\/produkt\/chunky-ciapka\/","title":{"rendered":"Chunky \u010diapka"},"content":{"rendered":"<p>Ru\u010dne pleten\u00e1 chunky \u010diapka, s ktorou bude\u0161 v teple cel\u00fa zimu. \u010ciapka je pleten\u00e1 z pr\u00e9miovej peru\u00e1nskej vlny od ove\u010diek, ktor\u00e9 s\u00fa chovan\u00e9 v s\u00falade s pr\u00edrodou. \u010ciapka m\u00e1 lem, ktor\u00fd si vie\u0161 pod\u013ea potreby ohn\u00fa\u0165.<\/p>\n<p>Vlna je m\u00e4kk\u00e1, tepl\u00e1 a pr\u00edjemn\u00e1 na dotyk. \u010ciapka je vyroben\u00e1 zo 100% vlny a t\u00e1 m\u00e1 vynikaj\u00face termoregula\u010dn\u00e9 vlastnosti, odv\u00e1dza vlhko a nechlad\u00ed aj ke\u010f trochu zmokne. Starostlivos\u0165 o \u0148u je ve\u013emi jednoduch\u00e1, sta\u010d\u00ed ju necha\u0165 vyvetra\u0165 na vzduch alebo ju m\u00f4\u017ee\u0161 necha\u0165 aj vymrzn\u00fa\u0165 a t\u00fdm sa pachy stratia.<\/p>\n<p>Vyroben\u00e9 s l\u00e1skou na Slovensku.<\/p>\n<p>\u00dadr\u017eba: ru\u010dn\u00e9 prianie v studenej vode, ne\u017em\u00fdka\u0165, su\u0161i\u0165 na plocho<\/p>\n","protected":false},"excerpt":{"rendered":"<p>Ru\u010dne pleten\u00e1 chunky \u010diapka, s ktorou bude\u0161 v teple cel\u00fa zimu. \u010ciapka je pleten\u00e1 z pr\u00e9miovej peru\u00e1nskej vlny od ove\u010diek, [&hellip;]<\/p>\n","protected":false},"featured_media":3210,"comment_status":"open","ping_status":"closed","template":"","meta":{"site-sidebar-layout":"default","site-content-layout":"","ast-site-content-layout":"default","site-content-style":"default","site-sidebar-style":"default","ast-global-header-display":"","ast-banner-title-visibility":"","ast-main-header-display":"","ast-hfb-above-header-display":"","ast-hfb-below-header-display":"","ast-hfb-mobile-header-display":"","site-post-title":"","ast-breadcrumbs-content":"","ast-featured-img":"","footer-sml-layout":"","ast-disable-related-posts":"","theme-transparent-header-meta":"default","adv-header-id-meta":"","stick-header-meta":"","header-above-stick-meta":"","header-main-stick-meta":"","header-below-stick-meta":"","astra-migrate-meta-layouts":"set","ast-page-background-enabled":"default","ast-page-background-meta":{"desktop":{"background-color":"var(--ast-global-color-4)","background-image":"","background-repeat":"repeat","background-position":"center center","background-size":"auto","background-attachment":"scroll","background-type":"","background-media":"","overlay-type":"","overlay-color":"","overlay-opacity":"","overlay-gradient":""},"tablet":{"background-color":"","background-image":"","background-repeat":"repeat","background-position":"center center","background-size":"auto","background-attachment":"scroll","background-type":"","background-media":"","overlay-type":"","overlay-color":"","overlay-opacity":"","overlay-gradient":""},"mobile":{"background-color":"","background-image":"","background-repeat":"repeat","background-position":"center center","background-size":"auto","background-attachment":"scroll","background-type":"","background-media":"","overlay-type":"","overlay-color":"","overlay-opacity":"","overlay-gradient":""}},"ast-content-background-meta":{"desktop":{"background-color":"var(--ast-global-color-5)","background-image":"","background-repeat":"repeat","background-position":"center center","background-size":"auto","background-attachment":"scroll","background-type":"","background-media":"","overlay-type":"","overlay-color":"","overlay-opacity":"","overlay-gradient":""},"tablet":{"background-color":"var(--ast-global-color-5)","background-image":"","background-repeat":"repeat","background-position":"center center","background-size":"auto","background-attachment":"scroll","background-type":"","background-media":"","overlay-type":"","overlay-color":"","overlay-opacity":"","overlay-gradient":""},"mobile":{"background-color":"var(--ast-global-color-5)","background-image":"","background-repeat":"repeat","background-position":"center center","background-size":"auto","background-attachment":"scroll","background-type":"","background-media":"","overlay-type":"","overlay-color":"","overlay-opacity":"","overlay-gradient":""}},"iawp_total_views":89},"product_brand":[],"product_cat":[453],"product_tag":[454],"class_list":{"0":"post-2661","1":"product","2":"type-product","3":"status-publish","4":"has-post-thumbnail","6":"product_cat-upletene-s-laskou","7":"product_tag-milujeme-vlnu","8":"desktop-align-left","9":"tablet-align-left","10":"mobile-align-left","12":"first","13":"instock","14":"taxable","15":"shipping-taxable","16":"purchasable","17":"product-type-variable"},"yoast_head":"<!-- This site is optimized with the Yoast SEO plugin v27.5 - https:\/\/yoast.com\/product\/yoast-seo-wordpress\/ -->\n<title>Chunky \u010diapka - Milujeme vlnu<\/title>\n<meta name=\"description\" content=\"Ru\u010dne pleten\u00e1 chunky \u010diapka, s ktorou bude\u0161 v teple cel\u00fa zimu. \u010ciapka je pleten\u00e1 z pr\u00e9miovej peru\u00e1nskej vlny od ove\u010diek, ktor\u00e9 s\u00fa chovan\u00e9 v s\u00falade s pr\u00edrodou.\" \/>\n<meta name=\"robots\" content=\"index, follow, max-snippet:-1, max-image-preview:large, max-video-preview:-1\" \/>\n<link rel=\"canonical\" href=\"https:\/\/milujemevlnu.sk\/produkt\/chunky-ciapka\/\" \/>\n<meta property=\"og:locale\" content=\"sk_SK\" \/>\n<meta property=\"og:type\" content=\"article\" \/>\n<meta property=\"og:title\" content=\"Chunky \u010diapka - Milujeme vlnu\" \/>\n<meta property=\"og:description\" content=\"Ru\u010dne pleten\u00e1 chunky \u010diapka, s ktorou bude\u0161 v teple cel\u00fa zimu. \u010ciapka je pleten\u00e1 z pr\u00e9miovej peru\u00e1nskej vlny od ove\u010diek, ktor\u00e9 s\u00fa chovan\u00e9 v s\u00falade s pr\u00edrodou.\" \/>\n<meta property=\"og:url\" content=\"https:\/\/milujemevlnu.sk\/produkt\/chunky-ciapka\/\" \/>\n<meta property=\"og:site_name\" content=\"Milujeme vlnu\" \/>\n<meta property=\"article:modified_time\" content=\"2026-04-08T09:35:19+00:00\" \/>\n<meta property=\"og:image\" content=\"https:\/\/milujemevlnu.sk\/wp-content\/uploads\/2023\/11\/20241109_110810-scaled.jpg\" \/>\n\t<meta property=\"og:image:width\" content=\"1913\" \/>\n\t<meta property=\"og:image:height\" content=\"2560\" \/>\n\t<meta property=\"og:image:type\" content=\"image\/jpeg\" \/>\n<meta name=\"twitter:card\" content=\"summary_large_image\" \/>\n<meta name=\"twitter:label1\" content=\"Predpokladan\u00fd \u010das \u010d\u00edtania\" \/>\n\t<meta name=\"twitter:data1\" content=\"1 min\u00fata\" \/>\n<script type=\"application\/ld+json\" class=\"yoast-schema-graph\">{\"@context\":\"https:\\\/\\\/schema.org\",\"@graph\":[{\"@type\":\"WebPage\",\"@id\":\"https:\\\/\\\/milujemevlnu.sk\\\/produkt\\\/chunky-ciapka\\\/\",\"url\":\"https:\\\/\\\/milujemevlnu.sk\\\/produkt\\\/chunky-ciapka\\\/\",\"name\":\"Chunky \u010diapka - Milujeme vlnu\",\"isPartOf\":{\"@id\":\"https:\\\/\\\/milujemevlnu.sk\\\/#website\"},\"primaryImageOfPage\":{\"@id\":\"https:\\\/\\\/milujemevlnu.sk\\\/produkt\\\/chunky-ciapka\\\/#primaryimage\"},\"image\":{\"@id\":\"https:\\\/\\\/milujemevlnu.sk\\\/produkt\\\/chunky-ciapka\\\/#primaryimage\"},\"thumbnailUrl\":\"https:\\\/\\\/d.r4.wbsprt.com\\\/milujemevlnu.sk\\\/wp-content\\\/uploads\\\/2023\\\/11\\\/20241109_110810-scaled.jpg\",\"datePublished\":\"2023-11-19T11:11:50+00:00\",\"dateModified\":\"2026-04-08T09:35:19+00:00\",\"description\":\"Ru\u010dne pleten\u00e1 chunky \u010diapka, s ktorou bude\u0161 v teple cel\u00fa zimu. \u010ciapka je pleten\u00e1 z pr\u00e9miovej peru\u00e1nskej vlny od ove\u010diek, ktor\u00e9 s\u00fa chovan\u00e9 v s\u00falade s pr\u00edrodou.\",\"breadcrumb\":{\"@id\":\"https:\\\/\\\/milujemevlnu.sk\\\/produkt\\\/chunky-ciapka\\\/#breadcrumb\"},\"inLanguage\":\"sk-SK\",\"potentialAction\":[{\"@type\":\"ReadAction\",\"target\":[\"https:\\\/\\\/milujemevlnu.sk\\\/produkt\\\/chunky-ciapka\\\/\"]}]},{\"@type\":\"ImageObject\",\"inLanguage\":\"sk-SK\",\"@id\":\"https:\\\/\\\/milujemevlnu.sk\\\/produkt\\\/chunky-ciapka\\\/#primaryimage\",\"url\":\"https:\\\/\\\/d.r4.wbsprt.com\\\/milujemevlnu.sk\\\/wp-content\\\/uploads\\\/2023\\\/11\\\/20241109_110810-scaled.jpg\",\"contentUrl\":\"https:\\\/\\\/d.r4.wbsprt.com\\\/milujemevlnu.sk\\\/wp-content\\\/uploads\\\/2023\\\/11\\\/20241109_110810-scaled.jpg\",\"width\":1913,\"height\":2560},{\"@type\":\"BreadcrumbList\",\"@id\":\"https:\\\/\\\/milujemevlnu.sk\\\/produkt\\\/chunky-ciapka\\\/#breadcrumb\",\"itemListElement\":[{\"@type\":\"ListItem\",\"position\":1,\"name\":\"Domov\",\"item\":\"https:\\\/\\\/milujemevlnu.sk\\\/\"},{\"@type\":\"ListItem\",\"position\":2,\"name\":\"Obchod\",\"item\":\"https:\\\/\\\/milujemevlnu.sk\\\/shop\\\/\"},{\"@type\":\"ListItem\",\"position\":3,\"name\":\"Chunky \u010diapka\"}]},{\"@type\":\"WebSite\",\"@id\":\"https:\\\/\\\/milujemevlnu.sk\\\/#website\",\"url\":\"https:\\\/\\\/milujemevlnu.sk\\\/\",\"name\":\"Milujeme vlnu\",\"description\":\"Pr\u00edrodn\u00e9 priadze na pletenie a h\u00e1\u010dkovanie. Ru\u010dne pleten\u00e9 v\u00fdrobky z vlny. \",\"publisher\":{\"@id\":\"https:\\\/\\\/milujemevlnu.sk\\\/#organization\"},\"potentialAction\":[{\"@type\":\"SearchAction\",\"target\":{\"@type\":\"EntryPoint\",\"urlTemplate\":\"https:\\\/\\\/milujemevlnu.sk\\\/?s={search_term_string}\"},\"query-input\":{\"@type\":\"PropertyValueSpecification\",\"valueRequired\":true,\"valueName\":\"search_term_string\"}}],\"inLanguage\":\"sk-SK\"},{\"@type\":\"Organization\",\"@id\":\"https:\\\/\\\/milujemevlnu.sk\\\/#organization\",\"name\":\"Milujeme vlnu\",\"url\":\"https:\\\/\\\/milujemevlnu.sk\\\/\",\"logo\":{\"@type\":\"ImageObject\",\"inLanguage\":\"sk-SK\",\"@id\":\"https:\\\/\\\/milujemevlnu.sk\\\/#\\\/schema\\\/logo\\\/image\\\/\",\"url\":\"https:\\\/\\\/i0.wp.com\\\/milujemevlnu.sk\\\/wp-content\\\/uploads\\\/2024\\\/03\\\/IMG-20240224-WA0023.jpg?fit=1500%2C2000&ssl=1\",\"contentUrl\":\"https:\\\/\\\/i0.wp.com\\\/milujemevlnu.sk\\\/wp-content\\\/uploads\\\/2024\\\/03\\\/IMG-20240224-WA0023.jpg?fit=1500%2C2000&ssl=1\",\"width\":1500,\"height\":2000,\"caption\":\"Milujeme vlnu\"},\"image\":{\"@id\":\"https:\\\/\\\/milujemevlnu.sk\\\/#\\\/schema\\\/logo\\\/image\\\/\"},\"sameAs\":[\"https:\\\/\\\/www.instagram.com\\\/milujemevlnu.sk\\\/\",\"https:\\\/\\\/sk.pinterest.com\\\/milujemevlnu\"]}]}<\/script>\n<!-- \/ Yoast SEO plugin. -->","yoast_head_json":{"title":"Chunky \u010diapka - Milujeme vlnu","description":"Ru\u010dne pleten\u00e1 chunky \u010diapka, s ktorou bude\u0161 v teple cel\u00fa zimu. \u010ciapka je pleten\u00e1 z pr\u00e9miovej peru\u00e1nskej vlny od ove\u010diek, ktor\u00e9 s\u00fa chovan\u00e9 v s\u00falade s pr\u00edrodou.","robots":{"index":"index","follow":"follow","max-snippet":"max-snippet:-1","max-image-preview":"max-image-preview:large","max-video-preview":"max-video-preview:-1"},"canonical":"https:\/\/milujemevlnu.sk\/produkt\/chunky-ciapka\/","og_locale":"sk_SK","og_type":"article","og_title":"Chunky \u010diapka - Milujeme vlnu","og_description":"Ru\u010dne pleten\u00e1 chunky \u010diapka, s ktorou bude\u0161 v teple cel\u00fa zimu. \u010ciapka je pleten\u00e1 z pr\u00e9miovej peru\u00e1nskej vlny od ove\u010diek, ktor\u00e9 s\u00fa chovan\u00e9 v s\u00falade s pr\u00edrodou.","og_url":"https:\/\/milujemevlnu.sk\/produkt\/chunky-ciapka\/","og_site_name":"Milujeme vlnu","article_modified_time":"2026-04-08T09:35:19+00:00","og_image":[{"width":1913,"height":2560,"url":"https:\/\/milujemevlnu.sk\/wp-content\/uploads\/2023\/11\/20241109_110810-scaled.jpg","type":"image\/jpeg"}],"twitter_card":"summary_large_image","twitter_misc":{"Predpokladan\u00fd \u010das \u010d\u00edtania":"1 min\u00fata"},"schema":{"@context":"https:\/\/schema.org","@graph":[{"@type":"WebPage","@id":"https:\/\/milujemevlnu.sk\/produkt\/chunky-ciapka\/","url":"https:\/\/milujemevlnu.sk\/produkt\/chunky-ciapka\/","name":"Chunky \u010diapka - Milujeme vlnu","isPartOf":{"@id":"https:\/\/milujemevlnu.sk\/#website"},"primaryImageOfPage":{"@id":"https:\/\/milujemevlnu.sk\/produkt\/chunky-ciapka\/#primaryimage"},"image":{"@id":"https:\/\/milujemevlnu.sk\/produkt\/chunky-ciapka\/#primaryimage"},"thumbnailUrl":"https:\/\/d.r4.wbsprt.com\/milujemevlnu.sk\/wp-content\/uploads\/2023\/11\/20241109_110810-scaled.jpg","datePublished":"2023-11-19T11:11:50+00:00","dateModified":"2026-04-08T09:35:19+00:00","description":"Ru\u010dne pleten\u00e1 chunky \u010diapka, s ktorou bude\u0161 v teple cel\u00fa zimu. \u010ciapka je pleten\u00e1 z pr\u00e9miovej peru\u00e1nskej vlny od ove\u010diek, ktor\u00e9 s\u00fa chovan\u00e9 v s\u00falade s pr\u00edrodou.","breadcrumb":{"@id":"https:\/\/milujemevlnu.sk\/produkt\/chunky-ciapka\/#breadcrumb"},"inLanguage":"sk-SK","potentialAction":[{"@type":"ReadAction","target":["https:\/\/milujemevlnu.sk\/produkt\/chunky-ciapka\/"]}]},{"@type":"ImageObject","inLanguage":"sk-SK","@id":"https:\/\/milujemevlnu.sk\/produkt\/chunky-ciapka\/#primaryimage","url":"https:\/\/d.r4.wbsprt.com\/milujemevlnu.sk\/wp-content\/uploads\/2023\/11\/20241109_110810-scaled.jpg","contentUrl":"https:\/\/d.r4.wbsprt.com\/milujemevlnu.sk\/wp-content\/uploads\/2023\/11\/20241109_110810-scaled.jpg","width":1913,"height":2560},{"@type":"BreadcrumbList","@id":"https:\/\/milujemevlnu.sk\/produkt\/chunky-ciapka\/#breadcrumb","itemListElement":[{"@type":"ListItem","position":1,"name":"Domov","item":"https:\/\/milujemevlnu.sk\/"},{"@type":"ListItem","position":2,"name":"Obchod","item":"https:\/\/milujemevlnu.sk\/shop\/"},{"@type":"ListItem","position":3,"name":"Chunky \u010diapka"}]},{"@type":"WebSite","@id":"https:\/\/milujemevlnu.sk\/#website","url":"https:\/\/milujemevlnu.sk\/","name":"Milujeme vlnu","description":"Pr\u00edrodn\u00e9 priadze na pletenie a h\u00e1\u010dkovanie. Ru\u010dne pleten\u00e9 v\u00fdrobky z vlny. ","publisher":{"@id":"https:\/\/milujemevlnu.sk\/#organization"},"potentialAction":[{"@type":"SearchAction","target":{"@type":"EntryPoint","urlTemplate":"https:\/\/milujemevlnu.sk\/?s={search_term_string}"},"query-input":{"@type":"PropertyValueSpecification","valueRequired":true,"valueName":"search_term_string"}}],"inLanguage":"sk-SK"},{"@type":"Organization","@id":"https:\/\/milujemevlnu.sk\/#organization","name":"Milujeme vlnu","url":"https:\/\/milujemevlnu.sk\/","logo":{"@type":"ImageObject","inLanguage":"sk-SK","@id":"https:\/\/milujemevlnu.sk\/#\/schema\/logo\/image\/","url":"https:\/\/i0.wp.com\/milujemevlnu.sk\/wp-content\/uploads\/2024\/03\/IMG-20240224-WA0023.jpg?fit=1500%2C2000&ssl=1","contentUrl":"https:\/\/i0.wp.com\/milujemevlnu.sk\/wp-content\/uploads\/2024\/03\/IMG-20240224-WA0023.jpg?fit=1500%2C2000&ssl=1","width":1500,"height":2000,"caption":"Milujeme vlnu"},"image":{"@id":"https:\/\/milujemevlnu.sk\/#\/schema\/logo\/image\/"},"sameAs":["https:\/\/www.instagram.com\/milujemevlnu.sk\/","https:\/\/sk.pinterest.com\/milujemevlnu"]}]}},"_links":{"self":[{"href":"https:\/\/d.r4.wbsprt.com\/milujemevlnu.sk\/wp-json\/wp\/v2\/product\/2661","targetHints":{"allow":["GET"]}}],"collection":[{"href":"https:\/\/d.r4.wbsprt.com\/milujemevlnu.sk\/wp-json\/wp\/v2\/product"}],"about":[{"href":"https:\/\/d.r4.wbsprt.com\/milujemevlnu.sk\/wp-json\/wp\/v2\/types\/product"}],"replies":[{"embeddable":true,"href":"https:\/\/d.r4.wbsprt.com\/milujemevlnu.sk\/wp-json\/wp\/v2\/comments?post=2661"}],"wp:featuredmedia":[{"embeddable":true,"href":"https:\/\/d.r4.wbsprt.com\/milujemevlnu.sk\/wp-json\/wp\/v2\/media\/3210"}],"wp:attachment":[{"href":"https:\/\/d.r4.wbsprt.com\/milujemevlnu.sk\/wp-json\/wp\/v2\/media?parent=2661"}],"wp:term":[{"taxonomy":"product_brand","embeddable":true,"href":"https:\/\/d.r4.wbsprt.com\/milujemevlnu.sk\/wp-json\/wp\/v2\/product_brand?post=2661"},{"taxonomy":"product_cat","embeddable":true,"href":"https:\/\/d.r4.wbsprt.com\/milujemevlnu.sk\/wp-json\/wp\/v2\/product_cat?post=2661"},{"taxonomy":"product_tag","embeddable":true,"href":"https:\/\/d.r4.wbsprt.com\/milujemevlnu.sk\/wp-json\/wp\/v2\/product_tag?post=2661"}],"curies":[{"name":"wp","href":"https:\/\/api.w.org\/{rel}","templated":true}]}}