{"id":5529,"date":"2026-02-02T08:01:50","date_gmt":"2026-02-02T07:01:50","guid":{"rendered":"https:\/\/www.mojesebepoznani.cz\/?post_type=product&#038;p=5529"},"modified":"2026-02-02T08:08:29","modified_gmt":"2026-02-02T07:08:29","slug":"galakticka-mise-a-kruhy-v-obili","status":"publish","type":"product","link":"https:\/\/d.r4.wbsprt.com\/mojesebepoznani.cz\/produkt\/galakticka-mise-a-kruhy-v-obili\/","title":{"rendered":"Galaktick\u00e1 mise a kruhy v obil\u00ed"},"content":{"rendered":"<p data-start=\"360\" data-end=\"513\">St\u0159ede\u010dn\u00ed po\u0159ady 2026 pokra\u010duj\u00ed p\u0159edn\u00e1\u0161kou Ing. Adolfa Innemana, PhD., v\u011bnovanou t\u00e9matu kruh\u016f v obil\u00ed a jejich \u0161ir\u0161\u00edmu duchovn\u00edmu a symbolick\u00e9mu v\u00fdznamu.<\/p>\n<p data-start=\"515\" data-end=\"823\">Kruhy v obil\u00ed jsou ji\u017e desetilet\u00ed p\u0159edm\u011btem diskus\u00ed, v\u00fdzkumu i duchovn\u00edch interpretac\u00ed. Ve\u010der nab\u00eddne pohled na jejich geometrii, symboliku a mo\u017en\u00e9 propojen\u00ed s v\u011bdom\u00edm \u010dlov\u011bka i kosmick\u00fdmi z\u00e1konitostmi. P\u0159edn\u00e1\u0161ka otev\u0159e ot\u00e1zky galaktick\u00fdch cykl\u016f, v\u00fdvoje v\u011bdom\u00ed a vztahu \u010dlov\u011bka k \u0161ir\u0161\u00edmu vesm\u00edrn\u00e9mu kontextu.<\/p>\n<p data-start=\"825\" data-end=\"841\"><strong>Hlavn\u00ed okruhy:<\/strong><\/p>\n<ul>\n<li>historie a v\u00fdvoj fenom\u00e9nu kruh\u016f v obil\u00ed<\/li>\n<li>geometrie a symbolika obrazc\u016f<\/li>\n<li>mo\u017en\u00e9 interpretace a hypot\u00e9zy<\/li>\n<li>duchovn\u00ed rozm\u011br a v\u00fdvoj v\u011bdom\u00ed<\/li>\n<\/ul>\n<p>Vstupenky si objedn\u00e1vejte:<\/p>\n<p><strong>Pokladna tel.:<\/strong>\u00a0272 950 557<br \/>\n<strong>Email:\u00a0<\/strong><a href=\"mailto:galerie@cestykesvetlu.cz\">galerie@cestykesvetlu.cz<\/a><\/p>\n","protected":false},"excerpt":{"rendered":"<p data-start=\"201\" data-end=\"340\">P\u0159edn\u00e1\u0161ka Ing. Adolfa Innemana, PhD., zam\u011b\u0159en\u00e1 na fenom\u00e9n kruh\u016f v obil\u00ed, jejich symboliku a mo\u017en\u00e9 souvislosti s v\u011bdom\u00edm a kosmick\u00fdmi cykly.<\/p>\n<p data-start=\"342\" data-end=\"359\"><strong>Term\u00edn<\/strong>: 13. kv\u011btna 2026 od 19:00<br data-start=\"1022\" data-end=\"1025\" \/><strong>D\u00e9lka programu<\/strong>: cca 2\u20133 hodiny<br data-start=\"1055\" data-end=\"1058\" \/><strong>Vstupn\u00e9<\/strong>: 250 K\u010d<br data-start=\"1073\" data-end=\"1076\" \/>M\u00edsto kon\u00e1n\u00ed: Galerie Cesty ke sv\u011btlu, Praha 4<\/p>\n<p data-start=\"342\" data-end=\"359\"><strong>Pokladna tel.:<\/strong>\u00a0272 950 557<br \/>\n<strong>Email:\u00a0<\/strong><a href=\"mailto:galerie@cestykesvetlu.cz\">galerie@cestykesvetlu.cz<\/a><\/p>\n<p data-start=\"342\" data-end=\"359\">\n","protected":false},"featured_media":5530,"comment_status":"open","ping_status":"closed","template":"","meta":[],"product_brand":[],"product_cat":[475],"product_tag":[476,479],"class_list":{"0":"post-5529","1":"product","2":"type-product","3":"status-publish","4":"has-post-thumbnail","6":"product_cat-kalendar-akci-a-setkani","7":"product_tag-ing-adolf-inneman","8":"product_tag-prednaska-praha","10":"first","11":"instock","12":"shipping-taxable","13":"product-type-external"},"_links":{"self":[{"href":"https:\/\/d.r4.wbsprt.com\/mojesebepoznani.cz\/wp-json\/wp\/v2\/product\/5529","targetHints":{"allow":["GET"]}}],"collection":[{"href":"https:\/\/d.r4.wbsprt.com\/mojesebepoznani.cz\/wp-json\/wp\/v2\/product"}],"about":[{"href":"https:\/\/d.r4.wbsprt.com\/mojesebepoznani.cz\/wp-json\/wp\/v2\/types\/product"}],"replies":[{"embeddable":true,"href":"https:\/\/d.r4.wbsprt.com\/mojesebepoznani.cz\/wp-json\/wp\/v2\/comments?post=5529"}],"wp:featuredmedia":[{"embeddable":true,"href":"https:\/\/d.r4.wbsprt.com\/mojesebepoznani.cz\/wp-json\/wp\/v2\/media\/5530"}],"wp:attachment":[{"href":"https:\/\/d.r4.wbsprt.com\/mojesebepoznani.cz\/wp-json\/wp\/v2\/media?parent=5529"}],"wp:term":[{"taxonomy":"product_brand","embeddable":true,"href":"https:\/\/d.r4.wbsprt.com\/mojesebepoznani.cz\/wp-json\/wp\/v2\/product_brand?post=5529"},{"taxonomy":"product_cat","embeddable":true,"href":"https:\/\/d.r4.wbsprt.com\/mojesebepoznani.cz\/wp-json\/wp\/v2\/product_cat?post=5529"},{"taxonomy":"product_tag","embeddable":true,"href":"https:\/\/d.r4.wbsprt.com\/mojesebepoznani.cz\/wp-json\/wp\/v2\/product_tag?post=5529"}],"curies":[{"name":"wp","href":"https:\/\/api.w.org\/{rel}","templated":true}]}}