{"id":143,"date":"2019-08-20T06:04:10","date_gmt":"2019-08-20T04:04:10","guid":{"rendered":"http:\/\/d.r4.wbsprt.com\/tatianajelinek.com\/?page_id=143"},"modified":"2023-05-24T12:20:31","modified_gmt":"2023-05-24T10:20:31","slug":"kontakt","status":"publish","type":"page","link":"https:\/\/d.r4.wbsprt.com\/tatianajelinek.com\/kontakt\/","title":{"rendered":"Kontakt"},"content":{"rendered":"\t\t<div data-elementor-type=\"wp-page\" data-elementor-id=\"143\" class=\"elementor elementor-143\">\n\t\t\t\t\t\t<section class=\"elementor-section elementor-top-section elementor-element elementor-element-703a7d5 elementor-section-content-middle elementor-section-boxed elementor-section-height-default elementor-section-height-default\" data-id=\"703a7d5\" data-element_type=\"section\" data-e-type=\"section\" data-settings=\"{&quot;background_background&quot;:&quot;classic&quot;,&quot;shape_divider_bottom&quot;:&quot;triangle&quot;,&quot;shape_divider_bottom_negative&quot;:&quot;yes&quot;}\">\n\t\t\t\t\t\t\t<div class=\"elementor-background-overlay\"><\/div>\n\t\t\t\t\t\t<div class=\"elementor-shape elementor-shape-bottom\" aria-hidden=\"true\" data-negative=\"true\">\n\t\t\t<svg xmlns=\"http:\/\/www.w3.org\/2000\/svg\" viewBox=\"0 0 1000 100\" preserveAspectRatio=\"none\">\n\t<path class=\"elementor-shape-fill\" d=\"M500.2,94.7L0,0v100h1000V0L500.2,94.7z\"\/>\n<\/svg>\t\t<\/div>\n\t\t\t\t\t<div class=\"elementor-container elementor-column-gap-default\">\n\t\t\t\t\t<div class=\"elementor-column elementor-col-100 elementor-top-column elementor-element elementor-element-3d69eb8\" data-id=\"3d69eb8\" data-element_type=\"column\" data-e-type=\"column\">\n\t\t\t<div class=\"elementor-widget-wrap elementor-element-populated\">\n\t\t\t\t\t\t<div class=\"elementor-element elementor-element-1fe635e elementor-widget elementor-widget-heading\" data-id=\"1fe635e\" data-element_type=\"widget\" data-e-type=\"widget\" data-settings=\"{&quot;_animation&quot;:&quot;none&quot;}\" data-widget_type=\"heading.default\">\n\t\t\t\t<div class=\"elementor-widget-container\">\n\t\t\t\t\t<h1 class=\"elementor-heading-title elementor-size-default\">KONTAKT<\/h1>\t\t\t\t<\/div>\n\t\t\t\t<\/div>\n\t\t\t\t\t<\/div>\n\t\t<\/div>\n\t\t\t\t\t<\/div>\n\t\t<\/section>\n\t\t\t\t<section class=\"elementor-section elementor-top-section elementor-element elementor-element-1f6e203 elementor-section-full_width elementor-section-height-default elementor-section-height-default\" data-id=\"1f6e203\" data-element_type=\"section\" data-e-type=\"section\" data-settings=\"{&quot;background_background&quot;:&quot;classic&quot;}\">\n\t\t\t\t\t\t<div class=\"elementor-container elementor-column-gap-default\">\n\t\t\t\t\t<div class=\"elementor-column elementor-col-50 elementor-top-column elementor-element elementor-element-332b880 elementor-hidden-tablet elementor-hidden-phone\" data-id=\"332b880\" data-element_type=\"column\" data-e-type=\"column\">\n\t\t\t<div class=\"elementor-widget-wrap elementor-element-populated\">\n\t\t\t\t\t\t<div class=\"elementor-element elementor-element-93d061d elementor-widget elementor-widget-image\" data-id=\"93d061d\" data-element_type=\"widget\" data-e-type=\"widget\" data-widget_type=\"image.default\">\n\t\t\t\t<div class=\"elementor-widget-container\">\n\t\t\t\t\t\t\t\t\t\t\t\t\t\t\t<img fetchpriority=\"high\" decoding=\"async\" width=\"819\" height=\"1024\" src=\"https:\/\/tatianajelinek.com\/wp-content\/uploads\/2023\/05\/IMG_3139-819x1024.jpg\" class=\"attachment-large size-large wp-image-1850\" alt=\"\" srcset=\"https:\/\/tatianajelinek.com\/wp-content\/uploads\/2023\/05\/IMG_3139-819x1024.jpg 819w, https:\/\/tatianajelinek.com\/wp-content\/uploads\/2023\/05\/IMG_3139-240x300.jpg 240w, https:\/\/tatianajelinek.com\/wp-content\/uploads\/2023\/05\/IMG_3139-768x960.jpg 768w, https:\/\/tatianajelinek.com\/wp-content\/uploads\/2023\/05\/IMG_3139-1229x1536.jpg 1229w, https:\/\/tatianajelinek.com\/wp-content\/uploads\/2023\/05\/IMG_3139.jpg 1440w\" sizes=\"(max-width: 819px) 100vw, 819px\" \/>\t\t\t\t\t\t\t\t\t\t\t\t\t\t\t<\/div>\n\t\t\t\t<\/div>\n\t\t\t\t\t<\/div>\n\t\t<\/div>\n\t\t\t\t<div class=\"elementor-column elementor-col-50 elementor-top-column elementor-element elementor-element-6284489\" data-id=\"6284489\" data-element_type=\"column\" data-e-type=\"column\" data-settings=\"{&quot;background_background&quot;:&quot;classic&quot;}\">\n\t\t\t<div class=\"elementor-widget-wrap elementor-element-populated\">\n\t\t\t\t\t\t<div class=\"elementor-element elementor-element-748b948 elementor-widget elementor-widget-text-editor\" data-id=\"748b948\" data-element_type=\"widget\" data-e-type=\"widget\" data-widget_type=\"text-editor.default\">\n\t\t\t\t<div class=\"elementor-widget-container\">\n\t\t\t\t\t\t\t\t\t<h3>Zaujali v\u00e1s inform\u00e1cie na mojej str\u00e1nke?<\/h3>\n<p>V pr\u00edpade z\u00e1ujmu o moje slu\u017eby ma, pros\u00edm, kontaktujte vyplnen\u00edm kontaktn\u00e9ho formul\u00e1ra alebo priamo na telef\u00f3nnom \u010d\u00edsle:<\/p>\n<h4><strong>+420 601 348 935<\/strong><\/h4>\t\t\t\t\t\t\t\t<\/div>\n\t\t\t\t<\/div>\n\t\t\t\t<div class=\"elementor-element elementor-element-d52d3fc elementor-widget elementor-widget-heading\" data-id=\"d52d3fc\" data-element_type=\"widget\" data-e-type=\"widget\" data-widget_type=\"heading.default\">\n\t\t\t\t<div class=\"elementor-widget-container\">\n\t\t\t\t\t<h3 class=\"elementor-heading-title elementor-size-default\">M\u00e1te ot\u00e1zku? Nap\u00ed\u0161te mi...<\/h3>\t\t\t\t<\/div>\n\t\t\t\t<\/div>\n\t\t\t\t<div class=\"elementor-element elementor-element-02d6853 elementor-widget elementor-widget-text-editor\" data-id=\"02d6853\" data-element_type=\"widget\" data-e-type=\"widget\" data-widget_type=\"text-editor.default\">\n\t\t\t\t<div class=\"elementor-widget-container\">\n\t\t\t\t\t\t\t\t\t<table class=\"wp-list-table widefat fixed striped forms\"><tbody id=\"the-list\" data-wp-lists=\"list:form\"><tr><td class=\"shortcode column-shortcode\" data-colname=\"Shortcode\"><div class=\"wpforms-container \" id=\"wpforms-1585\"><form id=\"wpforms-form-1585\" class=\"wpforms-validate wpforms-form\" data-formid=\"1585\" method=\"post\" enctype=\"multipart\/form-data\" action=\"\/wp-json\/wp\/v2\/pages\/143\" data-token=\"a57c1bdb13fe931f95af9889ba7dc804\" data-token-time=\"1777560817\"><noscript class=\"wpforms-error-noscript\">Please enable JavaScript in your browser to complete this form.<\/noscript><div class=\"wpforms-field-container\"><div id=\"wpforms-1585-field_3-container\" class=\"wpforms-field wpforms-field-name\" data-field-id=\"3\"><label class=\"wpforms-field-label wpforms-label-hide\" for=\"wpforms-1585-field_3\">Meno <span class=\"wpforms-required-label\">*<\/span><\/label><input type=\"text\" id=\"wpforms-1585-field_3\" class=\"wpforms-field-large wpforms-field-required\" name=\"wpforms[fields][3]\" placeholder=\"Meno\" required><\/div><div id=\"wpforms-1585-field_4-container\" class=\"wpforms-field wpforms-field-name\" data-field-id=\"4\"><label class=\"wpforms-field-label wpforms-label-hide\" for=\"wpforms-1585-field_4\">Telef\u00f3n <span class=\"wpforms-required-label\">*<\/span><\/label><input type=\"text\" id=\"wpforms-1585-field_4\" class=\"wpforms-field-large wpforms-field-required\" name=\"wpforms[fields][4]\" placeholder=\"Telef\u00f3n\" required><\/div><div id=\"wpforms-1585-field_1-container\" class=\"wpforms-field wpforms-field-email\" data-field-id=\"1\"><label class=\"wpforms-field-label wpforms-label-hide\" for=\"wpforms-1585-field_1\">Email <span class=\"wpforms-required-label\">*<\/span><\/label><input type=\"email\" id=\"wpforms-1585-field_1\" class=\"wpforms-field-large wpforms-field-required\" name=\"wpforms[fields][1]\" placeholder=\"Email\" spellcheck=\"false\" required><\/div><div id=\"wpforms-1585-field_5-container\" class=\"wpforms-field wpforms-field-textarea\" data-field-id=\"5\"><label class=\"wpforms-field-label wpforms-label-hide\" for=\"wpforms-1585-field_5\">Nap\u00ed\u0161 mi v kr\u00e1tkosti, ak\u00fd je tvoj probl\u00e9m a \u010do by si chcel\/a rie\u0161i\u0165?<\/label><textarea id=\"wpforms-1585-field_5\" class=\"wpforms-field-medium\" name=\"wpforms[fields][5]\" placeholder=\"Nap\u00ed\u0161 mi v kr\u00e1tkosti, ak\u00fd je tvoj probl\u00e9m a \u010do by si chcel\/a rie\u0161i\u0165?\" ><\/textarea><\/div><div id=\"wpforms-1585-field_6-container\" class=\"wpforms-field wpforms-field-payment-checkbox\" data-field-id=\"6\"><ul id=\"wpforms-1585-field_6\" class=\"wpforms-field-required\"><li class=\"choice-1\"><input type=\"checkbox\" id=\"wpforms-1585-field_6_1\" class=\"wpforms-payment-price\" data-amount=\"0.00\" name=\"wpforms[fields][6][]\" value=\"1\" required ><label class=\"wpforms-field-label-inline\" for=\"wpforms-1585-field_6_1\">S\u00fahlas\u00edm so spracovan\u00edm osobn\u00fdch \u00fadajov<\/label><\/li><\/ul><div class=\"wpforms-field-description\">Va\u0161e osobn\u00e9 \u00fadaje (meno, adresa, tel. \u010d\u00edslo, e-mailov\u00e1 adresa) s\u00fa u m\u0148a v bezpe\u010d\u00ed a budem ich spracov\u00e1va\u0165 pod\u013ea z\u00e1sad ochrany osobn\u00fdch \u00fadajov, ktor\u00e9 vych\u00e1dzaj\u00fa zo slovenskej a eur\u00f3pskej legislat\u00edvy.<\/div><\/div><\/div><!-- .wpforms-field-container --><div class=\"wpforms-recaptcha-container wpforms-is-recaptcha wpforms-is-recaptcha-type-v2\" ><div class=\"g-recaptcha\" data-sitekey=\"6Le5xnQoAAAAAJZqC-SFjY7YpxRtd0jPmLnsskGT\"><\/div><input type=\"text\" name=\"g-recaptcha-hidden\" class=\"wpforms-recaptcha-hidden\" style=\"position:absolute!important;clip:rect(0,0,0,0)!important;height:1px!important;width:1px!important;border:0!important;overflow:hidden!important;padding:0!important;margin:0!important;\" data-rule-recaptcha=\"1\"><\/div><div class=\"wpforms-submit-container\" ><input type=\"hidden\" name=\"wpforms[id]\" value=\"1585\"><input type=\"hidden\" name=\"page_title\" value=\"\"><input type=\"hidden\" name=\"page_url\" value=\"https:\/\/d.r4.wbsprt.com\/wp-json\/wp\/v2\/pages\/143\"><input type=\"hidden\" name=\"url_referer\" value=\"\"><button type=\"submit\" name=\"wpforms[submit]\" id=\"wpforms-submit-1585\" class=\"wpforms-submit\" data-alt-text=\"Sending...\" data-submit-text=\"Odosla\u0165 formul\u00e1r\" aria-live=\"assertive\" value=\"wpforms-submit\">Odosla\u0165 formul\u00e1r<\/button><\/div><\/form><\/div>  <!-- .wpforms-container --><\/td><\/tr><\/tbody><\/table>\t\t\t\t\t\t\t\t<\/div>\n\t\t\t\t<\/div>\n\t\t\t\t\t<\/div>\n\t\t<\/div>\n\t\t\t\t\t<\/div>\n\t\t<\/section>\n\t\t\t\t<\/div>\n\t\t","protected":false},"excerpt":{"rendered":"<p>KONTAKT Zaujali v\u00e1s inform\u00e1cie na mojej str\u00e1nke? V pr\u00edpade z\u00e1ujmu o moje slu\u017eby ma, pros\u00edm, kontaktujte vyplnen\u00edm kontaktn\u00e9ho formul\u00e1ra alebo priamo na telef\u00f3nnom \u010d\u00edsle: +420 601 348 935 M\u00e1te ot\u00e1zku? Nap\u00ed\u0161te mi&#8230;<\/p>\n","protected":false},"author":1,"featured_media":0,"parent":0,"menu_order":0,"comment_status":"closed","ping_status":"closed","template":"","meta":{"_uag_custom_page_level_css":"","_monsterinsights_skip_tracking":false,"_monsterinsights_sitenote_active":false,"_monsterinsights_sitenote_note":"","_monsterinsights_sitenote_category":0,"site-sidebar-layout":"no-sidebar","site-content-layout":"page-builder","ast-global-header-display":"","ast-main-header-display":"","ast-hfb-above-header-display":"","ast-hfb-below-header-display":"","ast-hfb-mobile-header-display":"","site-post-title":"disabled","ast-breadcrumbs-content":"","ast-featured-img":"disabled","footer-sml-layout":"","theme-transparent-header-meta":"default","adv-header-id-meta":"","stick-header-meta":"","header-above-stick-meta":"","header-main-stick-meta":"","header-below-stick-meta":"","footnotes":""},"class_list":["post-143","page","type-page","status-publish","hentry"],"yoast_head":"<!-- This site is optimized with the Yoast SEO plugin v26.1.1 - https:\/\/yoast.com\/wordpress\/plugins\/seo\/ -->\n<title>Kontakt - tatianajelinek.com<\/title>\n<meta name=\"robots\" content=\"index, follow, max-snippet:-1, max-image-preview:large, max-video-preview:-1\" \/>\n<link rel=\"canonical\" href=\"https:\/\/tatianajelinek.com\/kontakt\/\" \/>\n<meta property=\"og:locale\" content=\"sk_SK\" \/>\n<meta property=\"og:type\" content=\"article\" \/>\n<meta property=\"og:title\" content=\"Kontakt - tatianajelinek.com\" \/>\n<meta property=\"og:description\" content=\"KONTAKT Zaujali v\u00e1s inform\u00e1cie na mojej str\u00e1nke? V pr\u00edpade z\u00e1ujmu o moje slu\u017eby ma, pros\u00edm, kontaktujte vyplnen\u00edm kontaktn\u00e9ho formul\u00e1ra alebo priamo na telef\u00f3nnom \u010d\u00edsle: +420 601 348 935 M\u00e1te ot\u00e1zku? Nap\u00ed\u0161te mi&#8230;\" \/>\n<meta property=\"og:url\" content=\"https:\/\/tatianajelinek.com\/kontakt\/\" \/>\n<meta property=\"og:site_name\" content=\"tatianajelinek.com\" \/>\n<meta property=\"article:modified_time\" content=\"2023-05-24T10:20:31+00:00\" \/>\n<meta property=\"og:image\" content=\"http:\/\/tatianajelinek.com\/wp-content\/uploads\/2023\/05\/IMG_3139-819x1024.jpg\" \/>\n<meta name=\"twitter:card\" content=\"summary_large_image\" \/>\n<meta name=\"twitter:label1\" content=\"Predpokladan\u00fd \u010das \u010d\u00edtania\" \/>\n\t<meta name=\"twitter:data1\" content=\"1 min\u00fata\" \/>\n<script type=\"application\/ld+json\" class=\"yoast-schema-graph\">{\"@context\":\"https:\/\/schema.org\",\"@graph\":[{\"@type\":\"WebPage\",\"@id\":\"https:\/\/tatianajelinek.com\/kontakt\/\",\"url\":\"https:\/\/tatianajelinek.com\/kontakt\/\",\"name\":\"Kontakt - tatianajelinek.com\",\"isPartOf\":{\"@id\":\"https:\/\/tatianajelinek.com\/#website\"},\"primaryImageOfPage\":{\"@id\":\"https:\/\/tatianajelinek.com\/kontakt\/#primaryimage\"},\"image\":{\"@id\":\"https:\/\/tatianajelinek.com\/kontakt\/#primaryimage\"},\"thumbnailUrl\":\"http:\/\/tatianajelinek.com\/wp-content\/uploads\/2023\/05\/IMG_3139-819x1024.jpg\",\"datePublished\":\"2019-08-20T04:04:10+00:00\",\"dateModified\":\"2023-05-24T10:20:31+00:00\",\"breadcrumb\":{\"@id\":\"https:\/\/tatianajelinek.com\/kontakt\/#breadcrumb\"},\"inLanguage\":\"sk-SK\",\"potentialAction\":[{\"@type\":\"ReadAction\",\"target\":[\"https:\/\/tatianajelinek.com\/kontakt\/\"]}]},{\"@type\":\"ImageObject\",\"inLanguage\":\"sk-SK\",\"@id\":\"https:\/\/tatianajelinek.com\/kontakt\/#primaryimage\",\"url\":\"http:\/\/tatianajelinek.com\/wp-content\/uploads\/2023\/05\/IMG_3139-819x1024.jpg\",\"contentUrl\":\"http:\/\/tatianajelinek.com\/wp-content\/uploads\/2023\/05\/IMG_3139-819x1024.jpg\"},{\"@type\":\"BreadcrumbList\",\"@id\":\"https:\/\/tatianajelinek.com\/kontakt\/#breadcrumb\",\"itemListElement\":[{\"@type\":\"ListItem\",\"position\":1,\"name\":\"Home\",\"item\":\"https:\/\/tatianajelinek.com\/\"},{\"@type\":\"ListItem\",\"position\":2,\"name\":\"Kontakt\"}]},{\"@type\":\"WebSite\",\"@id\":\"https:\/\/tatianajelinek.com\/#website\",\"url\":\"https:\/\/tatianajelinek.com\/\",\"name\":\"tatianajelinek.com\",\"description\":\"Osobnostn\u00fd rozvoj s princ\u00edpmi T\u010cM\",\"publisher\":{\"@id\":\"https:\/\/tatianajelinek.com\/#organization\"},\"potentialAction\":[{\"@type\":\"SearchAction\",\"target\":{\"@type\":\"EntryPoint\",\"urlTemplate\":\"https:\/\/tatianajelinek.com\/?s={search_term_string}\"},\"query-input\":{\"@type\":\"PropertyValueSpecification\",\"valueRequired\":true,\"valueName\":\"search_term_string\"}}],\"inLanguage\":\"sk-SK\"},{\"@type\":\"Organization\",\"@id\":\"https:\/\/tatianajelinek.com\/#organization\",\"name\":\"tatianajelinek.com\",\"url\":\"https:\/\/tatianajelinek.com\/\",\"logo\":{\"@type\":\"ImageObject\",\"inLanguage\":\"sk-SK\",\"@id\":\"https:\/\/tatianajelinek.com\/#\/schema\/logo\/image\/\",\"url\":\"https:\/\/d.r4.wbsprt.com\/tatianajelinek.com\/wp-content\/uploads\/2020\/02\/Tanicka-Jelinek-logo-na-web-1.png\",\"contentUrl\":\"https:\/\/d.r4.wbsprt.com\/tatianajelinek.com\/wp-content\/uploads\/2020\/02\/Tanicka-Jelinek-logo-na-web-1.png\",\"width\":360,\"height\":120,\"caption\":\"tatianajelinek.com\"},\"image\":{\"@id\":\"https:\/\/tatianajelinek.com\/#\/schema\/logo\/image\/\"}}]}<\/script>\n<!-- \/ Yoast SEO plugin. -->","yoast_head_json":{"title":"Kontakt - tatianajelinek.com","robots":{"index":"index","follow":"follow","max-snippet":"max-snippet:-1","max-image-preview":"max-image-preview:large","max-video-preview":"max-video-preview:-1"},"canonical":"https:\/\/tatianajelinek.com\/kontakt\/","og_locale":"sk_SK","og_type":"article","og_title":"Kontakt - tatianajelinek.com","og_description":"KONTAKT Zaujali v\u00e1s inform\u00e1cie na mojej str\u00e1nke? V pr\u00edpade z\u00e1ujmu o moje slu\u017eby ma, pros\u00edm, kontaktujte vyplnen\u00edm kontaktn\u00e9ho formul\u00e1ra alebo priamo na telef\u00f3nnom \u010d\u00edsle: +420 601 348 935 M\u00e1te ot\u00e1zku? Nap\u00ed\u0161te mi&#8230;","og_url":"https:\/\/tatianajelinek.com\/kontakt\/","og_site_name":"tatianajelinek.com","article_modified_time":"2023-05-24T10:20:31+00:00","og_image":[{"url":"http:\/\/tatianajelinek.com\/wp-content\/uploads\/2023\/05\/IMG_3139-819x1024.jpg","type":"","width":"","height":""}],"twitter_card":"summary_large_image","twitter_misc":{"Predpokladan\u00fd \u010das \u010d\u00edtania":"1 min\u00fata"},"schema":{"@context":"https:\/\/schema.org","@graph":[{"@type":"WebPage","@id":"https:\/\/tatianajelinek.com\/kontakt\/","url":"https:\/\/tatianajelinek.com\/kontakt\/","name":"Kontakt - tatianajelinek.com","isPartOf":{"@id":"https:\/\/tatianajelinek.com\/#website"},"primaryImageOfPage":{"@id":"https:\/\/tatianajelinek.com\/kontakt\/#primaryimage"},"image":{"@id":"https:\/\/tatianajelinek.com\/kontakt\/#primaryimage"},"thumbnailUrl":"http:\/\/tatianajelinek.com\/wp-content\/uploads\/2023\/05\/IMG_3139-819x1024.jpg","datePublished":"2019-08-20T04:04:10+00:00","dateModified":"2023-05-24T10:20:31+00:00","breadcrumb":{"@id":"https:\/\/tatianajelinek.com\/kontakt\/#breadcrumb"},"inLanguage":"sk-SK","potentialAction":[{"@type":"ReadAction","target":["https:\/\/tatianajelinek.com\/kontakt\/"]}]},{"@type":"ImageObject","inLanguage":"sk-SK","@id":"https:\/\/tatianajelinek.com\/kontakt\/#primaryimage","url":"http:\/\/tatianajelinek.com\/wp-content\/uploads\/2023\/05\/IMG_3139-819x1024.jpg","contentUrl":"http:\/\/tatianajelinek.com\/wp-content\/uploads\/2023\/05\/IMG_3139-819x1024.jpg"},{"@type":"BreadcrumbList","@id":"https:\/\/tatianajelinek.com\/kontakt\/#breadcrumb","itemListElement":[{"@type":"ListItem","position":1,"name":"Home","item":"https:\/\/tatianajelinek.com\/"},{"@type":"ListItem","position":2,"name":"Kontakt"}]},{"@type":"WebSite","@id":"https:\/\/tatianajelinek.com\/#website","url":"https:\/\/tatianajelinek.com\/","name":"tatianajelinek.com","description":"Osobnostn\u00fd rozvoj s princ\u00edpmi T\u010cM","publisher":{"@id":"https:\/\/tatianajelinek.com\/#organization"},"potentialAction":[{"@type":"SearchAction","target":{"@type":"EntryPoint","urlTemplate":"https:\/\/tatianajelinek.com\/?s={search_term_string}"},"query-input":{"@type":"PropertyValueSpecification","valueRequired":true,"valueName":"search_term_string"}}],"inLanguage":"sk-SK"},{"@type":"Organization","@id":"https:\/\/tatianajelinek.com\/#organization","name":"tatianajelinek.com","url":"https:\/\/tatianajelinek.com\/","logo":{"@type":"ImageObject","inLanguage":"sk-SK","@id":"https:\/\/tatianajelinek.com\/#\/schema\/logo\/image\/","url":"https:\/\/d.r4.wbsprt.com\/tatianajelinek.com\/wp-content\/uploads\/2020\/02\/Tanicka-Jelinek-logo-na-web-1.png","contentUrl":"https:\/\/d.r4.wbsprt.com\/tatianajelinek.com\/wp-content\/uploads\/2020\/02\/Tanicka-Jelinek-logo-na-web-1.png","width":360,"height":120,"caption":"tatianajelinek.com"},"image":{"@id":"https:\/\/tatianajelinek.com\/#\/schema\/logo\/image\/"}}]}},"uagb_featured_image_src":{"full":false,"thumbnail":false,"medium":false,"medium_large":false,"large":false,"1536x1536":false,"2048x2048":false},"uagb_author_info":{"display_name":"tatianajelinek","author_link":"https:\/\/d.r4.wbsprt.com\/tatianajelinek.com\/author\/tatianajelinek\/"},"uagb_comment_info":0,"uagb_excerpt":"KONTAKT Zaujali v\u00e1s inform\u00e1cie na mojej str\u00e1nke? V pr\u00edpade z\u00e1ujmu o moje slu\u017eby ma, pros\u00edm, kontaktujte vyplnen\u00edm kontaktn\u00e9ho formul\u00e1ra alebo priamo na telef\u00f3nnom \u010d\u00edsle: +420 601 348 935 M\u00e1te ot\u00e1zku? Nap\u00ed\u0161te mi&#8230;","_links":{"self":[{"href":"https:\/\/d.r4.wbsprt.com\/tatianajelinek.com\/wp-json\/wp\/v2\/pages\/143","targetHints":{"allow":["GET"]}}],"collection":[{"href":"https:\/\/d.r4.wbsprt.com\/tatianajelinek.com\/wp-json\/wp\/v2\/pages"}],"about":[{"href":"https:\/\/d.r4.wbsprt.com\/tatianajelinek.com\/wp-json\/wp\/v2\/types\/page"}],"author":[{"embeddable":true,"href":"https:\/\/d.r4.wbsprt.com\/tatianajelinek.com\/wp-json\/wp\/v2\/users\/1"}],"replies":[{"embeddable":true,"href":"https:\/\/d.r4.wbsprt.com\/tatianajelinek.com\/wp-json\/wp\/v2\/comments?post=143"}],"version-history":[{"count":6,"href":"https:\/\/d.r4.wbsprt.com\/tatianajelinek.com\/wp-json\/wp\/v2\/pages\/143\/revisions"}],"predecessor-version":[{"id":1931,"href":"https:\/\/d.r4.wbsprt.com\/tatianajelinek.com\/wp-json\/wp\/v2\/pages\/143\/revisions\/1931"}],"wp:attachment":[{"href":"https:\/\/d.r4.wbsprt.com\/tatianajelinek.com\/wp-json\/wp\/v2\/media?parent=143"}],"curies":[{"name":"wp","href":"https:\/\/api.w.org\/{rel}","templated":true}]}}