{"id":1933,"date":"2023-05-25T09:44:16","date_gmt":"2023-05-25T07:44:16","guid":{"rendered":"https:\/\/tatianajelinek.com\/?page_id=1933"},"modified":"2023-09-16T13:38:29","modified_gmt":"2023-09-16T11:38:29","slug":"zadarmo","status":"publish","type":"page","link":"https:\/\/d.r4.wbsprt.com\/tatianajelinek.com\/zadarmo\/","title":{"rendered":"Zadarmo"},"content":{"rendered":"\t\t<div data-elementor-type=\"wp-page\" data-elementor-id=\"1933\" class=\"elementor elementor-1933\">\n\t\t\t\t\t\t<section class=\"elementor-section elementor-top-section elementor-element elementor-element-a20404b elementor-section-boxed elementor-section-height-default elementor-section-height-default\" data-id=\"a20404b\" data-element_type=\"section\" data-e-type=\"section\" data-settings=\"{&quot;background_background&quot;:&quot;classic&quot;,&quot;shape_divider_bottom&quot;:&quot;triangle&quot;,&quot;shape_divider_bottom_negative&quot;:&quot;yes&quot;}\">\n\t\t\t\t\t\t\t<div class=\"elementor-background-overlay\"><\/div>\n\t\t\t\t\t\t<div class=\"elementor-shape elementor-shape-bottom\" aria-hidden=\"true\" data-negative=\"true\">\n\t\t\t<svg xmlns=\"http:\/\/www.w3.org\/2000\/svg\" viewBox=\"0 0 1000 100\" preserveAspectRatio=\"none\">\n\t<path class=\"elementor-shape-fill\" d=\"M500.2,94.7L0,0v100h1000V0L500.2,94.7z\"\/>\n<\/svg>\t\t<\/div>\n\t\t\t\t\t<div class=\"elementor-container elementor-column-gap-default\">\n\t\t\t\t\t<div class=\"elementor-column elementor-col-100 elementor-top-column elementor-element elementor-element-ec91c92\" data-id=\"ec91c92\" data-element_type=\"column\" data-e-type=\"column\">\n\t\t\t<div class=\"elementor-widget-wrap elementor-element-populated\">\n\t\t\t\t\t\t<div class=\"elementor-element elementor-element-6c140a2 elementor-widget elementor-widget-heading\" data-id=\"6c140a2\" data-element_type=\"widget\" data-e-type=\"widget\" data-settings=\"{&quot;_animation&quot;:&quot;none&quot;}\" data-widget_type=\"heading.default\">\n\t\t\t\t<div class=\"elementor-widget-container\">\n\t\t\t\t\t<h1 class=\"elementor-heading-title elementor-size-default\">PODPORA \u017dENSK\u00c9HO ZDRAVIA<\/h1>\t\t\t\t<\/div>\n\t\t\t\t<\/div>\n\t\t\t\t\t<\/div>\n\t\t<\/div>\n\t\t\t\t\t<\/div>\n\t\t<\/section>\n\t\t\t\t<section class=\"elementor-section elementor-top-section elementor-element elementor-element-cebd768 elementor-section-boxed elementor-section-height-default elementor-section-height-default\" data-id=\"cebd768\" data-element_type=\"section\" data-e-type=\"section\">\n\t\t\t\t\t\t<div class=\"elementor-container elementor-column-gap-default\">\n\t\t\t\t\t<div class=\"elementor-column elementor-col-50 elementor-top-column elementor-element elementor-element-0d97ef3\" data-id=\"0d97ef3\" data-element_type=\"column\" data-e-type=\"column\">\n\t\t\t<div class=\"elementor-widget-wrap elementor-element-populated\">\n\t\t\t\t\t\t<div class=\"elementor-element elementor-element-e265a68 elementor-widget elementor-widget-image\" data-id=\"e265a68\" data-element_type=\"widget\" data-e-type=\"widget\" data-widget_type=\"image.default\">\n\t\t\t\t<div class=\"elementor-widget-container\">\n\t\t\t\t\t\t\t\t\t\t\t\t\t\t\t<img fetchpriority=\"high\" decoding=\"async\" width=\"724\" height=\"1024\" src=\"https:\/\/tatianajelinek.com\/wp-content\/uploads\/2023\/05\/Podporenie-plodnosti_Tanicka-724x1024.png\" class=\"attachment-large size-large wp-image-2127\" alt=\"Podpora \u017eensk\u00e9ho zdravia\" srcset=\"https:\/\/tatianajelinek.com\/wp-content\/uploads\/2023\/05\/Podporenie-plodnosti_Tanicka-724x1024.png 724w, https:\/\/tatianajelinek.com\/wp-content\/uploads\/2023\/05\/Podporenie-plodnosti_Tanicka-212x300.png 212w, https:\/\/tatianajelinek.com\/wp-content\/uploads\/2023\/05\/Podporenie-plodnosti_Tanicka-768x1086.png 768w, https:\/\/tatianajelinek.com\/wp-content\/uploads\/2023\/05\/Podporenie-plodnosti_Tanicka-1086x1536.png 1086w, https:\/\/tatianajelinek.com\/wp-content\/uploads\/2023\/05\/Podporenie-plodnosti_Tanicka-1448x2048.png 1448w, https:\/\/tatianajelinek.com\/wp-content\/uploads\/2023\/05\/Podporenie-plodnosti_Tanicka.png 1587w\" sizes=\"(max-width: 724px) 100vw, 724px\" \/>\t\t\t\t\t\t\t\t\t\t\t\t\t\t\t<\/div>\n\t\t\t\t<\/div>\n\t\t\t\t\t<\/div>\n\t\t<\/div>\n\t\t\t\t<div class=\"elementor-column elementor-col-50 elementor-top-column elementor-element elementor-element-cb87e5a\" data-id=\"cb87e5a\" data-element_type=\"column\" data-e-type=\"column\">\n\t\t\t<div class=\"elementor-widget-wrap elementor-element-populated\">\n\t\t\t\t\t\t<div class=\"elementor-element elementor-element-3592461 elementor-widget elementor-widget-heading\" data-id=\"3592461\" data-element_type=\"widget\" data-e-type=\"widget\" data-widget_type=\"heading.default\">\n\t\t\t\t<div class=\"elementor-widget-container\">\n\t\t\t\t\t<h2 class=\"elementor-heading-title elementor-size-default\">Podpora \u017eensk\u00e9ho zdravia <\/h2>\t\t\t\t<\/div>\n\t\t\t\t<\/div>\n\t\t\t\t<div class=\"elementor-element elementor-element-a023348 elementor-widget elementor-widget-text-editor\" data-id=\"a023348\" data-element_type=\"widget\" data-e-type=\"widget\" data-widget_type=\"text-editor.default\">\n\t\t\t\t<div class=\"elementor-widget-container\">\n\t\t\t\t\t\t\t\t\t<p>Stiahnite si ZADARMO tento checklist, ktor\u00fd som vytvorila na z\u00e1klade mojich vedomost\u00ed a znalost\u00ed zo \u0161t\u00fadia Tradi\u010dnej \u010d\u00ednskej medic\u00edny vo Viedni.<\/p><p>Vypl\u0148te nasledovn\u00fd formul\u00e1r a za\u0161lem V\u00e1m ho do mailu:<\/p><p>\u00a0<\/p>\t\t\t\t\t\t\t\t<\/div>\n\t\t\t\t<\/div>\n\t\t\t\t<div class=\"elementor-element elementor-element-db229ea elementor-widget elementor-widget-text-editor\" data-id=\"db229ea\" data-element_type=\"widget\" data-e-type=\"widget\" data-widget_type=\"text-editor.default\">\n\t\t\t\t<div class=\"elementor-widget-container\">\n\t\t\t\t\t\t\t\t\t<p><em>* Va\u0161e osobn\u00e9 \u00fadaje (meno, adresa, tel. \u010d\u00edslo, e-mailov\u00e1 adresa) s\u00fa u m\u0148a v bezpe\u010d\u00ed a budem\u00a0 ich spracov\u00e1va\u0165 pod\u013ea z\u00e1sad ochrany osobn\u00fdch \u00fadajov, ktor\u00e9 vych\u00e1dzaj\u00fa zo slovenskej a eur\u00f3pskej legislat\u00edvy.<\/em><\/p>\t\t\t\t\t\t\t\t<\/div>\n\t\t\t\t<\/div>\n\t\t\t\t<div class=\"elementor-element elementor-element-8eaa8fb elementor-widget elementor-widget-html\" data-id=\"8eaa8fb\" data-element_type=\"widget\" data-e-type=\"widget\" data-widget_type=\"html.default\">\n\t\t\t\t<div class=\"elementor-widget-container\">\n\t\t\t\t\t<script src=\"https:\/\/se-forms.cz\/\/public\/web-forms-v2\/subscribe\/664581-pnjmr3fwj7hd4fpxz0mg9jixznaip5ca62bm6tg4nei0o4xsa4zcoj9eyts7ezjpxezs9ai9gu3ax68ipkzh0cta9gkyc671zez3\" id=\"se-webformScriptLoader-664581-pnjmr3fwj7hd4fpxz0mg9jixznaip5ca62bm6tg4nei0o4xsa4zcoj9eyts7ezjpxezs9ai9gu3ax68ipkzh0cta9gkyc671zez3\" async defer><\/script>\n\t\t\t\t<\/div>\n\t\t\t\t<\/div>\n\t\t\t\t\t<\/div>\n\t\t<\/div>\n\t\t\t\t\t<\/div>\n\t\t<\/section>\n\t\t\t\t<section class=\"elementor-section elementor-top-section elementor-element elementor-element-9ee9197 elementor-section-boxed elementor-section-height-default elementor-section-height-default\" data-id=\"9ee9197\" data-element_type=\"section\" data-e-type=\"section\">\n\t\t\t\t\t\t<div class=\"elementor-container elementor-column-gap-default\">\n\t\t\t\t\t<div class=\"elementor-column elementor-col-100 elementor-top-column elementor-element elementor-element-64cbf5a\" data-id=\"64cbf5a\" data-element_type=\"column\" data-e-type=\"column\">\n\t\t\t<div class=\"elementor-widget-wrap\">\n\t\t\t\t\t\t\t<\/div>\n\t\t<\/div>\n\t\t\t\t\t<\/div>\n\t\t<\/section>\n\t\t\t\t<\/div>\n\t\t","protected":false},"excerpt":{"rendered":"<p>PODPORA \u017dENSK\u00c9HO ZDRAVIA Podpora \u017eensk\u00e9ho zdravia Stiahnite si ZADARMO tento checklist, ktor\u00fd som vytvorila na z\u00e1klade mojich vedomost\u00ed a znalost\u00ed zo \u0161t\u00fadia Tradi\u010dnej \u010d\u00ednskej medic\u00edny vo Viedni. Vypl\u0148te nasledovn\u00fd formul\u00e1r a za\u0161lem V\u00e1m ho do mailu: \u00a0 * Va\u0161e osobn\u00e9 \u00fadaje (meno, adresa, tel. \u010d\u00edslo, e-mailov\u00e1 adresa) s\u00fa u m\u0148a v bezpe\u010d\u00ed a budem\u00a0 ich &hellip;<\/p>\n<p class=\"read-more\"> <a class=\"\" href=\"https:\/\/d.r4.wbsprt.com\/tatianajelinek.com\/zadarmo\/\"> <span class=\"screen-reader-text\">Zadarmo<\/span> \u010c\u00edtajte viac &raquo;<\/a><\/p>\n","protected":false},"author":1,"featured_media":0,"parent":0,"menu_order":0,"comment_status":"closed","ping_status":"closed","template":"","meta":{"_uag_custom_page_level_css":"","_monsterinsights_skip_tracking":false,"_monsterinsights_sitenote_active":false,"_monsterinsights_sitenote_note":"","_monsterinsights_sitenote_category":0,"site-sidebar-layout":"no-sidebar","site-content-layout":"page-builder","ast-global-header-display":"","ast-main-header-display":"","ast-hfb-above-header-display":"","ast-hfb-below-header-display":"","ast-hfb-mobile-header-display":"","site-post-title":"disabled","ast-breadcrumbs-content":"","ast-featured-img":"disabled","footer-sml-layout":"","theme-transparent-header-meta":"","adv-header-id-meta":"","stick-header-meta":"","header-above-stick-meta":"","header-main-stick-meta":"","header-below-stick-meta":"","footnotes":""},"class_list":["post-1933","page","type-page","status-publish","hentry"],"yoast_head":"<!-- This site is optimized with the Yoast SEO plugin v26.1.1 - https:\/\/yoast.com\/wordpress\/plugins\/seo\/ -->\n<title>Zadarmo - tatianajelinek.com<\/title>\n<meta name=\"robots\" content=\"index, follow, max-snippet:-1, max-image-preview:large, max-video-preview:-1\" \/>\n<link rel=\"canonical\" href=\"https:\/\/tatianajelinek.com\/zadarmo\/\" \/>\n<meta property=\"og:locale\" content=\"sk_SK\" \/>\n<meta property=\"og:type\" content=\"article\" \/>\n<meta property=\"og:title\" content=\"Zadarmo - tatianajelinek.com\" \/>\n<meta property=\"og:description\" content=\"PODPORA \u017dENSK\u00c9HO ZDRAVIA Podpora \u017eensk\u00e9ho zdravia Stiahnite si ZADARMO tento checklist, ktor\u00fd som vytvorila na z\u00e1klade mojich vedomost\u00ed a znalost\u00ed zo \u0161t\u00fadia Tradi\u010dnej \u010d\u00ednskej medic\u00edny vo Viedni. Vypl\u0148te nasledovn\u00fd formul\u00e1r a za\u0161lem V\u00e1m ho do mailu: \u00a0 * Va\u0161e osobn\u00e9 \u00fadaje (meno, adresa, tel. \u010d\u00edslo, e-mailov\u00e1 adresa) s\u00fa u m\u0148a v bezpe\u010d\u00ed a budem\u00a0 ich &hellip; Zadarmo \u010c\u00edtajte viac &raquo;\" \/>\n<meta property=\"og:url\" content=\"https:\/\/tatianajelinek.com\/zadarmo\/\" \/>\n<meta property=\"og:site_name\" content=\"tatianajelinek.com\" \/>\n<meta property=\"article:modified_time\" content=\"2023-09-16T11:38:29+00:00\" \/>\n<meta property=\"og:image\" content=\"http:\/\/tatianajelinek.com\/wp-content\/uploads\/2023\/05\/Podporenie-plodnosti_Tanicka-724x1024.png\" \/>\n<meta name=\"twitter:card\" content=\"summary_large_image\" \/>\n<meta name=\"twitter:label1\" content=\"Predpokladan\u00fd \u010das \u010d\u00edtania\" \/>\n\t<meta name=\"twitter:data1\" content=\"1 min\u00fata\" \/>\n<script type=\"application\/ld+json\" class=\"yoast-schema-graph\">{\"@context\":\"https:\/\/schema.org\",\"@graph\":[{\"@type\":\"WebPage\",\"@id\":\"https:\/\/tatianajelinek.com\/zadarmo\/\",\"url\":\"https:\/\/tatianajelinek.com\/zadarmo\/\",\"name\":\"Zadarmo - tatianajelinek.com\",\"isPartOf\":{\"@id\":\"https:\/\/tatianajelinek.com\/#website\"},\"primaryImageOfPage\":{\"@id\":\"https:\/\/tatianajelinek.com\/zadarmo\/#primaryimage\"},\"image\":{\"@id\":\"https:\/\/tatianajelinek.com\/zadarmo\/#primaryimage\"},\"thumbnailUrl\":\"http:\/\/tatianajelinek.com\/wp-content\/uploads\/2023\/05\/Podporenie-plodnosti_Tanicka-724x1024.png\",\"datePublished\":\"2023-05-25T07:44:16+00:00\",\"dateModified\":\"2023-09-16T11:38:29+00:00\",\"breadcrumb\":{\"@id\":\"https:\/\/tatianajelinek.com\/zadarmo\/#breadcrumb\"},\"inLanguage\":\"sk-SK\",\"potentialAction\":[{\"@type\":\"ReadAction\",\"target\":[\"https:\/\/tatianajelinek.com\/zadarmo\/\"]}]},{\"@type\":\"ImageObject\",\"inLanguage\":\"sk-SK\",\"@id\":\"https:\/\/tatianajelinek.com\/zadarmo\/#primaryimage\",\"url\":\"http:\/\/tatianajelinek.com\/wp-content\/uploads\/2023\/05\/Podporenie-plodnosti_Tanicka-724x1024.png\",\"contentUrl\":\"http:\/\/tatianajelinek.com\/wp-content\/uploads\/2023\/05\/Podporenie-plodnosti_Tanicka-724x1024.png\"},{\"@type\":\"BreadcrumbList\",\"@id\":\"https:\/\/tatianajelinek.com\/zadarmo\/#breadcrumb\",\"itemListElement\":[{\"@type\":\"ListItem\",\"position\":1,\"name\":\"Home\",\"item\":\"https:\/\/tatianajelinek.com\/\"},{\"@type\":\"ListItem\",\"position\":2,\"name\":\"Zadarmo\"}]},{\"@type\":\"WebSite\",\"@id\":\"https:\/\/tatianajelinek.com\/#website\",\"url\":\"https:\/\/tatianajelinek.com\/\",\"name\":\"tatianajelinek.com\",\"description\":\"Osobnostn\u00fd rozvoj s princ\u00edpmi T\u010cM\",\"publisher\":{\"@id\":\"https:\/\/tatianajelinek.com\/#organization\"},\"potentialAction\":[{\"@type\":\"SearchAction\",\"target\":{\"@type\":\"EntryPoint\",\"urlTemplate\":\"https:\/\/tatianajelinek.com\/?s={search_term_string}\"},\"query-input\":{\"@type\":\"PropertyValueSpecification\",\"valueRequired\":true,\"valueName\":\"search_term_string\"}}],\"inLanguage\":\"sk-SK\"},{\"@type\":\"Organization\",\"@id\":\"https:\/\/tatianajelinek.com\/#organization\",\"name\":\"tatianajelinek.com\",\"url\":\"https:\/\/tatianajelinek.com\/\",\"logo\":{\"@type\":\"ImageObject\",\"inLanguage\":\"sk-SK\",\"@id\":\"https:\/\/tatianajelinek.com\/#\/schema\/logo\/image\/\",\"url\":\"https:\/\/d.r4.wbsprt.com\/tatianajelinek.com\/wp-content\/uploads\/2020\/02\/Tanicka-Jelinek-logo-na-web-1.png\",\"contentUrl\":\"https:\/\/d.r4.wbsprt.com\/tatianajelinek.com\/wp-content\/uploads\/2020\/02\/Tanicka-Jelinek-logo-na-web-1.png\",\"width\":360,\"height\":120,\"caption\":\"tatianajelinek.com\"},\"image\":{\"@id\":\"https:\/\/tatianajelinek.com\/#\/schema\/logo\/image\/\"}}]}<\/script>\n<!-- \/ Yoast SEO plugin. -->","yoast_head_json":{"title":"Zadarmo - tatianajelinek.com","robots":{"index":"index","follow":"follow","max-snippet":"max-snippet:-1","max-image-preview":"max-image-preview:large","max-video-preview":"max-video-preview:-1"},"canonical":"https:\/\/tatianajelinek.com\/zadarmo\/","og_locale":"sk_SK","og_type":"article","og_title":"Zadarmo - tatianajelinek.com","og_description":"PODPORA \u017dENSK\u00c9HO ZDRAVIA Podpora \u017eensk\u00e9ho zdravia Stiahnite si ZADARMO tento checklist, ktor\u00fd som vytvorila na z\u00e1klade mojich vedomost\u00ed a znalost\u00ed zo \u0161t\u00fadia Tradi\u010dnej \u010d\u00ednskej medic\u00edny vo Viedni. Vypl\u0148te nasledovn\u00fd formul\u00e1r a za\u0161lem V\u00e1m ho do mailu: \u00a0 * Va\u0161e osobn\u00e9 \u00fadaje (meno, adresa, tel. \u010d\u00edslo, e-mailov\u00e1 adresa) s\u00fa u m\u0148a v bezpe\u010d\u00ed a budem\u00a0 ich &hellip; Zadarmo \u010c\u00edtajte viac &raquo;","og_url":"https:\/\/tatianajelinek.com\/zadarmo\/","og_site_name":"tatianajelinek.com","article_modified_time":"2023-09-16T11:38:29+00:00","og_image":[{"url":"http:\/\/tatianajelinek.com\/wp-content\/uploads\/2023\/05\/Podporenie-plodnosti_Tanicka-724x1024.png","type":"","width":"","height":""}],"twitter_card":"summary_large_image","twitter_misc":{"Predpokladan\u00fd \u010das \u010d\u00edtania":"1 min\u00fata"},"schema":{"@context":"https:\/\/schema.org","@graph":[{"@type":"WebPage","@id":"https:\/\/tatianajelinek.com\/zadarmo\/","url":"https:\/\/tatianajelinek.com\/zadarmo\/","name":"Zadarmo - tatianajelinek.com","isPartOf":{"@id":"https:\/\/tatianajelinek.com\/#website"},"primaryImageOfPage":{"@id":"https:\/\/tatianajelinek.com\/zadarmo\/#primaryimage"},"image":{"@id":"https:\/\/tatianajelinek.com\/zadarmo\/#primaryimage"},"thumbnailUrl":"http:\/\/tatianajelinek.com\/wp-content\/uploads\/2023\/05\/Podporenie-plodnosti_Tanicka-724x1024.png","datePublished":"2023-05-25T07:44:16+00:00","dateModified":"2023-09-16T11:38:29+00:00","breadcrumb":{"@id":"https:\/\/tatianajelinek.com\/zadarmo\/#breadcrumb"},"inLanguage":"sk-SK","potentialAction":[{"@type":"ReadAction","target":["https:\/\/tatianajelinek.com\/zadarmo\/"]}]},{"@type":"ImageObject","inLanguage":"sk-SK","@id":"https:\/\/tatianajelinek.com\/zadarmo\/#primaryimage","url":"http:\/\/tatianajelinek.com\/wp-content\/uploads\/2023\/05\/Podporenie-plodnosti_Tanicka-724x1024.png","contentUrl":"http:\/\/tatianajelinek.com\/wp-content\/uploads\/2023\/05\/Podporenie-plodnosti_Tanicka-724x1024.png"},{"@type":"BreadcrumbList","@id":"https:\/\/tatianajelinek.com\/zadarmo\/#breadcrumb","itemListElement":[{"@type":"ListItem","position":1,"name":"Home","item":"https:\/\/tatianajelinek.com\/"},{"@type":"ListItem","position":2,"name":"Zadarmo"}]},{"@type":"WebSite","@id":"https:\/\/tatianajelinek.com\/#website","url":"https:\/\/tatianajelinek.com\/","name":"tatianajelinek.com","description":"Osobnostn\u00fd rozvoj s princ\u00edpmi T\u010cM","publisher":{"@id":"https:\/\/tatianajelinek.com\/#organization"},"potentialAction":[{"@type":"SearchAction","target":{"@type":"EntryPoint","urlTemplate":"https:\/\/tatianajelinek.com\/?s={search_term_string}"},"query-input":{"@type":"PropertyValueSpecification","valueRequired":true,"valueName":"search_term_string"}}],"inLanguage":"sk-SK"},{"@type":"Organization","@id":"https:\/\/tatianajelinek.com\/#organization","name":"tatianajelinek.com","url":"https:\/\/tatianajelinek.com\/","logo":{"@type":"ImageObject","inLanguage":"sk-SK","@id":"https:\/\/tatianajelinek.com\/#\/schema\/logo\/image\/","url":"https:\/\/d.r4.wbsprt.com\/tatianajelinek.com\/wp-content\/uploads\/2020\/02\/Tanicka-Jelinek-logo-na-web-1.png","contentUrl":"https:\/\/d.r4.wbsprt.com\/tatianajelinek.com\/wp-content\/uploads\/2020\/02\/Tanicka-Jelinek-logo-na-web-1.png","width":360,"height":120,"caption":"tatianajelinek.com"},"image":{"@id":"https:\/\/tatianajelinek.com\/#\/schema\/logo\/image\/"}}]}},"uagb_featured_image_src":{"full":false,"thumbnail":false,"medium":false,"medium_large":false,"large":false,"1536x1536":false,"2048x2048":false},"uagb_author_info":{"display_name":"tatianajelinek","author_link":"https:\/\/d.r4.wbsprt.com\/tatianajelinek.com\/author\/tatianajelinek\/"},"uagb_comment_info":0,"uagb_excerpt":"PODPORA \u017dENSK\u00c9HO ZDRAVIA Podpora \u017eensk\u00e9ho zdravia Stiahnite si ZADARMO tento checklist, ktor\u00fd som vytvorila na z\u00e1klade mojich vedomost\u00ed a znalost\u00ed zo \u0161t\u00fadia Tradi\u010dnej \u010d\u00ednskej medic\u00edny vo Viedni. Vypl\u0148te nasledovn\u00fd formul\u00e1r a za\u0161lem V\u00e1m ho do mailu: \u00a0 * Va\u0161e osobn\u00e9 \u00fadaje (meno, adresa, tel. \u010d\u00edslo, e-mailov\u00e1 adresa) s\u00fa u m\u0148a v bezpe\u010d\u00ed a budem\u00a0 ich&hellip;","_links":{"self":[{"href":"https:\/\/d.r4.wbsprt.com\/tatianajelinek.com\/wp-json\/wp\/v2\/pages\/1933","targetHints":{"allow":["GET"]}}],"collection":[{"href":"https:\/\/d.r4.wbsprt.com\/tatianajelinek.com\/wp-json\/wp\/v2\/pages"}],"about":[{"href":"https:\/\/d.r4.wbsprt.com\/tatianajelinek.com\/wp-json\/wp\/v2\/types\/page"}],"author":[{"embeddable":true,"href":"https:\/\/d.r4.wbsprt.com\/tatianajelinek.com\/wp-json\/wp\/v2\/users\/1"}],"replies":[{"embeddable":true,"href":"https:\/\/d.r4.wbsprt.com\/tatianajelinek.com\/wp-json\/wp\/v2\/comments?post=1933"}],"version-history":[{"count":6,"href":"https:\/\/d.r4.wbsprt.com\/tatianajelinek.com\/wp-json\/wp\/v2\/pages\/1933\/revisions"}],"predecessor-version":[{"id":2480,"href":"https:\/\/d.r4.wbsprt.com\/tatianajelinek.com\/wp-json\/wp\/v2\/pages\/1933\/revisions\/2480"}],"wp:attachment":[{"href":"https:\/\/d.r4.wbsprt.com\/tatianajelinek.com\/wp-json\/wp\/v2\/media?parent=1933"}],"curies":[{"name":"wp","href":"https:\/\/api.w.org\/{rel}","templated":true}]}}