{"id":3586,"date":"2025-05-07T10:44:11","date_gmt":"2025-05-07T08:44:11","guid":{"rendered":"https:\/\/tatianajelinek.com\/?page_id=3586"},"modified":"2025-06-03T08:46:41","modified_gmt":"2025-06-03T06:46:41","slug":"objav-liecivu-silu-slzovky","status":"publish","type":"page","link":"https:\/\/d.r4.wbsprt.com\/tatianajelinek.com\/objav-liecivu-silu-slzovky\/","title":{"rendered":"Objav lie\u010div\u00fa silu slzovky"},"content":{"rendered":"\t\t<div data-elementor-type=\"wp-page\" data-elementor-id=\"3586\" class=\"elementor elementor-3586\">\n\t\t\t\t\t\t<section class=\"elementor-section elementor-top-section elementor-element elementor-element-44b5cfe elementor-section-boxed elementor-section-height-default elementor-section-height-default\" data-id=\"44b5cfe\" data-element_type=\"section\" data-e-type=\"section\" data-settings=\"{&quot;background_background&quot;:&quot;classic&quot;,&quot;shape_divider_bottom&quot;:&quot;triangle&quot;,&quot;shape_divider_bottom_negative&quot;:&quot;yes&quot;}\">\n\t\t\t\t\t\t\t<div class=\"elementor-background-overlay\"><\/div>\n\t\t\t\t\t\t<div class=\"elementor-shape elementor-shape-bottom\" aria-hidden=\"true\" data-negative=\"true\">\n\t\t\t<svg xmlns=\"http:\/\/www.w3.org\/2000\/svg\" viewBox=\"0 0 1000 100\" preserveAspectRatio=\"none\">\n\t<path class=\"elementor-shape-fill\" d=\"M500.2,94.7L0,0v100h1000V0L500.2,94.7z\"\/>\n<\/svg>\t\t<\/div>\n\t\t\t\t\t<div class=\"elementor-container elementor-column-gap-default\">\n\t\t\t\t\t<div class=\"elementor-column elementor-col-100 elementor-top-column elementor-element elementor-element-fce54a8\" data-id=\"fce54a8\" data-element_type=\"column\" data-e-type=\"column\">\n\t\t\t<div class=\"elementor-widget-wrap elementor-element-populated\">\n\t\t\t\t\t\t<div class=\"elementor-element elementor-element-7b71d78 elementor-widget elementor-widget-heading\" data-id=\"7b71d78\" data-element_type=\"widget\" data-e-type=\"widget\" data-settings=\"{&quot;_animation&quot;:&quot;none&quot;}\" data-widget_type=\"heading.default\">\n\t\t\t\t<div class=\"elementor-widget-container\">\n\t\t\t\t\t<h1 class=\"elementor-heading-title elementor-size-default\">Recepty zo slzovky<\/h1>\t\t\t\t<\/div>\n\t\t\t\t<\/div>\n\t\t\t\t\t<\/div>\n\t\t<\/div>\n\t\t\t\t\t<\/div>\n\t\t<\/section>\n\t\t\t\t<section class=\"elementor-section elementor-top-section elementor-element elementor-element-11ee179 elementor-section-boxed elementor-section-height-default elementor-section-height-default\" data-id=\"11ee179\" data-element_type=\"section\" data-e-type=\"section\">\n\t\t\t\t\t\t<div class=\"elementor-container elementor-column-gap-default\">\n\t\t\t\t\t<div class=\"elementor-column elementor-col-50 elementor-top-column elementor-element elementor-element-345e630\" data-id=\"345e630\" data-element_type=\"column\" data-e-type=\"column\">\n\t\t\t<div class=\"elementor-widget-wrap elementor-element-populated\">\n\t\t\t\t\t\t<div class=\"elementor-element elementor-element-a923391 elementor-widget elementor-widget-image\" data-id=\"a923391\" data-element_type=\"widget\" data-e-type=\"widget\" data-widget_type=\"image.default\">\n\t\t\t\t<div class=\"elementor-widget-container\">\n\t\t\t\t\t\t\t\t\t\t\t\t\t\t\t<img fetchpriority=\"high\" decoding=\"async\" width=\"579\" height=\"1024\" src=\"https:\/\/tatianajelinek.com\/wp-content\/uploads\/2025\/05\/IMG_1915-579x1024.jpg\" class=\"attachment-large size-large wp-image-3588\" alt=\"\" srcset=\"https:\/\/tatianajelinek.com\/wp-content\/uploads\/2025\/05\/IMG_1915-579x1024.jpg 579w, https:\/\/tatianajelinek.com\/wp-content\/uploads\/2025\/05\/IMG_1915-170x300.jpg 170w, https:\/\/tatianajelinek.com\/wp-content\/uploads\/2025\/05\/IMG_1915-768x1359.jpg 768w, https:\/\/tatianajelinek.com\/wp-content\/uploads\/2025\/05\/IMG_1915-868x1536.jpg 868w, https:\/\/tatianajelinek.com\/wp-content\/uploads\/2025\/05\/IMG_1915-1157x2048.jpg 1157w, https:\/\/tatianajelinek.com\/wp-content\/uploads\/2025\/05\/IMG_1915.jpg 1206w\" sizes=\"(max-width: 579px) 100vw, 579px\" \/>\t\t\t\t\t\t\t\t\t\t\t\t\t\t\t<\/div>\n\t\t\t\t<\/div>\n\t\t\t\t\t<\/div>\n\t\t<\/div>\n\t\t\t\t<div class=\"elementor-column elementor-col-50 elementor-top-column elementor-element elementor-element-271bc17\" data-id=\"271bc17\" data-element_type=\"column\" data-e-type=\"column\">\n\t\t\t<div class=\"elementor-widget-wrap elementor-element-populated\">\n\t\t\t\t\t\t<div class=\"elementor-element elementor-element-7ab2d3e elementor-widget elementor-widget-heading\" data-id=\"7ab2d3e\" data-element_type=\"widget\" data-e-type=\"widget\" data-widget_type=\"heading.default\">\n\t\t\t\t<div class=\"elementor-widget-container\">\n\t\t\t\t\t<h2 class=\"elementor-heading-title elementor-size-default\">Objav lie\u010div\u00fa silu slzovky<\/h2>\t\t\t\t<\/div>\n\t\t\t\t<\/div>\n\t\t\t\t<div class=\"elementor-element elementor-element-05994ab elementor-widget elementor-widget-text-editor\" data-id=\"05994ab\" data-element_type=\"widget\" data-e-type=\"widget\" data-widget_type=\"text-editor.default\">\n\t\t\t\t<div class=\"elementor-widget-container\">\n\t\t\t\t\t\t\t\t\t<p class=\"\" data-start=\"122\" data-end=\"335\">Zanechaj mi svoje meno a e\u2011mail, a ja ti zadarmo po\u0161lem moje ob\u013e\u00faben\u00e9 recepty so slzovkou \u2013 obilninou, ktor\u00e1 lie\u010di telo aj du\u0161u.<\/p><p class=\"\" data-start=\"122\" data-end=\"335\"><br data-start=\"278\" data-end=\"281\" \/>Nech ti prines\u00fa v\u00fd\u017eivu, pokoj a l\u00e1skav\u00fa starostlivos\u0165.<\/p>\t\t\t\t\t\t\t\t<\/div>\n\t\t\t\t<\/div>\n\t\t\t\t<div class=\"elementor-element elementor-element-11efb44 elementor-widget elementor-widget-html\" data-id=\"11efb44\" data-element_type=\"widget\" data-e-type=\"widget\" data-widget_type=\"html.default\">\n\t\t\t\t<div class=\"elementor-widget-container\">\n\t\t\t\t\t<script src=\"https:\/\/se-forms.cz\/public\/web-forms-v2\/subscribe\/664581-b06mwf0y9j357v4g7dgkpvwi0gfx6fg678gl42o5me1k0cd26rnnu29ryydvz6b272nhlemk51a2se86btgur85ile51tqp65rz9\" id=\"se-webformScriptLoader-664581-b06mwf0y9j357v4g7dgkpvwi0gfx6fg678gl42o5me1k0cd26rnnu29ryydvz6b272nhlemk51a2se86btgur85ile51tqp65rz9\" async defer><\/script>\t\t\t\t<\/div>\n\t\t\t\t<\/div>\n\t\t\t\t<div class=\"elementor-element elementor-element-319be69 elementor-widget elementor-widget-text-editor\" data-id=\"319be69\" data-element_type=\"widget\" data-e-type=\"widget\" data-widget_type=\"text-editor.default\">\n\t\t\t\t<div class=\"elementor-widget-container\">\n\t\t\t\t\t\t\t\t\t<p><em>* Va\u0161e osobn\u00e9 \u00fadaje (meno, adresa, tel. \u010d\u00edslo, e-mailov\u00e1 adresa) s\u00fa u m\u0148a v bezpe\u010d\u00ed a budem\u00a0 ich spracov\u00e1va\u0165 pod\u013ea z\u00e1sad ochrany osobn\u00fdch \u00fadajov, ktor\u00e9 vych\u00e1dzaj\u00fa zo slovenskej a eur\u00f3pskej legislat\u00edvy.<\/em><\/p>\t\t\t\t\t\t\t\t<\/div>\n\t\t\t\t<\/div>\n\t\t\t\t\t<\/div>\n\t\t<\/div>\n\t\t\t\t\t<\/div>\n\t\t<\/section>\n\t\t\t\t<\/div>\n\t\t","protected":false},"excerpt":{"rendered":"<p>Recepty zo slzovky Objav lie\u010div\u00fa silu slzovky Zanechaj mi svoje meno a e\u2011mail, a ja ti zadarmo po\u0161lem moje ob\u013e\u00faben\u00e9 recepty so slzovkou \u2013 obilninou, ktor\u00e1 lie\u010di telo aj du\u0161u. Nech ti prines\u00fa v\u00fd\u017eivu, pokoj a l\u00e1skav\u00fa starostlivos\u0165. * Va\u0161e osobn\u00e9 \u00fadaje (meno, adresa, tel. \u010d\u00edslo, e-mailov\u00e1 adresa) s\u00fa u m\u0148a v bezpe\u010d\u00ed a budem\u00a0 &hellip;<\/p>\n<p class=\"read-more\"> <a class=\"\" href=\"https:\/\/d.r4.wbsprt.com\/tatianajelinek.com\/objav-liecivu-silu-slzovky\/\"> <span class=\"screen-reader-text\">Objav lie\u010div\u00fa silu slzovky<\/span> \u010c\u00edtajte viac &raquo;<\/a><\/p>\n","protected":false},"author":1,"featured_media":0,"parent":0,"menu_order":0,"comment_status":"closed","ping_status":"closed","template":"","meta":{"_uag_custom_page_level_css":"","_monsterinsights_skip_tracking":false,"_monsterinsights_sitenote_active":false,"_monsterinsights_sitenote_note":"","_monsterinsights_sitenote_category":0,"site-sidebar-layout":"no-sidebar","site-content-layout":"page-builder","ast-global-header-display":"","ast-main-header-display":"","ast-hfb-above-header-display":"","ast-hfb-below-header-display":"","ast-hfb-mobile-header-display":"","site-post-title":"disabled","ast-breadcrumbs-content":"","ast-featured-img":"disabled","footer-sml-layout":"","theme-transparent-header-meta":"","adv-header-id-meta":"","stick-header-meta":"","header-above-stick-meta":"","header-main-stick-meta":"","header-below-stick-meta":"","footnotes":""},"class_list":["post-3586","page","type-page","status-publish","hentry"],"yoast_head":"<!-- This site is optimized with the Yoast SEO plugin v26.1.1 - https:\/\/yoast.com\/wordpress\/plugins\/seo\/ -->\n<title>Objav lie\u010div\u00fa silu slzovky - tatianajelinek.com<\/title>\n<meta name=\"robots\" content=\"index, follow, max-snippet:-1, max-image-preview:large, max-video-preview:-1\" \/>\n<link rel=\"canonical\" href=\"https:\/\/tatianajelinek.com\/objav-liecivu-silu-slzovky\/\" \/>\n<meta property=\"og:locale\" content=\"sk_SK\" \/>\n<meta property=\"og:type\" content=\"article\" \/>\n<meta property=\"og:title\" content=\"Objav lie\u010div\u00fa silu slzovky - tatianajelinek.com\" \/>\n<meta property=\"og:description\" content=\"Recepty zo slzovky Objav lie\u010div\u00fa silu slzovky Zanechaj mi svoje meno a e\u2011mail, a ja ti zadarmo po\u0161lem moje ob\u013e\u00faben\u00e9 recepty so slzovkou \u2013 obilninou, ktor\u00e1 lie\u010di telo aj du\u0161u. Nech ti prines\u00fa v\u00fd\u017eivu, pokoj a l\u00e1skav\u00fa starostlivos\u0165. * Va\u0161e osobn\u00e9 \u00fadaje (meno, adresa, tel. \u010d\u00edslo, e-mailov\u00e1 adresa) s\u00fa u m\u0148a v bezpe\u010d\u00ed a budem\u00a0 &hellip; Objav lie\u010div\u00fa silu slzovky \u010c\u00edtajte viac &raquo;\" \/>\n<meta property=\"og:url\" content=\"https:\/\/tatianajelinek.com\/objav-liecivu-silu-slzovky\/\" \/>\n<meta property=\"og:site_name\" content=\"tatianajelinek.com\" \/>\n<meta property=\"article:modified_time\" content=\"2025-06-03T06:46:41+00:00\" \/>\n<meta property=\"og:image\" content=\"http:\/\/tatianajelinek.com\/wp-content\/uploads\/2025\/05\/IMG_1915-579x1024.jpg\" \/>\n<meta name=\"twitter:card\" content=\"summary_large_image\" \/>\n<meta name=\"twitter:label1\" content=\"Predpokladan\u00fd \u010das \u010d\u00edtania\" \/>\n\t<meta name=\"twitter:data1\" content=\"1 min\u00fata\" \/>\n<script type=\"application\/ld+json\" class=\"yoast-schema-graph\">{\"@context\":\"https:\/\/schema.org\",\"@graph\":[{\"@type\":\"WebPage\",\"@id\":\"https:\/\/tatianajelinek.com\/objav-liecivu-silu-slzovky\/\",\"url\":\"https:\/\/tatianajelinek.com\/objav-liecivu-silu-slzovky\/\",\"name\":\"Objav lie\u010div\u00fa silu slzovky - tatianajelinek.com\",\"isPartOf\":{\"@id\":\"https:\/\/tatianajelinek.com\/#website\"},\"primaryImageOfPage\":{\"@id\":\"https:\/\/tatianajelinek.com\/objav-liecivu-silu-slzovky\/#primaryimage\"},\"image\":{\"@id\":\"https:\/\/tatianajelinek.com\/objav-liecivu-silu-slzovky\/#primaryimage\"},\"thumbnailUrl\":\"http:\/\/tatianajelinek.com\/wp-content\/uploads\/2025\/05\/IMG_1915-579x1024.jpg\",\"datePublished\":\"2025-05-07T08:44:11+00:00\",\"dateModified\":\"2025-06-03T06:46:41+00:00\",\"breadcrumb\":{\"@id\":\"https:\/\/tatianajelinek.com\/objav-liecivu-silu-slzovky\/#breadcrumb\"},\"inLanguage\":\"sk-SK\",\"potentialAction\":[{\"@type\":\"ReadAction\",\"target\":[\"https:\/\/tatianajelinek.com\/objav-liecivu-silu-slzovky\/\"]}]},{\"@type\":\"ImageObject\",\"inLanguage\":\"sk-SK\",\"@id\":\"https:\/\/tatianajelinek.com\/objav-liecivu-silu-slzovky\/#primaryimage\",\"url\":\"http:\/\/tatianajelinek.com\/wp-content\/uploads\/2025\/05\/IMG_1915-579x1024.jpg\",\"contentUrl\":\"http:\/\/tatianajelinek.com\/wp-content\/uploads\/2025\/05\/IMG_1915-579x1024.jpg\"},{\"@type\":\"BreadcrumbList\",\"@id\":\"https:\/\/tatianajelinek.com\/objav-liecivu-silu-slzovky\/#breadcrumb\",\"itemListElement\":[{\"@type\":\"ListItem\",\"position\":1,\"name\":\"Home\",\"item\":\"https:\/\/tatianajelinek.com\/\"},{\"@type\":\"ListItem\",\"position\":2,\"name\":\"Objav lie\u010div\u00fa silu slzovky\"}]},{\"@type\":\"WebSite\",\"@id\":\"https:\/\/tatianajelinek.com\/#website\",\"url\":\"https:\/\/tatianajelinek.com\/\",\"name\":\"tatianajelinek.com\",\"description\":\"Osobnostn\u00fd rozvoj s princ\u00edpmi T\u010cM\",\"publisher\":{\"@id\":\"https:\/\/tatianajelinek.com\/#organization\"},\"potentialAction\":[{\"@type\":\"SearchAction\",\"target\":{\"@type\":\"EntryPoint\",\"urlTemplate\":\"https:\/\/tatianajelinek.com\/?s={search_term_string}\"},\"query-input\":{\"@type\":\"PropertyValueSpecification\",\"valueRequired\":true,\"valueName\":\"search_term_string\"}}],\"inLanguage\":\"sk-SK\"},{\"@type\":\"Organization\",\"@id\":\"https:\/\/tatianajelinek.com\/#organization\",\"name\":\"tatianajelinek.com\",\"url\":\"https:\/\/tatianajelinek.com\/\",\"logo\":{\"@type\":\"ImageObject\",\"inLanguage\":\"sk-SK\",\"@id\":\"https:\/\/tatianajelinek.com\/#\/schema\/logo\/image\/\",\"url\":\"https:\/\/d.r4.wbsprt.com\/tatianajelinek.com\/wp-content\/uploads\/2020\/02\/Tanicka-Jelinek-logo-na-web-1.png\",\"contentUrl\":\"https:\/\/d.r4.wbsprt.com\/tatianajelinek.com\/wp-content\/uploads\/2020\/02\/Tanicka-Jelinek-logo-na-web-1.png\",\"width\":360,\"height\":120,\"caption\":\"tatianajelinek.com\"},\"image\":{\"@id\":\"https:\/\/tatianajelinek.com\/#\/schema\/logo\/image\/\"}}]}<\/script>\n<!-- \/ Yoast SEO plugin. -->","yoast_head_json":{"title":"Objav lie\u010div\u00fa silu slzovky - tatianajelinek.com","robots":{"index":"index","follow":"follow","max-snippet":"max-snippet:-1","max-image-preview":"max-image-preview:large","max-video-preview":"max-video-preview:-1"},"canonical":"https:\/\/tatianajelinek.com\/objav-liecivu-silu-slzovky\/","og_locale":"sk_SK","og_type":"article","og_title":"Objav lie\u010div\u00fa silu slzovky - tatianajelinek.com","og_description":"Recepty zo slzovky Objav lie\u010div\u00fa silu slzovky Zanechaj mi svoje meno a e\u2011mail, a ja ti zadarmo po\u0161lem moje ob\u013e\u00faben\u00e9 recepty so slzovkou \u2013 obilninou, ktor\u00e1 lie\u010di telo aj du\u0161u. Nech ti prines\u00fa v\u00fd\u017eivu, pokoj a l\u00e1skav\u00fa starostlivos\u0165. * Va\u0161e osobn\u00e9 \u00fadaje (meno, adresa, tel. \u010d\u00edslo, e-mailov\u00e1 adresa) s\u00fa u m\u0148a v bezpe\u010d\u00ed a budem\u00a0 &hellip; Objav lie\u010div\u00fa silu slzovky \u010c\u00edtajte viac &raquo;","og_url":"https:\/\/tatianajelinek.com\/objav-liecivu-silu-slzovky\/","og_site_name":"tatianajelinek.com","article_modified_time":"2025-06-03T06:46:41+00:00","og_image":[{"url":"http:\/\/tatianajelinek.com\/wp-content\/uploads\/2025\/05\/IMG_1915-579x1024.jpg","type":"","width":"","height":""}],"twitter_card":"summary_large_image","twitter_misc":{"Predpokladan\u00fd \u010das \u010d\u00edtania":"1 min\u00fata"},"schema":{"@context":"https:\/\/schema.org","@graph":[{"@type":"WebPage","@id":"https:\/\/tatianajelinek.com\/objav-liecivu-silu-slzovky\/","url":"https:\/\/tatianajelinek.com\/objav-liecivu-silu-slzovky\/","name":"Objav lie\u010div\u00fa silu slzovky - tatianajelinek.com","isPartOf":{"@id":"https:\/\/tatianajelinek.com\/#website"},"primaryImageOfPage":{"@id":"https:\/\/tatianajelinek.com\/objav-liecivu-silu-slzovky\/#primaryimage"},"image":{"@id":"https:\/\/tatianajelinek.com\/objav-liecivu-silu-slzovky\/#primaryimage"},"thumbnailUrl":"http:\/\/tatianajelinek.com\/wp-content\/uploads\/2025\/05\/IMG_1915-579x1024.jpg","datePublished":"2025-05-07T08:44:11+00:00","dateModified":"2025-06-03T06:46:41+00:00","breadcrumb":{"@id":"https:\/\/tatianajelinek.com\/objav-liecivu-silu-slzovky\/#breadcrumb"},"inLanguage":"sk-SK","potentialAction":[{"@type":"ReadAction","target":["https:\/\/tatianajelinek.com\/objav-liecivu-silu-slzovky\/"]}]},{"@type":"ImageObject","inLanguage":"sk-SK","@id":"https:\/\/tatianajelinek.com\/objav-liecivu-silu-slzovky\/#primaryimage","url":"http:\/\/tatianajelinek.com\/wp-content\/uploads\/2025\/05\/IMG_1915-579x1024.jpg","contentUrl":"http:\/\/tatianajelinek.com\/wp-content\/uploads\/2025\/05\/IMG_1915-579x1024.jpg"},{"@type":"BreadcrumbList","@id":"https:\/\/tatianajelinek.com\/objav-liecivu-silu-slzovky\/#breadcrumb","itemListElement":[{"@type":"ListItem","position":1,"name":"Home","item":"https:\/\/tatianajelinek.com\/"},{"@type":"ListItem","position":2,"name":"Objav lie\u010div\u00fa silu slzovky"}]},{"@type":"WebSite","@id":"https:\/\/tatianajelinek.com\/#website","url":"https:\/\/tatianajelinek.com\/","name":"tatianajelinek.com","description":"Osobnostn\u00fd rozvoj s princ\u00edpmi T\u010cM","publisher":{"@id":"https:\/\/tatianajelinek.com\/#organization"},"potentialAction":[{"@type":"SearchAction","target":{"@type":"EntryPoint","urlTemplate":"https:\/\/tatianajelinek.com\/?s={search_term_string}"},"query-input":{"@type":"PropertyValueSpecification","valueRequired":true,"valueName":"search_term_string"}}],"inLanguage":"sk-SK"},{"@type":"Organization","@id":"https:\/\/tatianajelinek.com\/#organization","name":"tatianajelinek.com","url":"https:\/\/tatianajelinek.com\/","logo":{"@type":"ImageObject","inLanguage":"sk-SK","@id":"https:\/\/tatianajelinek.com\/#\/schema\/logo\/image\/","url":"https:\/\/d.r4.wbsprt.com\/tatianajelinek.com\/wp-content\/uploads\/2020\/02\/Tanicka-Jelinek-logo-na-web-1.png","contentUrl":"https:\/\/d.r4.wbsprt.com\/tatianajelinek.com\/wp-content\/uploads\/2020\/02\/Tanicka-Jelinek-logo-na-web-1.png","width":360,"height":120,"caption":"tatianajelinek.com"},"image":{"@id":"https:\/\/tatianajelinek.com\/#\/schema\/logo\/image\/"}}]}},"uagb_featured_image_src":{"full":false,"thumbnail":false,"medium":false,"medium_large":false,"large":false,"1536x1536":false,"2048x2048":false},"uagb_author_info":{"display_name":"tatianajelinek","author_link":"https:\/\/d.r4.wbsprt.com\/tatianajelinek.com\/author\/tatianajelinek\/"},"uagb_comment_info":0,"uagb_excerpt":"Recepty zo slzovky Objav lie\u010div\u00fa silu slzovky Zanechaj mi svoje meno a e\u2011mail, a ja ti zadarmo po\u0161lem moje ob\u013e\u00faben\u00e9 recepty so slzovkou \u2013 obilninou, ktor\u00e1 lie\u010di telo aj du\u0161u. Nech ti prines\u00fa v\u00fd\u017eivu, pokoj a l\u00e1skav\u00fa starostlivos\u0165. * Va\u0161e osobn\u00e9 \u00fadaje (meno, adresa, tel. \u010d\u00edslo, e-mailov\u00e1 adresa) s\u00fa u m\u0148a v bezpe\u010d\u00ed a budem\u00a0&hellip;","_links":{"self":[{"href":"https:\/\/d.r4.wbsprt.com\/tatianajelinek.com\/wp-json\/wp\/v2\/pages\/3586","targetHints":{"allow":["GET"]}}],"collection":[{"href":"https:\/\/d.r4.wbsprt.com\/tatianajelinek.com\/wp-json\/wp\/v2\/pages"}],"about":[{"href":"https:\/\/d.r4.wbsprt.com\/tatianajelinek.com\/wp-json\/wp\/v2\/types\/page"}],"author":[{"embeddable":true,"href":"https:\/\/d.r4.wbsprt.com\/tatianajelinek.com\/wp-json\/wp\/v2\/users\/1"}],"replies":[{"embeddable":true,"href":"https:\/\/d.r4.wbsprt.com\/tatianajelinek.com\/wp-json\/wp\/v2\/comments?post=3586"}],"version-history":[{"count":6,"href":"https:\/\/d.r4.wbsprt.com\/tatianajelinek.com\/wp-json\/wp\/v2\/pages\/3586\/revisions"}],"predecessor-version":[{"id":3610,"href":"https:\/\/d.r4.wbsprt.com\/tatianajelinek.com\/wp-json\/wp\/v2\/pages\/3586\/revisions\/3610"}],"wp:attachment":[{"href":"https:\/\/d.r4.wbsprt.com\/tatianajelinek.com\/wp-json\/wp\/v2\/media?parent=3586"}],"curies":[{"name":"wp","href":"https:\/\/api.w.org\/{rel}","templated":true}]}}