{"id":3606,"date":"2025-06-03T08:46:16","date_gmt":"2025-06-03T06:46:16","guid":{"rendered":"https:\/\/tatianajelinek.com\/?page_id=3606"},"modified":"2025-06-03T08:49:32","modified_gmt":"2025-06-03T06:49:32","slug":"ako-v-lete-nepribrat","status":"publish","type":"page","link":"https:\/\/d.r4.wbsprt.com\/tatianajelinek.com\/ako-v-lete-nepribrat\/","title":{"rendered":"Ako v lete nepribra\u0165"},"content":{"rendered":"\t\t<div data-elementor-type=\"wp-page\" data-elementor-id=\"3606\" class=\"elementor elementor-3606\">\n\t\t\t\t\t\t<section class=\"elementor-section elementor-top-section elementor-element elementor-element-17b58f6 elementor-section-boxed elementor-section-height-default elementor-section-height-default\" data-id=\"17b58f6\" data-element_type=\"section\" data-e-type=\"section\" data-settings=\"{&quot;background_background&quot;:&quot;classic&quot;,&quot;shape_divider_bottom&quot;:&quot;triangle&quot;,&quot;shape_divider_bottom_negative&quot;:&quot;yes&quot;}\">\n\t\t\t\t\t\t\t<div class=\"elementor-background-overlay\"><\/div>\n\t\t\t\t\t\t<div class=\"elementor-shape elementor-shape-bottom\" aria-hidden=\"true\" data-negative=\"true\">\n\t\t\t<svg xmlns=\"http:\/\/www.w3.org\/2000\/svg\" viewBox=\"0 0 1000 100\" preserveAspectRatio=\"none\">\n\t<path class=\"elementor-shape-fill\" d=\"M500.2,94.7L0,0v100h1000V0L500.2,94.7z\"\/>\n<\/svg>\t\t<\/div>\n\t\t\t\t\t<div class=\"elementor-container elementor-column-gap-default\">\n\t\t\t\t\t<div class=\"elementor-column elementor-col-100 elementor-top-column elementor-element elementor-element-355e6c1\" data-id=\"355e6c1\" data-element_type=\"column\" data-e-type=\"column\">\n\t\t\t<div class=\"elementor-widget-wrap elementor-element-populated\">\n\t\t\t\t\t\t<div class=\"elementor-element elementor-element-57f474e elementor-widget elementor-widget-heading\" data-id=\"57f474e\" data-element_type=\"widget\" data-e-type=\"widget\" data-settings=\"{&quot;_animation&quot;:&quot;none&quot;}\" data-widget_type=\"heading.default\">\n\t\t\t\t<div class=\"elementor-widget-container\">\n\t\t\t\t\t<h1 class=\"elementor-heading-title elementor-size-default\">Ako v lete nepribra\u0165<\/h1>\t\t\t\t<\/div>\n\t\t\t\t<\/div>\n\t\t\t\t\t<\/div>\n\t\t<\/div>\n\t\t\t\t\t<\/div>\n\t\t<\/section>\n\t\t\t\t<section class=\"elementor-section elementor-top-section elementor-element elementor-element-794d739 elementor-section-boxed elementor-section-height-default elementor-section-height-default\" data-id=\"794d739\" data-element_type=\"section\" data-e-type=\"section\">\n\t\t\t\t\t\t<div class=\"elementor-container elementor-column-gap-default\">\n\t\t\t\t\t<div class=\"elementor-column elementor-col-50 elementor-top-column elementor-element elementor-element-edb256e\" data-id=\"edb256e\" data-element_type=\"column\" data-e-type=\"column\">\n\t\t\t<div class=\"elementor-widget-wrap elementor-element-populated\">\n\t\t\t\t\t\t<div class=\"elementor-element elementor-element-d1a6dc8 elementor-widget elementor-widget-image\" data-id=\"d1a6dc8\" data-element_type=\"widget\" data-e-type=\"widget\" data-widget_type=\"image.default\">\n\t\t\t\t<div class=\"elementor-widget-container\">\n\t\t\t\t\t\t\t\t\t\t\t\t\t\t\t<img fetchpriority=\"high\" decoding=\"async\" width=\"819\" height=\"1024\" src=\"https:\/\/tatianajelinek.com\/wp-content\/uploads\/2023\/05\/IMG_3138-819x1024.jpg\" class=\"attachment-large size-large wp-image-1849\" alt=\"\" srcset=\"https:\/\/tatianajelinek.com\/wp-content\/uploads\/2023\/05\/IMG_3138-819x1024.jpg 819w, https:\/\/tatianajelinek.com\/wp-content\/uploads\/2023\/05\/IMG_3138-240x300.jpg 240w, https:\/\/tatianajelinek.com\/wp-content\/uploads\/2023\/05\/IMG_3138-768x960.jpg 768w, https:\/\/tatianajelinek.com\/wp-content\/uploads\/2023\/05\/IMG_3138-1229x1536.jpg 1229w, https:\/\/tatianajelinek.com\/wp-content\/uploads\/2023\/05\/IMG_3138.jpg 1440w\" sizes=\"(max-width: 819px) 100vw, 819px\" \/>\t\t\t\t\t\t\t\t\t\t\t\t\t\t\t<\/div>\n\t\t\t\t<\/div>\n\t\t\t\t\t<\/div>\n\t\t<\/div>\n\t\t\t\t<div class=\"elementor-column elementor-col-50 elementor-top-column elementor-element elementor-element-ce35c9e\" data-id=\"ce35c9e\" data-element_type=\"column\" data-e-type=\"column\">\n\t\t\t<div class=\"elementor-widget-wrap elementor-element-populated\">\n\t\t\t\t\t\t<div class=\"elementor-element elementor-element-51fb689 elementor-widget elementor-widget-heading\" data-id=\"51fb689\" data-element_type=\"widget\" data-e-type=\"widget\" data-widget_type=\"heading.default\">\n\t\t\t\t<div class=\"elementor-widget-container\">\n\t\t\t\t\t<h2 class=\"elementor-heading-title elementor-size-default\">Ako v lete nepribra\u0165<\/h2>\t\t\t\t<\/div>\n\t\t\t\t<\/div>\n\t\t\t\t<div class=\"elementor-element elementor-element-fdbc8ec elementor-widget elementor-widget-text-editor\" data-id=\"fdbc8ec\" data-element_type=\"widget\" data-e-type=\"widget\" data-widget_type=\"text-editor.default\">\n\t\t\t\t<div class=\"elementor-widget-container\">\n\t\t\t\t\t\t\t\t\t<p data-start=\"216\" data-end=\"477\">T\u00fa\u017ei\u0161 sa po\u010das leta c\u00edti\u0165 dobre vo svojom tele, jes\u0165 vedome a bez stresu z priberania?<br data-start=\"302\" data-end=\"305\" \/>Pripravila som pre teba <strong data-start=\"329\" data-end=\"355\">praktick\u00fd zoznam tipov<\/strong>, ktor\u00e9 ti pom\u00f4\u017eu udr\u017ea\u0165 rovnov\u00e1hu, energiu a tr\u00e1viaci ohe\u0148 v harm\u00f3nii \u2013 pod\u013ea princ\u00edpov, ktor\u00e9 re\u0161pektuj\u00fa telo aj du\u0161u.<\/p><p data-start=\"479\" data-end=\"610\">Sta\u010d\u00ed vyplni\u0165 formul\u00e1r ni\u017e\u0161ie a <strong data-start=\"511\" data-end=\"565\">hne\u010f ti pr\u00edde m\u00f4j letn\u00fd newsletter priamo do mailu<\/strong>. \ud83d\udc8c<br data-start=\"569\" data-end=\"572\" \/>L\u00e1skav\u00e1 v\u00fd\u017eiva za\u010d\u00edna mal\u00fdmi krokmi.<\/p><p data-start=\"612\" data-end=\"675\">\ud83d\udc49 Te\u0161\u00edm sa, \u017ee spolu kr\u00e1\u010dame cestou vedom\u00e9ho \u017eensk\u00e9ho bytia.<\/p>\t\t\t\t\t\t\t\t<\/div>\n\t\t\t\t<\/div>\n\t\t\t\t<div class=\"elementor-element elementor-element-e7d7b19 elementor-widget elementor-widget-html\" data-id=\"e7d7b19\" data-element_type=\"widget\" data-e-type=\"widget\" data-widget_type=\"html.default\">\n\t\t\t\t<div class=\"elementor-widget-container\">\n\t\t\t\t\t<script src=\"https:\/\/se-forms.cz\/public\/web-forms-v2\/subscribe\/664581-qmmai5k6dnebzzy2yzwfafvixm038u2b461zmsakzt7jxqkveb5jdhu8gyelo8b6k32uu4mzu75ww8r5u0u9auof2ck51zk2dvy5\" id=\"se-webformScriptLoader-664581-qmmai5k6dnebzzy2yzwfafvixm038u2b461zmsakzt7jxqkveb5jdhu8gyelo8b6k32uu4mzu75ww8r5u0u9auof2ck51zk2dvy5\" async defer><\/script>\t\t\t\t<\/div>\n\t\t\t\t<\/div>\n\t\t\t\t<div class=\"elementor-element elementor-element-d183e2f elementor-widget elementor-widget-text-editor\" data-id=\"d183e2f\" data-element_type=\"widget\" data-e-type=\"widget\" data-widget_type=\"text-editor.default\">\n\t\t\t\t<div class=\"elementor-widget-container\">\n\t\t\t\t\t\t\t\t\t<p><em>* Va\u0161e osobn\u00e9 \u00fadaje (meno, adresa, tel. \u010d\u00edslo, e-mailov\u00e1 adresa) s\u00fa u m\u0148a v bezpe\u010d\u00ed a budem\u00a0 ich spracov\u00e1va\u0165 pod\u013ea z\u00e1sad ochrany osobn\u00fdch \u00fadajov, ktor\u00e9 vych\u00e1dzaj\u00fa zo slovenskej a eur\u00f3pskej legislat\u00edvy.<\/em><\/p>\t\t\t\t\t\t\t\t<\/div>\n\t\t\t\t<\/div>\n\t\t\t\t\t<\/div>\n\t\t<\/div>\n\t\t\t\t\t<\/div>\n\t\t<\/section>\n\t\t\t\t<\/div>\n\t\t","protected":false},"excerpt":{"rendered":"<p>Ako v lete nepribra\u0165 Ako v lete nepribra\u0165 T\u00fa\u017ei\u0161 sa po\u010das leta c\u00edti\u0165 dobre vo svojom tele, jes\u0165 vedome a bez stresu z priberania?Pripravila som pre teba praktick\u00fd zoznam tipov, ktor\u00e9 ti pom\u00f4\u017eu udr\u017ea\u0165 rovnov\u00e1hu, energiu a tr\u00e1viaci ohe\u0148 v harm\u00f3nii \u2013 pod\u013ea princ\u00edpov, ktor\u00e9 re\u0161pektuj\u00fa telo aj du\u0161u. Sta\u010d\u00ed vyplni\u0165 formul\u00e1r ni\u017e\u0161ie a hne\u010f &hellip;<\/p>\n<p class=\"read-more\"> <a class=\"\" href=\"https:\/\/d.r4.wbsprt.com\/tatianajelinek.com\/ako-v-lete-nepribrat\/\"> <span class=\"screen-reader-text\">Ako v lete nepribra\u0165<\/span> \u010c\u00edtajte viac &raquo;<\/a><\/p>\n","protected":false},"author":1,"featured_media":0,"parent":0,"menu_order":0,"comment_status":"closed","ping_status":"closed","template":"","meta":{"_uag_custom_page_level_css":"","_monsterinsights_skip_tracking":false,"_monsterinsights_sitenote_active":false,"_monsterinsights_sitenote_note":"","_monsterinsights_sitenote_category":0,"site-sidebar-layout":"no-sidebar","site-content-layout":"page-builder","ast-global-header-display":"","ast-main-header-display":"","ast-hfb-above-header-display":"","ast-hfb-below-header-display":"","ast-hfb-mobile-header-display":"","site-post-title":"disabled","ast-breadcrumbs-content":"","ast-featured-img":"disabled","footer-sml-layout":"","theme-transparent-header-meta":"","adv-header-id-meta":"","stick-header-meta":"","header-above-stick-meta":"","header-main-stick-meta":"","header-below-stick-meta":"","footnotes":""},"class_list":["post-3606","page","type-page","status-publish","hentry"],"yoast_head":"<!-- This site is optimized with the Yoast SEO plugin v26.1.1 - https:\/\/yoast.com\/wordpress\/plugins\/seo\/ -->\n<title>Ako v lete nepribra\u0165 - tatianajelinek.com<\/title>\n<meta name=\"robots\" content=\"index, follow, max-snippet:-1, max-image-preview:large, max-video-preview:-1\" \/>\n<link rel=\"canonical\" href=\"https:\/\/tatianajelinek.com\/ako-v-lete-nepribrat\/\" \/>\n<meta property=\"og:locale\" content=\"sk_SK\" \/>\n<meta property=\"og:type\" content=\"article\" \/>\n<meta property=\"og:title\" content=\"Ako v lete nepribra\u0165 - tatianajelinek.com\" \/>\n<meta property=\"og:description\" content=\"Ako v lete nepribra\u0165 Ako v lete nepribra\u0165 T\u00fa\u017ei\u0161 sa po\u010das leta c\u00edti\u0165 dobre vo svojom tele, jes\u0165 vedome a bez stresu z priberania?Pripravila som pre teba praktick\u00fd zoznam tipov, ktor\u00e9 ti pom\u00f4\u017eu udr\u017ea\u0165 rovnov\u00e1hu, energiu a tr\u00e1viaci ohe\u0148 v harm\u00f3nii \u2013 pod\u013ea princ\u00edpov, ktor\u00e9 re\u0161pektuj\u00fa telo aj du\u0161u. Sta\u010d\u00ed vyplni\u0165 formul\u00e1r ni\u017e\u0161ie a hne\u010f &hellip; Ako v lete nepribra\u0165 \u010c\u00edtajte viac &raquo;\" \/>\n<meta property=\"og:url\" content=\"https:\/\/tatianajelinek.com\/ako-v-lete-nepribrat\/\" \/>\n<meta property=\"og:site_name\" content=\"tatianajelinek.com\" \/>\n<meta property=\"article:modified_time\" content=\"2025-06-03T06:49:32+00:00\" \/>\n<meta property=\"og:image\" content=\"http:\/\/tatianajelinek.com\/wp-content\/uploads\/2023\/05\/IMG_3138-819x1024.jpg\" \/>\n<meta name=\"twitter:card\" content=\"summary_large_image\" \/>\n<meta name=\"twitter:label1\" content=\"Predpokladan\u00fd \u010das \u010d\u00edtania\" \/>\n\t<meta name=\"twitter:data1\" content=\"1 min\u00fata\" \/>\n<script type=\"application\/ld+json\" class=\"yoast-schema-graph\">{\"@context\":\"https:\/\/schema.org\",\"@graph\":[{\"@type\":\"WebPage\",\"@id\":\"https:\/\/tatianajelinek.com\/ako-v-lete-nepribrat\/\",\"url\":\"https:\/\/tatianajelinek.com\/ako-v-lete-nepribrat\/\",\"name\":\"Ako v lete nepribra\u0165 - tatianajelinek.com\",\"isPartOf\":{\"@id\":\"https:\/\/tatianajelinek.com\/#website\"},\"primaryImageOfPage\":{\"@id\":\"https:\/\/tatianajelinek.com\/ako-v-lete-nepribrat\/#primaryimage\"},\"image\":{\"@id\":\"https:\/\/tatianajelinek.com\/ako-v-lete-nepribrat\/#primaryimage\"},\"thumbnailUrl\":\"http:\/\/tatianajelinek.com\/wp-content\/uploads\/2023\/05\/IMG_3138-819x1024.jpg\",\"datePublished\":\"2025-06-03T06:46:16+00:00\",\"dateModified\":\"2025-06-03T06:49:32+00:00\",\"breadcrumb\":{\"@id\":\"https:\/\/tatianajelinek.com\/ako-v-lete-nepribrat\/#breadcrumb\"},\"inLanguage\":\"sk-SK\",\"potentialAction\":[{\"@type\":\"ReadAction\",\"target\":[\"https:\/\/tatianajelinek.com\/ako-v-lete-nepribrat\/\"]}]},{\"@type\":\"ImageObject\",\"inLanguage\":\"sk-SK\",\"@id\":\"https:\/\/tatianajelinek.com\/ako-v-lete-nepribrat\/#primaryimage\",\"url\":\"http:\/\/tatianajelinek.com\/wp-content\/uploads\/2023\/05\/IMG_3138-819x1024.jpg\",\"contentUrl\":\"http:\/\/tatianajelinek.com\/wp-content\/uploads\/2023\/05\/IMG_3138-819x1024.jpg\"},{\"@type\":\"BreadcrumbList\",\"@id\":\"https:\/\/tatianajelinek.com\/ako-v-lete-nepribrat\/#breadcrumb\",\"itemListElement\":[{\"@type\":\"ListItem\",\"position\":1,\"name\":\"Home\",\"item\":\"https:\/\/tatianajelinek.com\/\"},{\"@type\":\"ListItem\",\"position\":2,\"name\":\"Ako v lete nepribra\u0165\"}]},{\"@type\":\"WebSite\",\"@id\":\"https:\/\/tatianajelinek.com\/#website\",\"url\":\"https:\/\/tatianajelinek.com\/\",\"name\":\"tatianajelinek.com\",\"description\":\"Osobnostn\u00fd rozvoj s princ\u00edpmi T\u010cM\",\"publisher\":{\"@id\":\"https:\/\/tatianajelinek.com\/#organization\"},\"potentialAction\":[{\"@type\":\"SearchAction\",\"target\":{\"@type\":\"EntryPoint\",\"urlTemplate\":\"https:\/\/tatianajelinek.com\/?s={search_term_string}\"},\"query-input\":{\"@type\":\"PropertyValueSpecification\",\"valueRequired\":true,\"valueName\":\"search_term_string\"}}],\"inLanguage\":\"sk-SK\"},{\"@type\":\"Organization\",\"@id\":\"https:\/\/tatianajelinek.com\/#organization\",\"name\":\"tatianajelinek.com\",\"url\":\"https:\/\/tatianajelinek.com\/\",\"logo\":{\"@type\":\"ImageObject\",\"inLanguage\":\"sk-SK\",\"@id\":\"https:\/\/tatianajelinek.com\/#\/schema\/logo\/image\/\",\"url\":\"https:\/\/d.r4.wbsprt.com\/tatianajelinek.com\/wp-content\/uploads\/2020\/02\/Tanicka-Jelinek-logo-na-web-1.png\",\"contentUrl\":\"https:\/\/d.r4.wbsprt.com\/tatianajelinek.com\/wp-content\/uploads\/2020\/02\/Tanicka-Jelinek-logo-na-web-1.png\",\"width\":360,\"height\":120,\"caption\":\"tatianajelinek.com\"},\"image\":{\"@id\":\"https:\/\/tatianajelinek.com\/#\/schema\/logo\/image\/\"}}]}<\/script>\n<!-- \/ Yoast SEO plugin. -->","yoast_head_json":{"title":"Ako v lete nepribra\u0165 - tatianajelinek.com","robots":{"index":"index","follow":"follow","max-snippet":"max-snippet:-1","max-image-preview":"max-image-preview:large","max-video-preview":"max-video-preview:-1"},"canonical":"https:\/\/tatianajelinek.com\/ako-v-lete-nepribrat\/","og_locale":"sk_SK","og_type":"article","og_title":"Ako v lete nepribra\u0165 - tatianajelinek.com","og_description":"Ako v lete nepribra\u0165 Ako v lete nepribra\u0165 T\u00fa\u017ei\u0161 sa po\u010das leta c\u00edti\u0165 dobre vo svojom tele, jes\u0165 vedome a bez stresu z priberania?Pripravila som pre teba praktick\u00fd zoznam tipov, ktor\u00e9 ti pom\u00f4\u017eu udr\u017ea\u0165 rovnov\u00e1hu, energiu a tr\u00e1viaci ohe\u0148 v harm\u00f3nii \u2013 pod\u013ea princ\u00edpov, ktor\u00e9 re\u0161pektuj\u00fa telo aj du\u0161u. Sta\u010d\u00ed vyplni\u0165 formul\u00e1r ni\u017e\u0161ie a hne\u010f &hellip; Ako v lete nepribra\u0165 \u010c\u00edtajte viac &raquo;","og_url":"https:\/\/tatianajelinek.com\/ako-v-lete-nepribrat\/","og_site_name":"tatianajelinek.com","article_modified_time":"2025-06-03T06:49:32+00:00","og_image":[{"url":"http:\/\/tatianajelinek.com\/wp-content\/uploads\/2023\/05\/IMG_3138-819x1024.jpg","type":"","width":"","height":""}],"twitter_card":"summary_large_image","twitter_misc":{"Predpokladan\u00fd \u010das \u010d\u00edtania":"1 min\u00fata"},"schema":{"@context":"https:\/\/schema.org","@graph":[{"@type":"WebPage","@id":"https:\/\/tatianajelinek.com\/ako-v-lete-nepribrat\/","url":"https:\/\/tatianajelinek.com\/ako-v-lete-nepribrat\/","name":"Ako v lete nepribra\u0165 - tatianajelinek.com","isPartOf":{"@id":"https:\/\/tatianajelinek.com\/#website"},"primaryImageOfPage":{"@id":"https:\/\/tatianajelinek.com\/ako-v-lete-nepribrat\/#primaryimage"},"image":{"@id":"https:\/\/tatianajelinek.com\/ako-v-lete-nepribrat\/#primaryimage"},"thumbnailUrl":"http:\/\/tatianajelinek.com\/wp-content\/uploads\/2023\/05\/IMG_3138-819x1024.jpg","datePublished":"2025-06-03T06:46:16+00:00","dateModified":"2025-06-03T06:49:32+00:00","breadcrumb":{"@id":"https:\/\/tatianajelinek.com\/ako-v-lete-nepribrat\/#breadcrumb"},"inLanguage":"sk-SK","potentialAction":[{"@type":"ReadAction","target":["https:\/\/tatianajelinek.com\/ako-v-lete-nepribrat\/"]}]},{"@type":"ImageObject","inLanguage":"sk-SK","@id":"https:\/\/tatianajelinek.com\/ako-v-lete-nepribrat\/#primaryimage","url":"http:\/\/tatianajelinek.com\/wp-content\/uploads\/2023\/05\/IMG_3138-819x1024.jpg","contentUrl":"http:\/\/tatianajelinek.com\/wp-content\/uploads\/2023\/05\/IMG_3138-819x1024.jpg"},{"@type":"BreadcrumbList","@id":"https:\/\/tatianajelinek.com\/ako-v-lete-nepribrat\/#breadcrumb","itemListElement":[{"@type":"ListItem","position":1,"name":"Home","item":"https:\/\/tatianajelinek.com\/"},{"@type":"ListItem","position":2,"name":"Ako v lete nepribra\u0165"}]},{"@type":"WebSite","@id":"https:\/\/tatianajelinek.com\/#website","url":"https:\/\/tatianajelinek.com\/","name":"tatianajelinek.com","description":"Osobnostn\u00fd rozvoj s princ\u00edpmi T\u010cM","publisher":{"@id":"https:\/\/tatianajelinek.com\/#organization"},"potentialAction":[{"@type":"SearchAction","target":{"@type":"EntryPoint","urlTemplate":"https:\/\/tatianajelinek.com\/?s={search_term_string}"},"query-input":{"@type":"PropertyValueSpecification","valueRequired":true,"valueName":"search_term_string"}}],"inLanguage":"sk-SK"},{"@type":"Organization","@id":"https:\/\/tatianajelinek.com\/#organization","name":"tatianajelinek.com","url":"https:\/\/tatianajelinek.com\/","logo":{"@type":"ImageObject","inLanguage":"sk-SK","@id":"https:\/\/tatianajelinek.com\/#\/schema\/logo\/image\/","url":"https:\/\/d.r4.wbsprt.com\/tatianajelinek.com\/wp-content\/uploads\/2020\/02\/Tanicka-Jelinek-logo-na-web-1.png","contentUrl":"https:\/\/d.r4.wbsprt.com\/tatianajelinek.com\/wp-content\/uploads\/2020\/02\/Tanicka-Jelinek-logo-na-web-1.png","width":360,"height":120,"caption":"tatianajelinek.com"},"image":{"@id":"https:\/\/tatianajelinek.com\/#\/schema\/logo\/image\/"}}]}},"uagb_featured_image_src":{"full":false,"thumbnail":false,"medium":false,"medium_large":false,"large":false,"1536x1536":false,"2048x2048":false},"uagb_author_info":{"display_name":"tatianajelinek","author_link":"https:\/\/d.r4.wbsprt.com\/tatianajelinek.com\/author\/tatianajelinek\/"},"uagb_comment_info":0,"uagb_excerpt":"Ako v lete nepribra\u0165 Ako v lete nepribra\u0165 T\u00fa\u017ei\u0161 sa po\u010das leta c\u00edti\u0165 dobre vo svojom tele, jes\u0165 vedome a bez stresu z priberania?Pripravila som pre teba praktick\u00fd zoznam tipov, ktor\u00e9 ti pom\u00f4\u017eu udr\u017ea\u0165 rovnov\u00e1hu, energiu a tr\u00e1viaci ohe\u0148 v harm\u00f3nii \u2013 pod\u013ea princ\u00edpov, ktor\u00e9 re\u0161pektuj\u00fa telo aj du\u0161u. Sta\u010d\u00ed vyplni\u0165 formul\u00e1r ni\u017e\u0161ie a hne\u010f&hellip;","_links":{"self":[{"href":"https:\/\/d.r4.wbsprt.com\/tatianajelinek.com\/wp-json\/wp\/v2\/pages\/3606","targetHints":{"allow":["GET"]}}],"collection":[{"href":"https:\/\/d.r4.wbsprt.com\/tatianajelinek.com\/wp-json\/wp\/v2\/pages"}],"about":[{"href":"https:\/\/d.r4.wbsprt.com\/tatianajelinek.com\/wp-json\/wp\/v2\/types\/page"}],"author":[{"embeddable":true,"href":"https:\/\/d.r4.wbsprt.com\/tatianajelinek.com\/wp-json\/wp\/v2\/users\/1"}],"replies":[{"embeddable":true,"href":"https:\/\/d.r4.wbsprt.com\/tatianajelinek.com\/wp-json\/wp\/v2\/comments?post=3606"}],"version-history":[{"count":6,"href":"https:\/\/d.r4.wbsprt.com\/tatianajelinek.com\/wp-json\/wp\/v2\/pages\/3606\/revisions"}],"predecessor-version":[{"id":3618,"href":"https:\/\/d.r4.wbsprt.com\/tatianajelinek.com\/wp-json\/wp\/v2\/pages\/3606\/revisions\/3618"}],"wp:attachment":[{"href":"https:\/\/d.r4.wbsprt.com\/tatianajelinek.com\/wp-json\/wp\/v2\/media?parent=3606"}],"curies":[{"name":"wp","href":"https:\/\/api.w.org\/{rel}","templated":true}]}}