{"id":3620,"date":"2025-07-07T09:46:04","date_gmt":"2025-07-07T07:46:04","guid":{"rendered":"https:\/\/tatianajelinek.com\/?page_id=3620"},"modified":"2025-07-07T09:50:50","modified_gmt":"2025-07-07T07:50:50","slug":"zmysel-zivota","status":"publish","type":"page","link":"https:\/\/d.r4.wbsprt.com\/tatianajelinek.com\/zmysel-zivota\/","title":{"rendered":"Zmysel \u017eivota"},"content":{"rendered":"\t\t<div data-elementor-type=\"wp-page\" data-elementor-id=\"3620\" class=\"elementor elementor-3620\">\n\t\t\t\t\t\t<section class=\"elementor-section elementor-top-section elementor-element elementor-element-7d5eb7a elementor-section-boxed elementor-section-height-default elementor-section-height-default\" data-id=\"7d5eb7a\" data-element_type=\"section\" data-e-type=\"section\" data-settings=\"{&quot;background_background&quot;:&quot;classic&quot;,&quot;shape_divider_bottom&quot;:&quot;triangle&quot;,&quot;shape_divider_bottom_negative&quot;:&quot;yes&quot;}\">\n\t\t\t\t\t\t\t<div class=\"elementor-background-overlay\"><\/div>\n\t\t\t\t\t\t<div class=\"elementor-shape elementor-shape-bottom\" aria-hidden=\"true\" data-negative=\"true\">\n\t\t\t<svg xmlns=\"http:\/\/www.w3.org\/2000\/svg\" viewBox=\"0 0 1000 100\" preserveAspectRatio=\"none\">\n\t<path class=\"elementor-shape-fill\" d=\"M500.2,94.7L0,0v100h1000V0L500.2,94.7z\"\/>\n<\/svg>\t\t<\/div>\n\t\t\t\t\t<div class=\"elementor-container elementor-column-gap-default\">\n\t\t\t\t\t<div class=\"elementor-column elementor-col-100 elementor-top-column elementor-element elementor-element-0f73355\" data-id=\"0f73355\" data-element_type=\"column\" data-e-type=\"column\">\n\t\t\t<div class=\"elementor-widget-wrap elementor-element-populated\">\n\t\t\t\t\t\t<div class=\"elementor-element elementor-element-4406c86 elementor-widget elementor-widget-heading\" data-id=\"4406c86\" data-element_type=\"widget\" data-e-type=\"widget\" data-settings=\"{&quot;_animation&quot;:&quot;none&quot;}\" data-widget_type=\"heading.default\">\n\t\t\t\t<div class=\"elementor-widget-container\">\n\t\t\t\t\t<h1 class=\"elementor-heading-title elementor-size-default\">Pr\u00edbeh: Zmysel \u017eivota<\/h1>\t\t\t\t<\/div>\n\t\t\t\t<\/div>\n\t\t\t\t\t<\/div>\n\t\t<\/div>\n\t\t\t\t\t<\/div>\n\t\t<\/section>\n\t\t\t\t<section class=\"elementor-section elementor-top-section elementor-element elementor-element-312f92a elementor-section-boxed elementor-section-height-default elementor-section-height-default\" data-id=\"312f92a\" data-element_type=\"section\" data-e-type=\"section\">\n\t\t\t\t\t\t<div class=\"elementor-container elementor-column-gap-default\">\n\t\t\t\t\t<div class=\"elementor-column elementor-col-50 elementor-top-column elementor-element elementor-element-5c361a9\" data-id=\"5c361a9\" data-element_type=\"column\" data-e-type=\"column\">\n\t\t\t<div class=\"elementor-widget-wrap elementor-element-populated\">\n\t\t\t\t\t\t<div class=\"elementor-element elementor-element-d491ff7 elementor-widget elementor-widget-image\" data-id=\"d491ff7\" data-element_type=\"widget\" data-e-type=\"widget\" data-widget_type=\"image.default\">\n\t\t\t\t<div class=\"elementor-widget-container\">\n\t\t\t\t\t\t\t\t\t\t\t\t\t\t\t<img fetchpriority=\"high\" decoding=\"async\" width=\"681\" height=\"1024\" src=\"https:\/\/tatianajelinek.com\/wp-content\/uploads\/2025\/07\/DSC_8876-681x1024.jpg\" class=\"attachment-large size-large wp-image-3622\" alt=\"\" srcset=\"https:\/\/tatianajelinek.com\/wp-content\/uploads\/2025\/07\/DSC_8876-681x1024.jpg 681w, https:\/\/tatianajelinek.com\/wp-content\/uploads\/2025\/07\/DSC_8876-200x300.jpg 200w, https:\/\/tatianajelinek.com\/wp-content\/uploads\/2025\/07\/DSC_8876-768x1155.jpg 768w, https:\/\/tatianajelinek.com\/wp-content\/uploads\/2025\/07\/DSC_8876-1022x1536.jpg 1022w, https:\/\/tatianajelinek.com\/wp-content\/uploads\/2025\/07\/DSC_8876-1362x2048.jpg 1362w, https:\/\/tatianajelinek.com\/wp-content\/uploads\/2025\/07\/DSC_8876.jpg 1663w\" sizes=\"(max-width: 681px) 100vw, 681px\" \/>\t\t\t\t\t\t\t\t\t\t\t\t\t\t\t<\/div>\n\t\t\t\t<\/div>\n\t\t\t\t\t<\/div>\n\t\t<\/div>\n\t\t\t\t<div class=\"elementor-column elementor-col-50 elementor-top-column elementor-element elementor-element-904ddc3\" data-id=\"904ddc3\" data-element_type=\"column\" data-e-type=\"column\">\n\t\t\t<div class=\"elementor-widget-wrap elementor-element-populated\">\n\t\t\t\t\t\t<div class=\"elementor-element elementor-element-2ad644d elementor-widget elementor-widget-heading\" data-id=\"2ad644d\" data-element_type=\"widget\" data-e-type=\"widget\" data-widget_type=\"heading.default\">\n\t\t\t\t<div class=\"elementor-widget-container\">\n\t\t\t\t\t<h2 class=\"elementor-heading-title elementor-size-default\">Zmysel \u017eivota<\/h2>\t\t\t\t<\/div>\n\t\t\t\t<\/div>\n\t\t\t\t<div class=\"elementor-element elementor-element-454a5ff elementor-widget elementor-widget-text-editor\" data-id=\"454a5ff\" data-element_type=\"widget\" data-e-type=\"widget\" data-widget_type=\"text-editor.default\">\n\t\t\t\t<div class=\"elementor-widget-container\">\n\t\t\t\t\t\t\t\t\t<p data-start=\"466\" data-end=\"630\">U\u017e nejak\u00fd rok pracovala na sebe. Naz\u00fdvala to tak, i ke\u010f mo\u017eno niekto by povedal, \u017ee s\u00fa to oby\u010dajn\u00e9 \u017ev\u00e1sty.<br data-start=\"588\" data-end=\"591\" \/>\u017divot sa jej skuto\u010dne menil pod nohami.<\/p><p data-start=\"466\" data-end=\"630\">Z ve\u013ea predst\u00e1v upustila, u\u017e to nepotrebovala.<br data-start=\"694\" data-end=\"697\" \/>T\u00e1 \u013eahkos\u0165, ktor\u00e1 pri\u0161la, nebola pl\u00e1n. Bol to ved\u013eaj\u0161\u00ed produkt\u2026 ako tich\u00fd spolo\u010dn\u00edk.<\/p><p data-start=\"466\" data-end=\"630\">Ale jedno sa jej st\u00e1le ukazovalo\u2026<br data-start=\"834\" data-end=\"837\" \/>Za v\u0161etky tie roky nevedela pr\u00eds\u0165 na to, \u010do je skuto\u010dn\u00fdm zmyslom jej \u017eivota.<\/p><p data-start=\"785\" data-end=\"915\">Chce\u0161 vedie\u0165, \u010do zistila?<br data-start=\"964\" data-end=\"967\" \/>\u2728 Ak\u00fd je zmysel \u017eivota, ktor\u00fd jej bol uk\u00e1zan\u00fd?<br data-start=\"1013\" data-end=\"1016\" \/>Vypl\u0148 svoj e-mail vo formul\u00e1ri ni\u017e\u0161ie a po\u0161lem ti cel\u00fd pr\u00edbeh priamo do tvojej schr\u00e1nky. \ud83d\udc8c<\/p>\t\t\t\t\t\t\t\t<\/div>\n\t\t\t\t<\/div>\n\t\t\t\t<div class=\"elementor-element elementor-element-b08ec7b elementor-widget elementor-widget-html\" data-id=\"b08ec7b\" data-element_type=\"widget\" data-e-type=\"widget\" data-widget_type=\"html.default\">\n\t\t\t\t<div class=\"elementor-widget-container\">\n\t\t\t\t\t<script src=\"https:\/\/se-forms.cz\/public\/web-forms-v2\/subscribe\/664581-ufzudgh9y2xcf5hofimbabz4fihyflqjwc7oykn6qip8oe5ezf7fswqox33y5y1yfc57u0qrnji48gns429v2gwwbe17fp44h7li\" id=\"se-webformScriptLoader-664581-ufzudgh9y2xcf5hofimbabz4fihyflqjwc7oykn6qip8oe5ezf7fswqox33y5y1yfc57u0qrnji48gns429v2gwwbe17fp44h7li\" async defer><\/script>\t\t\t\t<\/div>\n\t\t\t\t<\/div>\n\t\t\t\t<div class=\"elementor-element elementor-element-b8bf689 elementor-widget elementor-widget-text-editor\" data-id=\"b8bf689\" data-element_type=\"widget\" data-e-type=\"widget\" data-widget_type=\"text-editor.default\">\n\t\t\t\t<div class=\"elementor-widget-container\">\n\t\t\t\t\t\t\t\t\t<p><em>* Va\u0161e osobn\u00e9 \u00fadaje (meno, adresa, tel. \u010d\u00edslo, e-mailov\u00e1 adresa) s\u00fa u m\u0148a v bezpe\u010d\u00ed a budem\u00a0 ich spracov\u00e1va\u0165 pod\u013ea z\u00e1sad ochrany osobn\u00fdch \u00fadajov, ktor\u00e9 vych\u00e1dzaj\u00fa zo slovenskej a eur\u00f3pskej legislat\u00edvy.<\/em><\/p>\t\t\t\t\t\t\t\t<\/div>\n\t\t\t\t<\/div>\n\t\t\t\t\t<\/div>\n\t\t<\/div>\n\t\t\t\t\t<\/div>\n\t\t<\/section>\n\t\t\t\t<\/div>\n\t\t","protected":false},"excerpt":{"rendered":"<p>Pr\u00edbeh: Zmysel \u017eivota Zmysel \u017eivota U\u017e nejak\u00fd rok pracovala na sebe. Naz\u00fdvala to tak, i ke\u010f mo\u017eno niekto by povedal, \u017ee s\u00fa to oby\u010dajn\u00e9 \u017ev\u00e1sty.\u017divot sa jej skuto\u010dne menil pod nohami. Z ve\u013ea predst\u00e1v upustila, u\u017e to nepotrebovala.T\u00e1 \u013eahkos\u0165, ktor\u00e1 pri\u0161la, nebola pl\u00e1n. Bol to ved\u013eaj\u0161\u00ed produkt\u2026 ako tich\u00fd spolo\u010dn\u00edk. Ale jedno sa jej st\u00e1le &hellip;<\/p>\n<p class=\"read-more\"> <a class=\"\" href=\"https:\/\/d.r4.wbsprt.com\/tatianajelinek.com\/zmysel-zivota\/\"> <span class=\"screen-reader-text\">Zmysel \u017eivota<\/span> \u010c\u00edtajte viac &raquo;<\/a><\/p>\n","protected":false},"author":1,"featured_media":0,"parent":0,"menu_order":0,"comment_status":"closed","ping_status":"closed","template":"","meta":{"_uag_custom_page_level_css":"","_monsterinsights_skip_tracking":false,"_monsterinsights_sitenote_active":false,"_monsterinsights_sitenote_note":"","_monsterinsights_sitenote_category":0,"site-sidebar-layout":"no-sidebar","site-content-layout":"page-builder","ast-global-header-display":"","ast-main-header-display":"","ast-hfb-above-header-display":"","ast-hfb-below-header-display":"","ast-hfb-mobile-header-display":"","site-post-title":"disabled","ast-breadcrumbs-content":"","ast-featured-img":"disabled","footer-sml-layout":"","theme-transparent-header-meta":"","adv-header-id-meta":"","stick-header-meta":"","header-above-stick-meta":"","header-main-stick-meta":"","header-below-stick-meta":"","footnotes":""},"class_list":["post-3620","page","type-page","status-publish","hentry"],"yoast_head":"<!-- This site is optimized with the Yoast SEO plugin v26.1.1 - https:\/\/yoast.com\/wordpress\/plugins\/seo\/ -->\n<title>Zmysel \u017eivota - tatianajelinek.com<\/title>\n<meta name=\"robots\" content=\"index, follow, max-snippet:-1, max-image-preview:large, max-video-preview:-1\" \/>\n<link rel=\"canonical\" href=\"https:\/\/tatianajelinek.com\/zmysel-zivota\/\" \/>\n<meta property=\"og:locale\" content=\"sk_SK\" \/>\n<meta property=\"og:type\" content=\"article\" \/>\n<meta property=\"og:title\" content=\"Zmysel \u017eivota - tatianajelinek.com\" \/>\n<meta property=\"og:description\" content=\"Pr\u00edbeh: Zmysel \u017eivota Zmysel \u017eivota U\u017e nejak\u00fd rok pracovala na sebe. Naz\u00fdvala to tak, i ke\u010f mo\u017eno niekto by povedal, \u017ee s\u00fa to oby\u010dajn\u00e9 \u017ev\u00e1sty.\u017divot sa jej skuto\u010dne menil pod nohami. Z ve\u013ea predst\u00e1v upustila, u\u017e to nepotrebovala.T\u00e1 \u013eahkos\u0165, ktor\u00e1 pri\u0161la, nebola pl\u00e1n. Bol to ved\u013eaj\u0161\u00ed produkt\u2026 ako tich\u00fd spolo\u010dn\u00edk. Ale jedno sa jej st\u00e1le &hellip; Zmysel \u017eivota \u010c\u00edtajte viac &raquo;\" \/>\n<meta property=\"og:url\" content=\"https:\/\/tatianajelinek.com\/zmysel-zivota\/\" \/>\n<meta property=\"og:site_name\" content=\"tatianajelinek.com\" \/>\n<meta property=\"article:modified_time\" content=\"2025-07-07T07:50:50+00:00\" \/>\n<meta property=\"og:image\" content=\"http:\/\/tatianajelinek.com\/wp-content\/uploads\/2025\/07\/DSC_8876-681x1024.jpg\" \/>\n<meta name=\"twitter:card\" content=\"summary_large_image\" \/>\n<meta name=\"twitter:label1\" content=\"Predpokladan\u00fd \u010das \u010d\u00edtania\" \/>\n\t<meta name=\"twitter:data1\" content=\"1 min\u00fata\" \/>\n<script type=\"application\/ld+json\" class=\"yoast-schema-graph\">{\"@context\":\"https:\/\/schema.org\",\"@graph\":[{\"@type\":\"WebPage\",\"@id\":\"https:\/\/tatianajelinek.com\/zmysel-zivota\/\",\"url\":\"https:\/\/tatianajelinek.com\/zmysel-zivota\/\",\"name\":\"Zmysel \u017eivota - tatianajelinek.com\",\"isPartOf\":{\"@id\":\"https:\/\/tatianajelinek.com\/#website\"},\"primaryImageOfPage\":{\"@id\":\"https:\/\/tatianajelinek.com\/zmysel-zivota\/#primaryimage\"},\"image\":{\"@id\":\"https:\/\/tatianajelinek.com\/zmysel-zivota\/#primaryimage\"},\"thumbnailUrl\":\"http:\/\/tatianajelinek.com\/wp-content\/uploads\/2025\/07\/DSC_8876-681x1024.jpg\",\"datePublished\":\"2025-07-07T07:46:04+00:00\",\"dateModified\":\"2025-07-07T07:50:50+00:00\",\"breadcrumb\":{\"@id\":\"https:\/\/tatianajelinek.com\/zmysel-zivota\/#breadcrumb\"},\"inLanguage\":\"sk-SK\",\"potentialAction\":[{\"@type\":\"ReadAction\",\"target\":[\"https:\/\/tatianajelinek.com\/zmysel-zivota\/\"]}]},{\"@type\":\"ImageObject\",\"inLanguage\":\"sk-SK\",\"@id\":\"https:\/\/tatianajelinek.com\/zmysel-zivota\/#primaryimage\",\"url\":\"http:\/\/tatianajelinek.com\/wp-content\/uploads\/2025\/07\/DSC_8876-681x1024.jpg\",\"contentUrl\":\"http:\/\/tatianajelinek.com\/wp-content\/uploads\/2025\/07\/DSC_8876-681x1024.jpg\"},{\"@type\":\"BreadcrumbList\",\"@id\":\"https:\/\/tatianajelinek.com\/zmysel-zivota\/#breadcrumb\",\"itemListElement\":[{\"@type\":\"ListItem\",\"position\":1,\"name\":\"Home\",\"item\":\"https:\/\/tatianajelinek.com\/\"},{\"@type\":\"ListItem\",\"position\":2,\"name\":\"Zmysel \u017eivota\"}]},{\"@type\":\"WebSite\",\"@id\":\"https:\/\/tatianajelinek.com\/#website\",\"url\":\"https:\/\/tatianajelinek.com\/\",\"name\":\"tatianajelinek.com\",\"description\":\"Osobnostn\u00fd rozvoj s princ\u00edpmi T\u010cM\",\"publisher\":{\"@id\":\"https:\/\/tatianajelinek.com\/#organization\"},\"potentialAction\":[{\"@type\":\"SearchAction\",\"target\":{\"@type\":\"EntryPoint\",\"urlTemplate\":\"https:\/\/tatianajelinek.com\/?s={search_term_string}\"},\"query-input\":{\"@type\":\"PropertyValueSpecification\",\"valueRequired\":true,\"valueName\":\"search_term_string\"}}],\"inLanguage\":\"sk-SK\"},{\"@type\":\"Organization\",\"@id\":\"https:\/\/tatianajelinek.com\/#organization\",\"name\":\"tatianajelinek.com\",\"url\":\"https:\/\/tatianajelinek.com\/\",\"logo\":{\"@type\":\"ImageObject\",\"inLanguage\":\"sk-SK\",\"@id\":\"https:\/\/tatianajelinek.com\/#\/schema\/logo\/image\/\",\"url\":\"https:\/\/d.r4.wbsprt.com\/tatianajelinek.com\/wp-content\/uploads\/2020\/02\/Tanicka-Jelinek-logo-na-web-1.png\",\"contentUrl\":\"https:\/\/d.r4.wbsprt.com\/tatianajelinek.com\/wp-content\/uploads\/2020\/02\/Tanicka-Jelinek-logo-na-web-1.png\",\"width\":360,\"height\":120,\"caption\":\"tatianajelinek.com\"},\"image\":{\"@id\":\"https:\/\/tatianajelinek.com\/#\/schema\/logo\/image\/\"}}]}<\/script>\n<!-- \/ Yoast SEO plugin. -->","yoast_head_json":{"title":"Zmysel \u017eivota - tatianajelinek.com","robots":{"index":"index","follow":"follow","max-snippet":"max-snippet:-1","max-image-preview":"max-image-preview:large","max-video-preview":"max-video-preview:-1"},"canonical":"https:\/\/tatianajelinek.com\/zmysel-zivota\/","og_locale":"sk_SK","og_type":"article","og_title":"Zmysel \u017eivota - tatianajelinek.com","og_description":"Pr\u00edbeh: Zmysel \u017eivota Zmysel \u017eivota U\u017e nejak\u00fd rok pracovala na sebe. Naz\u00fdvala to tak, i ke\u010f mo\u017eno niekto by povedal, \u017ee s\u00fa to oby\u010dajn\u00e9 \u017ev\u00e1sty.\u017divot sa jej skuto\u010dne menil pod nohami. Z ve\u013ea predst\u00e1v upustila, u\u017e to nepotrebovala.T\u00e1 \u013eahkos\u0165, ktor\u00e1 pri\u0161la, nebola pl\u00e1n. Bol to ved\u013eaj\u0161\u00ed produkt\u2026 ako tich\u00fd spolo\u010dn\u00edk. Ale jedno sa jej st\u00e1le &hellip; Zmysel \u017eivota \u010c\u00edtajte viac &raquo;","og_url":"https:\/\/tatianajelinek.com\/zmysel-zivota\/","og_site_name":"tatianajelinek.com","article_modified_time":"2025-07-07T07:50:50+00:00","og_image":[{"url":"http:\/\/tatianajelinek.com\/wp-content\/uploads\/2025\/07\/DSC_8876-681x1024.jpg","type":"","width":"","height":""}],"twitter_card":"summary_large_image","twitter_misc":{"Predpokladan\u00fd \u010das \u010d\u00edtania":"1 min\u00fata"},"schema":{"@context":"https:\/\/schema.org","@graph":[{"@type":"WebPage","@id":"https:\/\/tatianajelinek.com\/zmysel-zivota\/","url":"https:\/\/tatianajelinek.com\/zmysel-zivota\/","name":"Zmysel \u017eivota - tatianajelinek.com","isPartOf":{"@id":"https:\/\/tatianajelinek.com\/#website"},"primaryImageOfPage":{"@id":"https:\/\/tatianajelinek.com\/zmysel-zivota\/#primaryimage"},"image":{"@id":"https:\/\/tatianajelinek.com\/zmysel-zivota\/#primaryimage"},"thumbnailUrl":"http:\/\/tatianajelinek.com\/wp-content\/uploads\/2025\/07\/DSC_8876-681x1024.jpg","datePublished":"2025-07-07T07:46:04+00:00","dateModified":"2025-07-07T07:50:50+00:00","breadcrumb":{"@id":"https:\/\/tatianajelinek.com\/zmysel-zivota\/#breadcrumb"},"inLanguage":"sk-SK","potentialAction":[{"@type":"ReadAction","target":["https:\/\/tatianajelinek.com\/zmysel-zivota\/"]}]},{"@type":"ImageObject","inLanguage":"sk-SK","@id":"https:\/\/tatianajelinek.com\/zmysel-zivota\/#primaryimage","url":"http:\/\/tatianajelinek.com\/wp-content\/uploads\/2025\/07\/DSC_8876-681x1024.jpg","contentUrl":"http:\/\/tatianajelinek.com\/wp-content\/uploads\/2025\/07\/DSC_8876-681x1024.jpg"},{"@type":"BreadcrumbList","@id":"https:\/\/tatianajelinek.com\/zmysel-zivota\/#breadcrumb","itemListElement":[{"@type":"ListItem","position":1,"name":"Home","item":"https:\/\/tatianajelinek.com\/"},{"@type":"ListItem","position":2,"name":"Zmysel \u017eivota"}]},{"@type":"WebSite","@id":"https:\/\/tatianajelinek.com\/#website","url":"https:\/\/tatianajelinek.com\/","name":"tatianajelinek.com","description":"Osobnostn\u00fd rozvoj s princ\u00edpmi T\u010cM","publisher":{"@id":"https:\/\/tatianajelinek.com\/#organization"},"potentialAction":[{"@type":"SearchAction","target":{"@type":"EntryPoint","urlTemplate":"https:\/\/tatianajelinek.com\/?s={search_term_string}"},"query-input":{"@type":"PropertyValueSpecification","valueRequired":true,"valueName":"search_term_string"}}],"inLanguage":"sk-SK"},{"@type":"Organization","@id":"https:\/\/tatianajelinek.com\/#organization","name":"tatianajelinek.com","url":"https:\/\/tatianajelinek.com\/","logo":{"@type":"ImageObject","inLanguage":"sk-SK","@id":"https:\/\/tatianajelinek.com\/#\/schema\/logo\/image\/","url":"https:\/\/d.r4.wbsprt.com\/tatianajelinek.com\/wp-content\/uploads\/2020\/02\/Tanicka-Jelinek-logo-na-web-1.png","contentUrl":"https:\/\/d.r4.wbsprt.com\/tatianajelinek.com\/wp-content\/uploads\/2020\/02\/Tanicka-Jelinek-logo-na-web-1.png","width":360,"height":120,"caption":"tatianajelinek.com"},"image":{"@id":"https:\/\/tatianajelinek.com\/#\/schema\/logo\/image\/"}}]}},"uagb_featured_image_src":{"full":false,"thumbnail":false,"medium":false,"medium_large":false,"large":false,"1536x1536":false,"2048x2048":false},"uagb_author_info":{"display_name":"tatianajelinek","author_link":"https:\/\/d.r4.wbsprt.com\/tatianajelinek.com\/author\/tatianajelinek\/"},"uagb_comment_info":0,"uagb_excerpt":"Pr\u00edbeh: Zmysel \u017eivota Zmysel \u017eivota U\u017e nejak\u00fd rok pracovala na sebe. Naz\u00fdvala to tak, i ke\u010f mo\u017eno niekto by povedal, \u017ee s\u00fa to oby\u010dajn\u00e9 \u017ev\u00e1sty.\u017divot sa jej skuto\u010dne menil pod nohami. Z ve\u013ea predst\u00e1v upustila, u\u017e to nepotrebovala.T\u00e1 \u013eahkos\u0165, ktor\u00e1 pri\u0161la, nebola pl\u00e1n. Bol to ved\u013eaj\u0161\u00ed produkt\u2026 ako tich\u00fd spolo\u010dn\u00edk. Ale jedno sa jej st\u00e1le&hellip;","_links":{"self":[{"href":"https:\/\/d.r4.wbsprt.com\/tatianajelinek.com\/wp-json\/wp\/v2\/pages\/3620","targetHints":{"allow":["GET"]}}],"collection":[{"href":"https:\/\/d.r4.wbsprt.com\/tatianajelinek.com\/wp-json\/wp\/v2\/pages"}],"about":[{"href":"https:\/\/d.r4.wbsprt.com\/tatianajelinek.com\/wp-json\/wp\/v2\/types\/page"}],"author":[{"embeddable":true,"href":"https:\/\/d.r4.wbsprt.com\/tatianajelinek.com\/wp-json\/wp\/v2\/users\/1"}],"replies":[{"embeddable":true,"href":"https:\/\/d.r4.wbsprt.com\/tatianajelinek.com\/wp-json\/wp\/v2\/comments?post=3620"}],"version-history":[{"count":6,"href":"https:\/\/d.r4.wbsprt.com\/tatianajelinek.com\/wp-json\/wp\/v2\/pages\/3620\/revisions"}],"predecessor-version":[{"id":3628,"href":"https:\/\/d.r4.wbsprt.com\/tatianajelinek.com\/wp-json\/wp\/v2\/pages\/3620\/revisions\/3628"}],"wp:attachment":[{"href":"https:\/\/d.r4.wbsprt.com\/tatianajelinek.com\/wp-json\/wp\/v2\/media?parent=3620"}],"curies":[{"name":"wp","href":"https:\/\/api.w.org\/{rel}","templated":true}]}}