{"id":3864,"date":"2025-11-26T12:38:39","date_gmt":"2025-11-26T11:38:39","guid":{"rendered":"https:\/\/tatianajelinek.com\/?page_id=3864"},"modified":"2025-11-26T12:48:32","modified_gmt":"2025-11-26T11:48:32","slug":"uplatnenie-darcekoveho-poukazu-individualne-sedenie","status":"publish","type":"page","link":"https:\/\/d.r4.wbsprt.com\/tatianajelinek.com\/uplatnenie-darcekoveho-poukazu-individualne-sedenie\/","title":{"rendered":"Uplatnenie dar\u010dekov\u00e9ho poukazu &#8211; individu\u00e1lne sedenie"},"content":{"rendered":"\t\t<div data-elementor-type=\"wp-page\" data-elementor-id=\"3864\" class=\"elementor elementor-3864\">\n\t\t\t\t\t\t<section class=\"elementor-section elementor-top-section elementor-element elementor-element-84726e2 elementor-section-boxed elementor-section-height-default elementor-section-height-default\" data-id=\"84726e2\" data-element_type=\"section\" data-e-type=\"section\" data-settings=\"{&quot;background_background&quot;:&quot;classic&quot;,&quot;shape_divider_bottom&quot;:&quot;triangle&quot;,&quot;shape_divider_bottom_negative&quot;:&quot;yes&quot;}\">\n\t\t\t\t\t\t\t<div class=\"elementor-background-overlay\"><\/div>\n\t\t\t\t\t\t<div class=\"elementor-shape elementor-shape-bottom\" aria-hidden=\"true\" data-negative=\"true\">\n\t\t\t<svg xmlns=\"http:\/\/www.w3.org\/2000\/svg\" viewBox=\"0 0 1000 100\" preserveAspectRatio=\"none\">\n\t<path class=\"elementor-shape-fill\" d=\"M500.2,94.7L0,0v100h1000V0L500.2,94.7z\"\/>\n<\/svg>\t\t<\/div>\n\t\t\t\t\t<div class=\"elementor-container elementor-column-gap-default\">\n\t\t\t\t\t<div class=\"elementor-column elementor-col-100 elementor-top-column elementor-element elementor-element-30a8e00\" data-id=\"30a8e00\" data-element_type=\"column\" data-e-type=\"column\">\n\t\t\t<div class=\"elementor-widget-wrap elementor-element-populated\">\n\t\t\t\t\t\t<div class=\"elementor-element elementor-element-9a73385 elementor-widget elementor-widget-heading\" data-id=\"9a73385\" data-element_type=\"widget\" data-e-type=\"widget\" data-settings=\"{&quot;_animation&quot;:&quot;none&quot;}\" data-widget_type=\"heading.default\">\n\t\t\t\t<div class=\"elementor-widget-container\">\n\t\t\t\t\t<h1 class=\"elementor-heading-title elementor-size-default\">Uplatnenie dar\u010dekov\u00e9ho poukazu<\/h1>\t\t\t\t<\/div>\n\t\t\t\t<\/div>\n\t\t\t\t\t<\/div>\n\t\t<\/div>\n\t\t\t\t\t<\/div>\n\t\t<\/section>\n\t\t\t\t<section class=\"elementor-section elementor-top-section elementor-element elementor-element-bb8df1b elementor-section-boxed elementor-section-height-default elementor-section-height-default\" data-id=\"bb8df1b\" data-element_type=\"section\" data-e-type=\"section\">\n\t\t\t\t\t\t<div class=\"elementor-container elementor-column-gap-default\">\n\t\t\t\t\t<div class=\"elementor-column elementor-col-100 elementor-top-column elementor-element elementor-element-f200e65\" data-id=\"f200e65\" data-element_type=\"column\" data-e-type=\"column\">\n\t\t\t<div class=\"elementor-widget-wrap elementor-element-populated\">\n\t\t\t\t\t\t<div class=\"elementor-element elementor-element-14ce74b elementor-widget elementor-widget-text-editor\" data-id=\"14ce74b\" data-element_type=\"widget\" data-e-type=\"widget\" data-widget_type=\"text-editor.default\">\n\t\t\t\t<div class=\"elementor-widget-container\">\n\t\t\t\t\t\t\t\t\t<p>Na uplatnenie dar\u010dekov\u00e9ho poukazu a zabookovanie individu\u00e1lneho sedenia, vypl\u0148te pros\u00edm tento formul\u00e1r. N\u00e1sledne V\u00e1m v\u0161etky inform\u00e1cie a postup k zabookovaniu pr\u00eddu do v\u00e1\u0161ho e-mailu, ktor\u00e9 vypln\u00edte ni\u017e\u0161ie vo formul\u00e1ri.<\/p>\t\t\t\t\t\t\t\t<\/div>\n\t\t\t\t<\/div>\n\t\t\t\t<div class=\"elementor-element elementor-element-35c856f elementor-widget elementor-widget-shortcode\" data-id=\"35c856f\" data-element_type=\"widget\" data-e-type=\"widget\" data-widget_type=\"shortcode.default\">\n\t\t\t\t<div class=\"elementor-widget-container\">\n\t\t\t\t\t\t\t<div class=\"elementor-shortcode\"><script src=\"https:\/\/form.fapi.cz\/\/voucher-form-script?id=be4028839ee04d979f3936510e6e05fc\"><\/script><\/div>\n\t\t\t\t\t\t<\/div>\n\t\t\t\t<\/div>\n\t\t\t\t\t<\/div>\n\t\t<\/div>\n\t\t\t\t\t<\/div>\n\t\t<\/section>\n\t\t\t\t<\/div>\n\t\t","protected":false},"excerpt":{"rendered":"<p>Uplatnenie dar\u010dekov\u00e9ho poukazu Na uplatnenie dar\u010dekov\u00e9ho poukazu a zabookovanie individu\u00e1lneho sedenia, vypl\u0148te pros\u00edm tento formul\u00e1r. N\u00e1sledne V\u00e1m v\u0161etky inform\u00e1cie a postup k zabookovaniu pr\u00eddu do v\u00e1\u0161ho e-mailu, ktor\u00e9 vypln\u00edte ni\u017e\u0161ie vo formul\u00e1ri.<\/p>\n","protected":false},"author":1,"featured_media":0,"parent":0,"menu_order":0,"comment_status":"closed","ping_status":"closed","template":"","meta":{"_uag_custom_page_level_css":"","_monsterinsights_skip_tracking":false,"_monsterinsights_sitenote_active":false,"_monsterinsights_sitenote_note":"","_monsterinsights_sitenote_category":0,"site-sidebar-layout":"no-sidebar","site-content-layout":"page-builder","ast-global-header-display":"","ast-main-header-display":"","ast-hfb-above-header-display":"","ast-hfb-below-header-display":"","ast-hfb-mobile-header-display":"","site-post-title":"disabled","ast-breadcrumbs-content":"","ast-featured-img":"disabled","footer-sml-layout":"","theme-transparent-header-meta":"","adv-header-id-meta":"","stick-header-meta":"","header-above-stick-meta":"","header-main-stick-meta":"","header-below-stick-meta":"","footnotes":""},"class_list":["post-3864","page","type-page","status-publish","hentry"],"yoast_head":"<!-- This site is optimized with the Yoast SEO plugin v26.1.1 - https:\/\/yoast.com\/wordpress\/plugins\/seo\/ -->\n<title>Uplatnenie dar\u010dekov\u00e9ho poukazu - individu\u00e1lne sedenie - tatianajelinek.com<\/title>\n<meta name=\"robots\" content=\"index, follow, max-snippet:-1, max-image-preview:large, max-video-preview:-1\" \/>\n<link rel=\"canonical\" href=\"https:\/\/tatianajelinek.com\/uplatnenie-darcekoveho-poukazu-individualne-sedenie\/\" \/>\n<meta property=\"og:locale\" content=\"sk_SK\" \/>\n<meta property=\"og:type\" content=\"article\" \/>\n<meta property=\"og:title\" content=\"Uplatnenie dar\u010dekov\u00e9ho poukazu - individu\u00e1lne sedenie - tatianajelinek.com\" \/>\n<meta property=\"og:description\" content=\"Uplatnenie dar\u010dekov\u00e9ho poukazu Na uplatnenie dar\u010dekov\u00e9ho poukazu a zabookovanie individu\u00e1lneho sedenia, vypl\u0148te pros\u00edm tento formul\u00e1r. N\u00e1sledne V\u00e1m v\u0161etky inform\u00e1cie a postup k zabookovaniu pr\u00eddu do v\u00e1\u0161ho e-mailu, ktor\u00e9 vypln\u00edte ni\u017e\u0161ie vo formul\u00e1ri.\" \/>\n<meta property=\"og:url\" content=\"https:\/\/tatianajelinek.com\/uplatnenie-darcekoveho-poukazu-individualne-sedenie\/\" \/>\n<meta property=\"og:site_name\" content=\"tatianajelinek.com\" \/>\n<meta property=\"article:modified_time\" content=\"2025-11-26T11:48:32+00:00\" \/>\n<meta name=\"twitter:card\" content=\"summary_large_image\" \/>\n<meta name=\"twitter:label1\" content=\"Predpokladan\u00fd \u010das \u010d\u00edtania\" \/>\n\t<meta name=\"twitter:data1\" content=\"1 min\u00fata\" \/>\n<script type=\"application\/ld+json\" class=\"yoast-schema-graph\">{\"@context\":\"https:\/\/schema.org\",\"@graph\":[{\"@type\":\"WebPage\",\"@id\":\"https:\/\/tatianajelinek.com\/uplatnenie-darcekoveho-poukazu-individualne-sedenie\/\",\"url\":\"https:\/\/tatianajelinek.com\/uplatnenie-darcekoveho-poukazu-individualne-sedenie\/\",\"name\":\"Uplatnenie dar\u010dekov\u00e9ho poukazu - individu\u00e1lne sedenie - tatianajelinek.com\",\"isPartOf\":{\"@id\":\"https:\/\/tatianajelinek.com\/#website\"},\"datePublished\":\"2025-11-26T11:38:39+00:00\",\"dateModified\":\"2025-11-26T11:48:32+00:00\",\"breadcrumb\":{\"@id\":\"https:\/\/tatianajelinek.com\/uplatnenie-darcekoveho-poukazu-individualne-sedenie\/#breadcrumb\"},\"inLanguage\":\"sk-SK\",\"potentialAction\":[{\"@type\":\"ReadAction\",\"target\":[\"https:\/\/tatianajelinek.com\/uplatnenie-darcekoveho-poukazu-individualne-sedenie\/\"]}]},{\"@type\":\"BreadcrumbList\",\"@id\":\"https:\/\/tatianajelinek.com\/uplatnenie-darcekoveho-poukazu-individualne-sedenie\/#breadcrumb\",\"itemListElement\":[{\"@type\":\"ListItem\",\"position\":1,\"name\":\"Home\",\"item\":\"https:\/\/tatianajelinek.com\/\"},{\"@type\":\"ListItem\",\"position\":2,\"name\":\"Uplatnenie dar\u010dekov\u00e9ho poukazu &#8211; individu\u00e1lne sedenie\"}]},{\"@type\":\"WebSite\",\"@id\":\"https:\/\/tatianajelinek.com\/#website\",\"url\":\"https:\/\/tatianajelinek.com\/\",\"name\":\"tatianajelinek.com\",\"description\":\"Osobnostn\u00fd rozvoj s princ\u00edpmi T\u010cM\",\"publisher\":{\"@id\":\"https:\/\/tatianajelinek.com\/#organization\"},\"potentialAction\":[{\"@type\":\"SearchAction\",\"target\":{\"@type\":\"EntryPoint\",\"urlTemplate\":\"https:\/\/tatianajelinek.com\/?s={search_term_string}\"},\"query-input\":{\"@type\":\"PropertyValueSpecification\",\"valueRequired\":true,\"valueName\":\"search_term_string\"}}],\"inLanguage\":\"sk-SK\"},{\"@type\":\"Organization\",\"@id\":\"https:\/\/tatianajelinek.com\/#organization\",\"name\":\"tatianajelinek.com\",\"url\":\"https:\/\/tatianajelinek.com\/\",\"logo\":{\"@type\":\"ImageObject\",\"inLanguage\":\"sk-SK\",\"@id\":\"https:\/\/tatianajelinek.com\/#\/schema\/logo\/image\/\",\"url\":\"https:\/\/d.r4.wbsprt.com\/tatianajelinek.com\/wp-content\/uploads\/2020\/02\/Tanicka-Jelinek-logo-na-web-1.png\",\"contentUrl\":\"https:\/\/d.r4.wbsprt.com\/tatianajelinek.com\/wp-content\/uploads\/2020\/02\/Tanicka-Jelinek-logo-na-web-1.png\",\"width\":360,\"height\":120,\"caption\":\"tatianajelinek.com\"},\"image\":{\"@id\":\"https:\/\/tatianajelinek.com\/#\/schema\/logo\/image\/\"}}]}<\/script>\n<!-- \/ Yoast SEO plugin. -->","yoast_head_json":{"title":"Uplatnenie dar\u010dekov\u00e9ho poukazu - individu\u00e1lne sedenie - tatianajelinek.com","robots":{"index":"index","follow":"follow","max-snippet":"max-snippet:-1","max-image-preview":"max-image-preview:large","max-video-preview":"max-video-preview:-1"},"canonical":"https:\/\/tatianajelinek.com\/uplatnenie-darcekoveho-poukazu-individualne-sedenie\/","og_locale":"sk_SK","og_type":"article","og_title":"Uplatnenie dar\u010dekov\u00e9ho poukazu - individu\u00e1lne sedenie - tatianajelinek.com","og_description":"Uplatnenie dar\u010dekov\u00e9ho poukazu Na uplatnenie dar\u010dekov\u00e9ho poukazu a zabookovanie individu\u00e1lneho sedenia, vypl\u0148te pros\u00edm tento formul\u00e1r. N\u00e1sledne V\u00e1m v\u0161etky inform\u00e1cie a postup k zabookovaniu pr\u00eddu do v\u00e1\u0161ho e-mailu, ktor\u00e9 vypln\u00edte ni\u017e\u0161ie vo formul\u00e1ri.","og_url":"https:\/\/tatianajelinek.com\/uplatnenie-darcekoveho-poukazu-individualne-sedenie\/","og_site_name":"tatianajelinek.com","article_modified_time":"2025-11-26T11:48:32+00:00","twitter_card":"summary_large_image","twitter_misc":{"Predpokladan\u00fd \u010das \u010d\u00edtania":"1 min\u00fata"},"schema":{"@context":"https:\/\/schema.org","@graph":[{"@type":"WebPage","@id":"https:\/\/tatianajelinek.com\/uplatnenie-darcekoveho-poukazu-individualne-sedenie\/","url":"https:\/\/tatianajelinek.com\/uplatnenie-darcekoveho-poukazu-individualne-sedenie\/","name":"Uplatnenie dar\u010dekov\u00e9ho poukazu - individu\u00e1lne sedenie - tatianajelinek.com","isPartOf":{"@id":"https:\/\/tatianajelinek.com\/#website"},"datePublished":"2025-11-26T11:38:39+00:00","dateModified":"2025-11-26T11:48:32+00:00","breadcrumb":{"@id":"https:\/\/tatianajelinek.com\/uplatnenie-darcekoveho-poukazu-individualne-sedenie\/#breadcrumb"},"inLanguage":"sk-SK","potentialAction":[{"@type":"ReadAction","target":["https:\/\/tatianajelinek.com\/uplatnenie-darcekoveho-poukazu-individualne-sedenie\/"]}]},{"@type":"BreadcrumbList","@id":"https:\/\/tatianajelinek.com\/uplatnenie-darcekoveho-poukazu-individualne-sedenie\/#breadcrumb","itemListElement":[{"@type":"ListItem","position":1,"name":"Home","item":"https:\/\/tatianajelinek.com\/"},{"@type":"ListItem","position":2,"name":"Uplatnenie dar\u010dekov\u00e9ho poukazu &#8211; individu\u00e1lne sedenie"}]},{"@type":"WebSite","@id":"https:\/\/tatianajelinek.com\/#website","url":"https:\/\/tatianajelinek.com\/","name":"tatianajelinek.com","description":"Osobnostn\u00fd rozvoj s princ\u00edpmi T\u010cM","publisher":{"@id":"https:\/\/tatianajelinek.com\/#organization"},"potentialAction":[{"@type":"SearchAction","target":{"@type":"EntryPoint","urlTemplate":"https:\/\/tatianajelinek.com\/?s={search_term_string}"},"query-input":{"@type":"PropertyValueSpecification","valueRequired":true,"valueName":"search_term_string"}}],"inLanguage":"sk-SK"},{"@type":"Organization","@id":"https:\/\/tatianajelinek.com\/#organization","name":"tatianajelinek.com","url":"https:\/\/tatianajelinek.com\/","logo":{"@type":"ImageObject","inLanguage":"sk-SK","@id":"https:\/\/tatianajelinek.com\/#\/schema\/logo\/image\/","url":"https:\/\/d.r4.wbsprt.com\/tatianajelinek.com\/wp-content\/uploads\/2020\/02\/Tanicka-Jelinek-logo-na-web-1.png","contentUrl":"https:\/\/d.r4.wbsprt.com\/tatianajelinek.com\/wp-content\/uploads\/2020\/02\/Tanicka-Jelinek-logo-na-web-1.png","width":360,"height":120,"caption":"tatianajelinek.com"},"image":{"@id":"https:\/\/tatianajelinek.com\/#\/schema\/logo\/image\/"}}]}},"uagb_featured_image_src":{"full":false,"thumbnail":false,"medium":false,"medium_large":false,"large":false,"1536x1536":false,"2048x2048":false},"uagb_author_info":{"display_name":"tatianajelinek","author_link":"https:\/\/d.r4.wbsprt.com\/tatianajelinek.com\/author\/tatianajelinek\/"},"uagb_comment_info":0,"uagb_excerpt":"Uplatnenie dar\u010dekov\u00e9ho poukazu Na uplatnenie dar\u010dekov\u00e9ho poukazu a zabookovanie individu\u00e1lneho sedenia, vypl\u0148te pros\u00edm tento formul\u00e1r. N\u00e1sledne V\u00e1m v\u0161etky inform\u00e1cie a postup k zabookovaniu pr\u00eddu do v\u00e1\u0161ho e-mailu, ktor\u00e9 vypln\u00edte ni\u017e\u0161ie vo formul\u00e1ri.","_links":{"self":[{"href":"https:\/\/d.r4.wbsprt.com\/tatianajelinek.com\/wp-json\/wp\/v2\/pages\/3864","targetHints":{"allow":["GET"]}}],"collection":[{"href":"https:\/\/d.r4.wbsprt.com\/tatianajelinek.com\/wp-json\/wp\/v2\/pages"}],"about":[{"href":"https:\/\/d.r4.wbsprt.com\/tatianajelinek.com\/wp-json\/wp\/v2\/types\/page"}],"author":[{"embeddable":true,"href":"https:\/\/d.r4.wbsprt.com\/tatianajelinek.com\/wp-json\/wp\/v2\/users\/1"}],"replies":[{"embeddable":true,"href":"https:\/\/d.r4.wbsprt.com\/tatianajelinek.com\/wp-json\/wp\/v2\/comments?post=3864"}],"version-history":[{"count":6,"href":"https:\/\/d.r4.wbsprt.com\/tatianajelinek.com\/wp-json\/wp\/v2\/pages\/3864\/revisions"}],"predecessor-version":[{"id":3871,"href":"https:\/\/d.r4.wbsprt.com\/tatianajelinek.com\/wp-json\/wp\/v2\/pages\/3864\/revisions\/3871"}],"wp:attachment":[{"href":"https:\/\/d.r4.wbsprt.com\/tatianajelinek.com\/wp-json\/wp\/v2\/media?parent=3864"}],"curies":[{"name":"wp","href":"https:\/\/api.w.org\/{rel}","templated":true}]}}